{"id":12013,"date":"2026-01-28T10:39:16","date_gmt":"2026-01-28T10:39:16","guid":{"rendered":"https:\/\/tegelpartner.com\/?post_type=product&#038;p=12013"},"modified":"2026-01-28T11:19:24","modified_gmt":"2026-01-28T11:19:24","slug":"srebro-reddella-kopie","status":"publish","type":"product","link":"https:\/\/tegelpartner.com\/pl\/produkt\/srebro-reddella-kopie\/","title":{"rendered":"Srebro Reddella (kopie)"},"content":{"rendered":"<p data-start=\"55\" data-end=\"136\"><strong data-start=\"55\" data-end=\"136\">Srebro Reddella \u2013 Subtelna elegancja od Tegelpartner<\/strong><\/p>\n<p data-start=\"138\" data-end=\"414\">Reddell Silver to wysokiej jako\u015bci p\u0142ytka porcelanowa o wyrafinowanym wygl\u0105dzie naturalnego kamienia w stonowanych, srebrzysto-szarych odcieniach. Jej stonowany kolor i subtelna faktura tworz\u0105 spokojn\u0105 i stylow\u0105 podstaw\u0119 ka\u017cdej przestrzeni, idealnie uzupe\u0142niaj\u0105c zar\u00f3wno nowoczesne, jak i klasyczne wn\u0119trza. <\/p>\n<p data-start=\"416\" data-end=\"799\">P\u0142ytka nadaje si\u0119 zar\u00f3wno do stosowania na \u015bcianach, jak i na pod\u0142ogach i jest dostarczana osobno. Rektyfikowane kraw\u0119dzie pozwalaj\u0105 na uzyskanie wyj\u0105tkowo czystych spoin, co przyczynia si\u0119 do harmonijnego i wyrafinowanego wygl\u0105du. Ponadto, p\u0142ytka Reddell Silver jest mrozoodporna, dzi\u0119ki czemu idealnie nadaje si\u0119 zar\u00f3wno do wn\u0119trz, jak i na zewn\u0105trz \u2013 takich jak \u0142azienki, salony, kuchnie czy tarasy.  <\/p>\n<h3 data-start=\"801\" data-end=\"855\">Tw\u00f3j styl, nasza specjalno\u015b\u0107 \u2013 r\u00f3wnie\u017c w projektowaniu na zam\u00f3wienie<\/h3>\n<p data-start=\"857\" data-end=\"1298\">W Tegelpartner wszystko kr\u0119ci si\u0119 wok\u00f3\u0142 personalizacji i osobowo\u015bci.<br data-start=\"918\" data-end=\"921\">Podoba Ci si\u0119 jako\u015b\u0107 i konkurencyjna cena tych p\u0142ytek, ale szukasz innego odcienia, faktury lub unikalnego wzoru?<br data-start=\"1037\" data-end=\"1040\">Oferujemy r\u00f3wnie\u017c niestandardowe nadruki i rozwi\u0105zania na zam\u00f3wienie. Pomy\u015bl o niestandardowym odcieniu, subtelnym wzorze lub ca\u0142kowicie spersonalizowanym projekcie, kt\u00f3ry idealnie dopasuje si\u0119 do Twoich potrzeb aran\u017cacyjnych. Aby uzyska\u0107 wi\u0119cej informacji, napisz na adres <a class=\"decorated-link cursor-pointer\" rel=\"noopener\" data-start=\"1274\" data-end=\"1295\">info@tegelpartner.com<\/a>.  <\/p>\n<p data-start=\"1300\" data-end=\"1538\">Uwaga:<br data-start=\"1311\" data-end=\"1314\">Pozosta\u0142ych p\u0142ytek nie mo\u017cna zwr\u00f3ci\u0107. Kolor p\u0142ytki na zdj\u0119ciu mo\u017ce nieznacznie r\u00f3\u017cni\u0107 si\u0119 od rzeczywistego.  Zalecamy zachowanie pewnej ilo\u015bci p\u0142ytek w celu ich p\u00f3\u017aniejszej wymiany lub naprawy.<\/p>\n","protected":false},"excerpt":{"rendered":"<p data-start=\"1549\" data-end=\"1675\">Reddell Silver to p\u0142ytka porcelanowa o delikatnym, srebrzysto-szarym wygl\u0105dzie naturalnego kamienia \u2013 elegancki wyb\u00f3r do ka\u017cdego wn\u0119trza.<\/p>\n","protected":false},"featured_media":12019,"comment_status":"open","ping_status":"closed","template":"","meta":[],"product_brand":[],"product_cat":[97],"product_tag":[],"class_list":{"0":"post-12013","1":"product","2":"type-product","3":"status-publish","4":"has-post-thumbnail","6":"product_cat-plytki","8":"first","9":"instock","10":"taxable","11":"shipping-taxable","12":"purchasable","13":"product-type-simple"},"_links":{"self":[{"href":"https:\/\/tegelpartner.com\/pl\/wp-json\/wp\/v2\/product\/12013","targetHints":{"allow":["GET"]}}],"collection":[{"href":"https:\/\/tegelpartner.com\/pl\/wp-json\/wp\/v2\/product"}],"about":[{"href":"https:\/\/tegelpartner.com\/pl\/wp-json\/wp\/v2\/types\/product"}],"replies":[{"embeddable":true,"href":"https:\/\/tegelpartner.com\/pl\/wp-json\/wp\/v2\/comments?post=12013"}],"wp:featuredmedia":[{"embeddable":true,"href":"https:\/\/tegelpartner.com\/pl\/wp-json\/wp\/v2\/media\/12019"}],"wp:attachment":[{"href":"https:\/\/tegelpartner.com\/pl\/wp-json\/wp\/v2\/media?parent=12013"}],"wp:term":[{"taxonomy":"product_brand","embeddable":true,"href":"https:\/\/tegelpartner.com\/pl\/wp-json\/wp\/v2\/product_brand?post=12013"},{"taxonomy":"product_cat","embeddable":true,"href":"https:\/\/tegelpartner.com\/pl\/wp-json\/wp\/v2\/product_cat?post=12013"},{"taxonomy":"product_tag","embeddable":true,"href":"https:\/\/tegelpartner.com\/pl\/wp-json\/wp\/v2\/product_tag?post=12013"}],"curies":[{"name":"wp","href":"https:\/\/api.w.org\/{rel}","templated":true}]}}