{"id":11555,"date":"2026-01-02T10:49:59","date_gmt":"2026-01-02T10:49:59","guid":{"rendered":"https:\/\/tegelpartner.com\/?post_type=product&#038;p=11555"},"modified":"2026-01-02T19:12:04","modified_gmt":"2026-01-02T19:12:04","slug":"breccia-marino-naturel-kopie-kopie-kopie-kopie-kopie-kopie-kopie-kopie-kopie-kopie-kopie-kopie-kopie-kopie-kopie-kopie-kopie-kopie","status":"publish","type":"product","link":"https:\/\/tegelpartner.com\/pl\/produkt\/breccia-marino-naturel-kopie-kopie-kopie-kopie-kopie-kopie-kopie-kopie-kopie-kopie-kopie-kopie-kopie-kopie-kopie-kopie-kopie-kopie\/","title":{"rendered":"Mied\u017a Rusto"},"content":{"rendered":"<p data-start=\"55\" data-end=\"142\"><strong data-start=\"55\" data-end=\"142\">Rusto Copper \u2013 ciep\u0142a, pe\u0142na charakteru p\u0142ytka od Tegelpartner<\/strong><\/p>\n<p data-start=\"144\" data-end=\"451\">Rusto Copper to p\u0142ytka porcelanowa o bogatym, ciep\u0142ym wygl\u0105dzie, w odcieniach miedzi i ziemi. Wyraziste zestawienia kolorystyczne i subtelna faktura nadaj\u0105 ka\u017cdemu pomieszczeniu ciep\u0142\u0105, przyjazn\u0105 atmosfer\u0119 i stanowi\u0105 wyrazist\u0105 baz\u0119, kt\u00f3ra doskonale uzupe\u0142nia zar\u00f3wno nowoczesne, jak i klasyczne wn\u0119trza. <\/p>\n<p data-start=\"453\" data-end=\"833\">P\u0142ytka nadaje si\u0119 zar\u00f3wno do stosowania na \u015bcianach, jak i na pod\u0142ogach i jest dostarczana osobno. Rektyfikowane kraw\u0119dzie pozwalaj\u0105 na uzyskanie wyj\u0105tkowo czystych spoin, co przyczynia si\u0119 do eleganckiego i harmonijnego wygl\u0105du. Co wi\u0119cej, Rusto Copper jest mrozoodporny, dzi\u0119ki czemu idealnie nadaje si\u0119 zar\u00f3wno do wn\u0119trz, jak i na zewn\u0105trz \u2013 takich jak \u0142azienki, salony, kuchnie czy tarasy.  <\/p>\n<h3 data-start=\"835\" data-end=\"889\">Tw\u00f3j styl, nasza specjalno\u015b\u0107 \u2013 r\u00f3wnie\u017c w projektowaniu na zam\u00f3wienie<\/h3>\n<p data-start=\"891\" data-end=\"1331\">Bij Tegelpartner draait alles om maatwerk en persoonlijkheid.<br data-start=\"952\" data-end=\"955\">Spreekt de kwaliteit en scherpe prijs van deze tegel u aan, maar zoekt u een andere tint, textuur of uniek design?<br data-start=\"1069\" data-end=\"1072\">Wij bieden ook <strong data-start=\"1087\" data-end=\"1127\">custom prints en maatwerkoplossingen<\/strong> aan. Denk aan een aangepaste kleurvariant, subtiel patroon of een volledig gepersonaliseerd ontwerp dat perfect aansluit bij uw interieurwensen. Voor meer informatie, mail naar <strong data-start=\"1305\" data-end=\"1330\"><a class=\"decorated-link cursor-pointer\" rel=\"noopener\" data-start=\"1307\" data-end=\"1328\">info@tegelpartner.com<\/a><\/strong>.  <\/p>\n<p data-start=\"1333\" data-end=\"1570\">Uwaga:<br data-start=\"1344\" data-end=\"1347\">Nie mo\u017cna zwr\u00f3ci\u0107 pozosta\u0142ych p\u0142ytek. Kolor p\u0142ytki na zdj\u0119ciu mo\u017ce nieznacznie r\u00f3\u017cni\u0107 si\u0119 od rzeczywistego.  Zalecamy zachowanie pewnej ilo\u015bci p\u0142ytek w celu ich p\u00f3\u017aniejszej wymiany lub naprawy.<\/p>\n","protected":false},"excerpt":{"rendered":"<p data-start=\"1549\" data-end=\"1675\">Rusto Copper to p\u0142ytka porcelanowa o ciep\u0142ym, miedziano-czerwonym wygl\u0105dzie naturalnego kamienia \u2014 pe\u0142en charakteru wyb\u00f3r do ka\u017cdego wn\u0119trza.<\/p>\n","protected":false},"featured_media":11879,"comment_status":"open","ping_status":"closed","template":"","meta":[],"product_brand":[],"product_cat":[97],"product_tag":[],"class_list":{"0":"post-11555","1":"product","2":"type-product","3":"status-publish","4":"has-post-thumbnail","6":"product_cat-plytki","8":"first","9":"instock","10":"taxable","11":"shipping-taxable","12":"purchasable","13":"product-type-simple"},"_links":{"self":[{"href":"https:\/\/tegelpartner.com\/pl\/wp-json\/wp\/v2\/product\/11555","targetHints":{"allow":["GET"]}}],"collection":[{"href":"https:\/\/tegelpartner.com\/pl\/wp-json\/wp\/v2\/product"}],"about":[{"href":"https:\/\/tegelpartner.com\/pl\/wp-json\/wp\/v2\/types\/product"}],"replies":[{"embeddable":true,"href":"https:\/\/tegelpartner.com\/pl\/wp-json\/wp\/v2\/comments?post=11555"}],"wp:featuredmedia":[{"embeddable":true,"href":"https:\/\/tegelpartner.com\/pl\/wp-json\/wp\/v2\/media\/11879"}],"wp:attachment":[{"href":"https:\/\/tegelpartner.com\/pl\/wp-json\/wp\/v2\/media?parent=11555"}],"wp:term":[{"taxonomy":"product_brand","embeddable":true,"href":"https:\/\/tegelpartner.com\/pl\/wp-json\/wp\/v2\/product_brand?post=11555"},{"taxonomy":"product_cat","embeddable":true,"href":"https:\/\/tegelpartner.com\/pl\/wp-json\/wp\/v2\/product_cat?post=11555"},{"taxonomy":"product_tag","embeddable":true,"href":"https:\/\/tegelpartner.com\/pl\/wp-json\/wp\/v2\/product_tag?post=11555"}],"curies":[{"name":"wp","href":"https:\/\/api.w.org\/{rel}","templated":true}]}}