{"id":11471,"date":"2026-01-02T10:39:05","date_gmt":"2026-01-02T10:39:05","guid":{"rendered":"https:\/\/tegelpartner.com\/?post_type=product&#038;p=11471"},"modified":"2026-01-02T20:00:23","modified_gmt":"2026-01-02T20:00:23","slug":"breccia-marino-naturel-kopie-kopie-kopie-kopie-kopie-kopie-kopie-kopie-kopie-kopie-kopie-kopie","status":"publish","type":"product","link":"https:\/\/tegelpartner.com\/pl\/produkt\/breccia-marino-naturel-kopie-kopie-kopie-kopie-kopie-kopie-kopie-kopie-kopie-kopie-kopie-kopie\/","title":{"rendered":"Nicolas Nero"},"content":{"rendered":"<p data-start=\"149\" data-end=\"435\">Nicolas Nero to wysokiej jako\u015bci p\u0142ytka porcelanowa o wyrafinowanym wygl\u0105dzie naturalnego kamienia w intensywnych, g\u0142\u0119bokich odcieniach czerni i szaro\u015bci. Jej \u017cywy kolor i subtelna faktura tworz\u0105 stylow\u0105, luksusow\u0105 podstaw\u0119 dla ka\u017cdej przestrzeni, idealnie uzupe\u0142niaj\u0105c nowoczesne, minimalistyczne i klasyczne wn\u0119trza. <\/p>\n<p data-start=\"437\" data-end=\"817\">P\u0142ytka nadaje si\u0119 zar\u00f3wno na \u015bciany, jak i na pod\u0142ogi i jest dostarczana osobno. Rektyfikowane kraw\u0119dzie pozwalaj\u0105 na uzyskanie wyj\u0105tkowo czystych spoin, co przyczynia si\u0119 do eleganckiego i harmonijnego wygl\u0105du. Co wi\u0119cej, Nicolas Nero jest mrozoodporny, dzi\u0119ki czemu idealnie nadaje si\u0119 zar\u00f3wno do wn\u0119trz, jak i na zewn\u0105trz \u2013 takich jak \u0142azienki, salony, kuchnie czy tarasy.  <\/p>\n<h3 data-start=\"819\" data-end=\"873\">Tw\u00f3j styl, nasza specjalno\u015b\u0107 \u2013 r\u00f3wnie\u017c w projektowaniu na zam\u00f3wienie<\/h3>\n<p data-start=\"875\" data-end=\"1315\">W Tegelpartner wszystko kr\u0119ci si\u0119 wok\u00f3\u0142 personalizacji i osobowo\u015bci.<br data-start=\"936\" data-end=\"939\">Podoba Ci si\u0119 jako\u015b\u0107 i konkurencyjna cena tych p\u0142ytek, ale szukasz innego odcienia, faktury lub unikalnego wzoru?<br data-start=\"1053\" data-end=\"1056\">Oferujemy r\u00f3wnie\u017c niestandardowe nadruki i rozwi\u0105zania na zam\u00f3wienie. Pomy\u015bl o niestandardowej wariacji kolorystycznej, subtelnym wzorze lub ca\u0142kowicie spersonalizowanym projekcie, kt\u00f3ry idealnie dopasuje si\u0119 do Twoich potrzeb aran\u017cacyjnych. Aby uzyska\u0107 wi\u0119cej informacji, napisz na adres <a class=\"decorated-link cursor-pointer\" rel=\"noopener\" data-start=\"1291\" data-end=\"1312\">info@tegelpartner.com<\/a>.  <\/p>\n<p data-start=\"1317\" data-end=\"1559\">Uwaga:<br data-start=\"1328\" data-end=\"1331\">Pozosta\u0142ych p\u0142ytek nie mo\u017cna zwr\u00f3ci\u0107. Kolor p\u0142ytki na zdj\u0119ciu mo\u017ce nieznacznie r\u00f3\u017cni\u0107 si\u0119 od rzeczywistego.  Zalecamy zachowanie pewnej ilo\u015bci p\u0142ytek w celu ich p\u00f3\u017aniejszej wymiany lub naprawy.<\/p>\n","protected":false},"excerpt":{"rendered":"<p data-start=\"1579\" data-end=\"1723\">Nicolas Nero to p\u0142ytka porcelanowa o intensywnym czarno-szarym wygl\u0105dzie naturalnego kamienia \u2013 luksusowy wyb\u00f3r do nowoczesnych i stylowych wn\u0119trz.<\/p>\n<p data-start=\"1725\" data-end=\"1966\" data-is-last-node=\"\" data-is-only-node=\"\">\n","protected":false},"featured_media":11915,"comment_status":"open","ping_status":"closed","template":"","meta":[],"product_brand":[],"product_cat":[97],"product_tag":[],"class_list":{"0":"post-11471","1":"product","2":"type-product","3":"status-publish","4":"has-post-thumbnail","6":"product_cat-plytki","8":"first","9":"instock","10":"taxable","11":"shipping-taxable","12":"purchasable","13":"product-type-simple"},"_links":{"self":[{"href":"https:\/\/tegelpartner.com\/pl\/wp-json\/wp\/v2\/product\/11471","targetHints":{"allow":["GET"]}}],"collection":[{"href":"https:\/\/tegelpartner.com\/pl\/wp-json\/wp\/v2\/product"}],"about":[{"href":"https:\/\/tegelpartner.com\/pl\/wp-json\/wp\/v2\/types\/product"}],"replies":[{"embeddable":true,"href":"https:\/\/tegelpartner.com\/pl\/wp-json\/wp\/v2\/comments?post=11471"}],"wp:featuredmedia":[{"embeddable":true,"href":"https:\/\/tegelpartner.com\/pl\/wp-json\/wp\/v2\/media\/11915"}],"wp:attachment":[{"href":"https:\/\/tegelpartner.com\/pl\/wp-json\/wp\/v2\/media?parent=11471"}],"wp:term":[{"taxonomy":"product_brand","embeddable":true,"href":"https:\/\/tegelpartner.com\/pl\/wp-json\/wp\/v2\/product_brand?post=11471"},{"taxonomy":"product_cat","embeddable":true,"href":"https:\/\/tegelpartner.com\/pl\/wp-json\/wp\/v2\/product_cat?post=11471"},{"taxonomy":"product_tag","embeddable":true,"href":"https:\/\/tegelpartner.com\/pl\/wp-json\/wp\/v2\/product_tag?post=11471"}],"curies":[{"name":"wp","href":"https:\/\/api.w.org\/{rel}","templated":true}]}}