{"id":11456,"date":"2026-01-02T10:37:44","date_gmt":"2026-01-02T10:37:44","guid":{"rendered":"https:\/\/tegelpartner.com\/?post_type=product&#038;p=11456"},"modified":"2026-01-02T20:01:47","modified_gmt":"2026-01-02T20:01:47","slug":"breccia-marino-naturel-kopie-kopie-kopie-kopie-kopie-kopie-kopie-kopie-kopie-kopie-kopie","status":"publish","type":"product","link":"https:\/\/tegelpartner.com\/pl\/produkt\/breccia-marino-naturel-kopie-kopie-kopie-kopie-kopie-kopie-kopie-kopie-kopie-kopie-kopie\/","title":{"rendered":"Nicolas Crema"},"content":{"rendered":"<p data-start=\"150\" data-end=\"425\">Nicolas Crema to wysokiej jako\u015bci p\u0142ytka porcelanowa o wyrafinowanym wygl\u0105dzie naturalnego kamienia w ciep\u0142ych, kremowych odcieniach. Jej delikatny kolor i subtelna faktura nadaj\u0105 ka\u017cdemu pomieszczeniu stylowy i komfortowy charakter, kt\u00f3ry doskonale komponuje si\u0119 zar\u00f3wno z nowoczesnymi, jak i klasycznymi wn\u0119trzami. <\/p>\n<p data-start=\"427\" data-end=\"810\">P\u0142ytka nadaje si\u0119 zar\u00f3wno na \u015bciany, jak i na pod\u0142ogi i jest dostarczana osobno. Rektyfikowane kraw\u0119dzie pozwalaj\u0105 na uzyskanie wyj\u0105tkowo czystych spoin, co przyczynia si\u0119 do eleganckiego i sp\u00f3jnego wygl\u0105du. Co wi\u0119cej, Nicolas Crema jest mrozoodporna, dzi\u0119ki czemu idealnie nadaje si\u0119 zar\u00f3wno do wn\u0119trz, jak i na zewn\u0105trz \u2013 takich jak \u0142azienki, salony, kuchnie czy tarasy.  <\/p>\n<h3 data-start=\"812\" data-end=\"866\">Tw\u00f3j styl, nasza specjalno\u015b\u0107 \u2013 r\u00f3wnie\u017c w projektowaniu na zam\u00f3wienie<\/h3>\n<p data-start=\"868\" data-end=\"1307\">W Tegelpartner wszystko kr\u0119ci si\u0119 wok\u00f3\u0142 personalizacji i osobowo\u015bci.<br data-start=\"929\" data-end=\"932\">Podoba Ci si\u0119 jako\u015b\u0107 i konkurencyjna cena tych p\u0142ytek, ale szukasz innego odcienia, faktury lub unikalnego wzoru?<br data-start=\"1046\" data-end=\"1049\">Oferujemy r\u00f3wnie\u017c niestandardowe nadruki i rozwi\u0105zania na zam\u00f3wienie. Pomy\u015bl o niestandardowym odcieniu, subtelnym wzorze lub ca\u0142kowicie spersonalizowanym projekcie, kt\u00f3ry idealnie dopasuje si\u0119 do Twoich potrzeb aran\u017cacyjnych. Aby uzyska\u0107 wi\u0119cej informacji, napisz na adres <a class=\"decorated-link cursor-pointer\" rel=\"noopener\" data-start=\"1283\" data-end=\"1304\">info@tegelpartner.com<\/a>.  <\/p>\n<p data-start=\"1309\" data-end=\"1550\">Uwaga:<br data-start=\"1320\" data-end=\"1323\">Nie mo\u017cna zwr\u00f3ci\u0107 pozosta\u0142ych p\u0142ytek. Kolor p\u0142ytki na zdj\u0119ciu mo\u017ce nieznacznie r\u00f3\u017cni\u0107 si\u0119 od rzeczywistego.  Zalecamy zachowanie pewnej ilo\u015bci p\u0142ytek w celu ich p\u00f3\u017aniejszej wymiany lub naprawy.<\/p>\n","protected":false},"excerpt":{"rendered":"<p data-start=\"1605\" data-end=\"1755\">Nicolas Crema to p\u0142ytka porcelanowa o ciep\u0142ym kremowym odcieniu i eleganckim wygl\u0105dzie naturalnego kamienia \u2013 ponadczasowy wyb\u00f3r do ka\u017cdego wn\u0119trza.<\/p>\n","protected":false},"featured_media":11921,"comment_status":"open","ping_status":"closed","template":"","meta":[],"product_brand":[],"product_cat":[97],"product_tag":[],"class_list":{"0":"post-11456","1":"product","2":"type-product","3":"status-publish","4":"has-post-thumbnail","6":"product_cat-plytki","8":"first","9":"instock","10":"taxable","11":"shipping-taxable","12":"purchasable","13":"product-type-simple"},"_links":{"self":[{"href":"https:\/\/tegelpartner.com\/pl\/wp-json\/wp\/v2\/product\/11456","targetHints":{"allow":["GET"]}}],"collection":[{"href":"https:\/\/tegelpartner.com\/pl\/wp-json\/wp\/v2\/product"}],"about":[{"href":"https:\/\/tegelpartner.com\/pl\/wp-json\/wp\/v2\/types\/product"}],"replies":[{"embeddable":true,"href":"https:\/\/tegelpartner.com\/pl\/wp-json\/wp\/v2\/comments?post=11456"}],"wp:featuredmedia":[{"embeddable":true,"href":"https:\/\/tegelpartner.com\/pl\/wp-json\/wp\/v2\/media\/11921"}],"wp:attachment":[{"href":"https:\/\/tegelpartner.com\/pl\/wp-json\/wp\/v2\/media?parent=11456"}],"wp:term":[{"taxonomy":"product_brand","embeddable":true,"href":"https:\/\/tegelpartner.com\/pl\/wp-json\/wp\/v2\/product_brand?post=11456"},{"taxonomy":"product_cat","embeddable":true,"href":"https:\/\/tegelpartner.com\/pl\/wp-json\/wp\/v2\/product_cat?post=11456"},{"taxonomy":"product_tag","embeddable":true,"href":"https:\/\/tegelpartner.com\/pl\/wp-json\/wp\/v2\/product_tag?post=11456"}],"curies":[{"name":"wp","href":"https:\/\/api.w.org\/{rel}","templated":true}]}}