{"id":11414,"date":"2026-01-02T10:33:26","date_gmt":"2026-01-02T10:33:26","guid":{"rendered":"https:\/\/tegelpartner.com\/?post_type=product&#038;p=11414"},"modified":"2026-01-02T20:17:00","modified_gmt":"2026-01-02T20:17:00","slug":"breccia-marino-naturel-kopie-kopie-kopie-kopie-kopie-kopie-kopie-kopie","status":"publish","type":"product","link":"https:\/\/tegelpartner.com\/pl\/produkt\/breccia-marino-naturel-kopie-kopie-kopie-kopie-kopie-kopie-kopie-kopie\/","title":{"rendered":"Moka Grey"},"content":{"rendered":"<p data-start=\"55\" data-end=\"127\"><strong data-start=\"55\" data-end=\"127\">Moka Grey \u2013 ponadczasowy styl od Tegelpartner<\/strong><\/p>\n<p data-start=\"129\" data-end=\"412\">Moka Grey to elegancka p\u0142ytka porcelanowa o wyrafinowanym wygl\u0105dzie naturalnego kamienia w ciep\u0142ych odcieniach szaro\u015bci.<br \/>\nSpokojny, a zarazem wyrazisty kolor i subtelna faktura tworz\u0105 stylow\u0105 i zach\u0119caj\u0105c\u0105 podstaw\u0119 dla ka\u017cdej przestrzeni, doskonale uzupe\u0142niaj\u0105c zar\u00f3wno nowoczesne, jak i klasyczne wn\u0119trza.<\/p>\n<p data-start=\"414\" data-end=\"808\">P\u0142ytka nadaje si\u0119 zar\u00f3wno na \u015bciany, jak i na pod\u0142ogi i jest dostarczana osobno. Rektyfikowane kraw\u0119dzie pozwalaj\u0105 na uzyskanie wyj\u0105tkowo czystych spoin, co przek\u0142ada si\u0119 na harmonijny i wysokiej jako\u015bci efekt. Ponadto, p\u0142ytka Moka Grey jest mrozoodporna, dzi\u0119ki czemu idealnie nadaje si\u0119 do stosowania zar\u00f3wno wewn\u0105trz, jak i na zewn\u0105trz \u2013 w \u0142azienkach, salonach, kuchniach czy na tarasach.  <\/p>\n<h3 data-start=\"810\" data-end=\"864\">Tw\u00f3j styl, nasza specjalno\u015b\u0107 \u2013 r\u00f3wnie\u017c w projektowaniu na zam\u00f3wienie<\/h3>\n<p data-start=\"866\" data-end=\"1313\">W Tegelpartner wszystko kr\u0119ci si\u0119 wok\u00f3\u0142 personalizacji i osobowo\u015bci.<br data-start=\"927\" data-end=\"930\">Podoba Ci si\u0119 jako\u015b\u0107 i konkurencyjna cena tych p\u0142ytek, ale szukasz innego odcienia, faktury lub unikalnego wzoru?<br data-start=\"1046\" data-end=\"1049\">Oferujemy r\u00f3wnie\u017c niestandardowe nadruki i rozwi\u0105zania na zam\u00f3wienie. Pomy\u015bl o niestandardowym odcieniu, unikalnej fakturze lub ca\u0142kowicie spersonalizowanym projekcie, kt\u00f3ry idealnie dopasuje si\u0119 do Twoich potrzeb aran\u017cacyjnych. Aby uzyska\u0107 wi\u0119cej informacji, napisz na adres <a class=\"decorated-link cursor-pointer\" rel=\"noopener\" data-start=\"1289\" data-end=\"1310\">info@tegelpartner.com<\/a>.  <\/p>\n<p data-start=\"1315\" data-end=\"1552\">Uwaga:<br data-start=\"1326\" data-end=\"1329\">Nie mo\u017cna zwr\u00f3ci\u0107 pozosta\u0142ych p\u0142ytek. Kolor p\u0142ytki na zdj\u0119ciu mo\u017ce nieznacznie r\u00f3\u017cni\u0107 si\u0119 od rzeczywistego.  Zalecamy zachowanie pewnej ilo\u015bci p\u0142ytek w celu ich p\u00f3\u017aniejszej wymiany lub naprawy.<\/p>\n","protected":false},"excerpt":{"rendered":"<p data-start=\"1605\" data-end=\"1755\">Moka Grey to p\u0142ytka porcelanowa o wyrafinowanym wygl\u0105dzie naturalnego kamienia w ciep\u0142ych odcieniach szaro\u015bci \u2013 ponadczasowy wyb\u00f3r do ka\u017cdego wn\u0119trza.<\/p>\n","protected":false},"featured_media":11939,"comment_status":"open","ping_status":"closed","template":"","meta":[],"product_brand":[],"product_cat":[97],"product_tag":[],"class_list":{"0":"post-11414","1":"product","2":"type-product","3":"status-publish","4":"has-post-thumbnail","6":"product_cat-plytki","8":"first","9":"instock","10":"taxable","11":"shipping-taxable","12":"purchasable","13":"product-type-simple"},"_links":{"self":[{"href":"https:\/\/tegelpartner.com\/pl\/wp-json\/wp\/v2\/product\/11414","targetHints":{"allow":["GET"]}}],"collection":[{"href":"https:\/\/tegelpartner.com\/pl\/wp-json\/wp\/v2\/product"}],"about":[{"href":"https:\/\/tegelpartner.com\/pl\/wp-json\/wp\/v2\/types\/product"}],"replies":[{"embeddable":true,"href":"https:\/\/tegelpartner.com\/pl\/wp-json\/wp\/v2\/comments?post=11414"}],"wp:featuredmedia":[{"embeddable":true,"href":"https:\/\/tegelpartner.com\/pl\/wp-json\/wp\/v2\/media\/11939"}],"wp:attachment":[{"href":"https:\/\/tegelpartner.com\/pl\/wp-json\/wp\/v2\/media?parent=11414"}],"wp:term":[{"taxonomy":"product_brand","embeddable":true,"href":"https:\/\/tegelpartner.com\/pl\/wp-json\/wp\/v2\/product_brand?post=11414"},{"taxonomy":"product_cat","embeddable":true,"href":"https:\/\/tegelpartner.com\/pl\/wp-json\/wp\/v2\/product_cat?post=11414"},{"taxonomy":"product_tag","embeddable":true,"href":"https:\/\/tegelpartner.com\/pl\/wp-json\/wp\/v2\/product_tag?post=11414"}],"curies":[{"name":"wp","href":"https:\/\/api.w.org\/{rel}","templated":true}]}}