{"id":11400,"date":"2026-01-02T10:31:44","date_gmt":"2026-01-02T10:31:44","guid":{"rendered":"https:\/\/tegelpartner.com\/?post_type=product&#038;p=11400"},"modified":"2026-01-02T20:23:50","modified_gmt":"2026-01-02T20:23:50","slug":"breccia-marino-naturel-kopie-kopie-kopie-kopie-kopie-kopie-kopie","status":"publish","type":"product","link":"https:\/\/tegelpartner.com\/pl\/produkt\/breccia-marino-naturel-kopie-kopie-kopie-kopie-kopie-kopie-kopie\/","title":{"rendered":"W\u0119giel drzewny Mantra"},"content":{"rendered":"<p data-start=\"55\" data-end=\"141\"><strong data-start=\"55\" data-end=\"141\">Mantra Charcoal \u2013 Wytrzyma\u0142y i nowoczesny wygl\u0105d od Tegelpartner<\/strong><\/p>\n<p data-start=\"143\" data-end=\"457\">Mantra Charcoal to wysokiej jako\u015bci p\u0142ytka porcelanowa o g\u0142\u0119bokim, antracytowym wyko\u0144czeniu i nowoczesnej, industrialnej estetyce.<br \/>\nJej bogaty, ciemny odcie\u0144 i subtelna faktura tworz\u0105 mocn\u0105 i stylow\u0105 podstaw\u0119 dla ka\u017cdej przestrzeni, idealnie uzupe\u0142niaj\u0105c nowoczesne, minimalistyczne i wsp\u00f3\u0142czesne wn\u0119trza.<\/p>\n<p data-start=\"459\" data-end=\"836\">P\u0142ytka nadaje si\u0119 zar\u00f3wno na \u015bciany, jak i na pod\u0142ogi i jest dostarczana osobno. Rektyfikowane kraw\u0119dzie pozwalaj\u0105 na zastosowanie bardzo w\u0105skich fug, tworz\u0105c elegancki i harmonijny wygl\u0105d. Ponadto, Mantra Charcoal jest mrozoodporna, dzi\u0119ki czemu idealnie nadaje si\u0119 zar\u00f3wno do wn\u0119trz, jak i na zewn\u0105trz \u2013 takich jak \u0142azienki, salony, kuchnie czy tarasy.  <\/p>\n<h3 data-start=\"838\" data-end=\"892\">Tw\u00f3j styl, nasza specjalno\u015b\u0107 \u2013 r\u00f3wnie\u017c w projektowaniu na zam\u00f3wienie<\/h3>\n<p data-start=\"894\" data-end=\"1344\">W Tegelpartner wszystko kr\u0119ci si\u0119 wok\u00f3\u0142 personalizacji i osobowo\u015bci.<br data-start=\"955\" data-end=\"958\">Podoba Ci si\u0119 jako\u015b\u0107 i konkurencyjna cena tych p\u0142ytek, ale szukasz innego odcienia, faktury lub unikalnego wzoru?<br data-start=\"1072\" data-end=\"1075\">Oferujemy r\u00f3wnie\u017c niestandardowe nadruki i rozwi\u0105zania na zam\u00f3wienie. Pomy\u015bl o niestandardowej wariacji kolorystycznej, unikalnej fakturze lub ca\u0142kowicie spersonalizowanym projekcie, kt\u00f3ry idealnie dopasuje si\u0119 do Twoich potrzeb aran\u017cacyjnych. Aby uzyska\u0107 wi\u0119cej informacji, napisz na adres <a class=\"decorated-link cursor-pointer\" rel=\"noopener\" data-start=\"1320\" data-end=\"1341\">info@tegelpartner.com<\/a>.  <\/p>\n<p data-start=\"1346\" data-end=\"1585\">Uwaga:<br data-start=\"1357\" data-end=\"1360\">Nie mo\u017cna zwr\u00f3ci\u0107 pozosta\u0142ych p\u0142ytek. Kolor p\u0142ytki na zdj\u0119ciu mo\u017ce nieznacznie r\u00f3\u017cni\u0107 si\u0119 od rzeczywistego.  Zalecamy zachowanie pewnej ilo\u015bci p\u0142ytek w celu ich p\u00f3\u017aniejszej wymiany lub naprawy.<\/p>\n","protected":false},"excerpt":{"rendered":"<p data-start=\"1605\" data-end=\"1755\">Mantra Charcoal to p\u0142ytka porcelanowa o g\u0142\u0119bokim antracytowym kolorze i nowoczesnym, solidnym wygl\u0105dzie \u2013 idealna do wsp\u00f3\u0142czesnych wn\u0119trz.<\/p>\n","protected":false},"featured_media":11945,"comment_status":"open","ping_status":"closed","template":"","meta":[],"product_brand":[],"product_cat":[97],"product_tag":[],"class_list":{"0":"post-11400","1":"product","2":"type-product","3":"status-publish","4":"has-post-thumbnail","6":"product_cat-plytki","8":"first","9":"instock","10":"taxable","11":"shipping-taxable","12":"purchasable","13":"product-type-simple"},"_links":{"self":[{"href":"https:\/\/tegelpartner.com\/pl\/wp-json\/wp\/v2\/product\/11400","targetHints":{"allow":["GET"]}}],"collection":[{"href":"https:\/\/tegelpartner.com\/pl\/wp-json\/wp\/v2\/product"}],"about":[{"href":"https:\/\/tegelpartner.com\/pl\/wp-json\/wp\/v2\/types\/product"}],"replies":[{"embeddable":true,"href":"https:\/\/tegelpartner.com\/pl\/wp-json\/wp\/v2\/comments?post=11400"}],"wp:featuredmedia":[{"embeddable":true,"href":"https:\/\/tegelpartner.com\/pl\/wp-json\/wp\/v2\/media\/11945"}],"wp:attachment":[{"href":"https:\/\/tegelpartner.com\/pl\/wp-json\/wp\/v2\/media?parent=11400"}],"wp:term":[{"taxonomy":"product_brand","embeddable":true,"href":"https:\/\/tegelpartner.com\/pl\/wp-json\/wp\/v2\/product_brand?post=11400"},{"taxonomy":"product_cat","embeddable":true,"href":"https:\/\/tegelpartner.com\/pl\/wp-json\/wp\/v2\/product_cat?post=11400"},{"taxonomy":"product_tag","embeddable":true,"href":"https:\/\/tegelpartner.com\/pl\/wp-json\/wp\/v2\/product_tag?post=11400"}],"curies":[{"name":"wp","href":"https:\/\/api.w.org\/{rel}","templated":true}]}}