{"id":11372,"date":"2026-01-02T10:28:41","date_gmt":"2026-01-02T10:28:41","guid":{"rendered":"https:\/\/tegelpartner.com\/?post_type=product&#038;p=11372"},"modified":"2026-01-02T20:34:29","modified_gmt":"2026-01-02T20:34:29","slug":"breccia-marino-naturel-kopie-kopie-kopie-kopie-kopie","status":"publish","type":"product","link":"https:\/\/tegelpartner.com\/pl\/produkt\/breccia-marino-naturel-kopie-kopie-kopie-kopie-kopie\/","title":{"rendered":"Flawo Silver"},"content":{"rendered":"<p data-start=\"55\" data-end=\"134\"><strong data-start=\"55\" data-end=\"134\">Flawo Silver \u2013 Subtelna elegancja od Tegelpartner<\/strong><\/p>\n<p data-start=\"136\" data-end=\"402\">Flawo Silver to stylowa p\u0142ytka porcelanowa o wyrafinowanym wygl\u0105dzie naturalnego kamienia w delikatnych, srebrzysto-szarych odcieniach.<br \/>\nSubtelne r\u00f3\u017cnice w kolorze i fakturze tworz\u0105 spokojny, luksusowy wygl\u0105d, kt\u00f3ry doskonale komponuje si\u0119 zar\u00f3wno z nowoczesnymi, jak i klasycznymi wn\u0119trzami.<\/p>\n<p data-start=\"404\" data-end=\"784\">P\u0142ytka nadaje si\u0119 zar\u00f3wno do stosowania na \u015bcianach, jak i na pod\u0142ogach i jest dostarczana osobno. Rektyfikowane kraw\u0119dzie pozwalaj\u0105 na uzyskanie wyj\u0105tkowo czystych spoin, co przyczynia si\u0119 do eleganckiego i harmonijnego wygl\u0105du. Ponadto, Flawo Silver jest mrozoodporny, dzi\u0119ki czemu idealnie nadaje si\u0119 zar\u00f3wno do wn\u0119trz, jak i na zewn\u0105trz \u2013 takich jak \u0142azienki, salony, kuchnie czy tarasy.  <\/p>\n<h3 data-start=\"786\" data-end=\"840\">Tw\u00f3j styl, nasza specjalno\u015b\u0107 \u2013 r\u00f3wnie\u017c w projektowaniu na zam\u00f3wienie<\/h3>\n<p data-start=\"842\" data-end=\"1278\">W Tegelpartner wszystko kr\u0119ci si\u0119 wok\u00f3\u0142 personalizacji i osobowo\u015bci.<br \/>\nPodoba Ci si\u0119 jako\u015b\u0107 i konkurencyjna cena tych p\u0142ytek, ale szukasz innego odcienia, faktury lub unikalnego wzoru?<br \/>\nOferujemy r\u00f3wnie\u017c niestandardowe nadruki i rozwi\u0105zania na zam\u00f3wienie. Pomy\u015bl o niestandardowej wariacji kolorystycznej, subtelnym wzorze lub ca\u0142kowicie spersonalizowanym projekcie, kt\u00f3ry idealnie dopasuje si\u0119 do Twoich potrzeb aran\u017cacyjnych. Aby uzyska\u0107 wi\u0119cej informacji, napisz na adres <a class=\"decorated-link cursor-pointer\" rel=\"noopener\" data-start=\"1254\" data-end=\"1275\">info@tegelpartner.com<\/a>.  <\/p>\n<p data-start=\"1280\" data-end=\"1517\">Uwaga:<br data-start=\"1291\" data-end=\"1294\">Nie mo\u017cna zwr\u00f3ci\u0107 pozosta\u0142ych p\u0142ytek. Kolor p\u0142ytki na zdj\u0119ciu mo\u017ce nieznacznie r\u00f3\u017cni\u0107 si\u0119 od rzeczywistego.  Zalecamy zachowanie pewnej ilo\u015bci p\u0142ytek w celu ich p\u00f3\u017aniejszej wymiany lub naprawy.<\/p>\n","protected":false},"excerpt":{"rendered":"<p data-start=\"1537\" data-end=\"1725\">Flawo Silver to p\u0142ytka porcelanowa o wyrafinowanym wygl\u0105dzie naturalnego kamienia w delikatnych, srebrzysto-szarych odcieniach.<br \/>\nElegancki wyb\u00f3r, kt\u00f3ry idealnie pasuje zar\u00f3wno do nowoczesnych, jak i klasycznych wn\u0119trz.<\/p>\n","protected":false},"featured_media":11958,"comment_status":"open","ping_status":"closed","template":"","meta":[],"product_brand":[],"product_cat":[97],"product_tag":[],"class_list":{"0":"post-11372","1":"product","2":"type-product","3":"status-publish","4":"has-post-thumbnail","6":"product_cat-plytki","8":"first","9":"instock","10":"taxable","11":"shipping-taxable","12":"purchasable","13":"product-type-simple"},"_links":{"self":[{"href":"https:\/\/tegelpartner.com\/pl\/wp-json\/wp\/v2\/product\/11372","targetHints":{"allow":["GET"]}}],"collection":[{"href":"https:\/\/tegelpartner.com\/pl\/wp-json\/wp\/v2\/product"}],"about":[{"href":"https:\/\/tegelpartner.com\/pl\/wp-json\/wp\/v2\/types\/product"}],"replies":[{"embeddable":true,"href":"https:\/\/tegelpartner.com\/pl\/wp-json\/wp\/v2\/comments?post=11372"}],"wp:featuredmedia":[{"embeddable":true,"href":"https:\/\/tegelpartner.com\/pl\/wp-json\/wp\/v2\/media\/11958"}],"wp:attachment":[{"href":"https:\/\/tegelpartner.com\/pl\/wp-json\/wp\/v2\/media?parent=11372"}],"wp:term":[{"taxonomy":"product_brand","embeddable":true,"href":"https:\/\/tegelpartner.com\/pl\/wp-json\/wp\/v2\/product_brand?post=11372"},{"taxonomy":"product_cat","embeddable":true,"href":"https:\/\/tegelpartner.com\/pl\/wp-json\/wp\/v2\/product_cat?post=11372"},{"taxonomy":"product_tag","embeddable":true,"href":"https:\/\/tegelpartner.com\/pl\/wp-json\/wp\/v2\/product_tag?post=11372"}],"curies":[{"name":"wp","href":"https:\/\/api.w.org\/{rel}","templated":true}]}}