{"id":11358,"date":"2026-01-02T10:24:53","date_gmt":"2026-01-02T10:24:53","guid":{"rendered":"https:\/\/tegelpartner.com\/?post_type=product&#038;p=11358"},"modified":"2026-01-02T20:35:32","modified_gmt":"2026-01-02T20:35:32","slug":"breccia-marino-naturel-kopie-kopie-kopie-kopie","status":"publish","type":"product","link":"https:\/\/tegelpartner.com\/pl\/produkt\/breccia-marino-naturel-kopie-kopie-kopie-kopie\/","title":{"rendered":"Cesarzowa Cemento"},"content":{"rendered":"<p data-start=\"55\" data-end=\"136\"><strong data-start=\"55\" data-end=\"136\">Empress Cemento \u2013 Elegancki wygl\u0105d betonu od Tegelpartner<\/strong><\/p>\n<p data-start=\"138\" data-end=\"448\">Empress Cemento to wysokiej jako\u015bci p\u0142ytka porcelanowa o eleganckim wygl\u0105dzie betonu, kt\u00f3ra nada nowoczesny i ponadczasowy charakter ka\u017cdej przestrzeni.<br \/>\nSpokojne szaro\u015bci i subtelna faktura tworz\u0105 wyrafinowany, industrialny klimat, kt\u00f3ry doskonale komponuje si\u0119 zar\u00f3wno z minimalistycznymi, jak i nowoczesnymi wn\u0119trzami.<\/p>\n<p data-start=\"450\" data-end=\"837\">P\u0142ytka nadaje si\u0119 zar\u00f3wno do stosowania na \u015bcianach, jak i na pod\u0142ogach i jest dostarczana osobno. Dzi\u0119ki rektyfikowanym kraw\u0119dziom, fugi mog\u0105 by\u0107 bardzo w\u0105skie, co przyczynia si\u0119 do uzyskania eleganckiego i harmonijnego wyko\u0144czenia. Ponadto Empress Cemento jest mrozoodporny, dzi\u0119ki czemu idealnie nadaje si\u0119 zar\u00f3wno do wn\u0119trz, jak i na zewn\u0105trz \u2013 takich jak \u0142azienki, salony, kuchnie czy tarasy.  <\/p>\n<h3 data-start=\"839\" data-end=\"893\">Tw\u00f3j styl, nasza specjalno\u015b\u0107 \u2013 r\u00f3wnie\u017c w projektowaniu na zam\u00f3wienie<\/h3>\n<p data-start=\"895\" data-end=\"1340\">W Tegelpartner wszystko kr\u0119ci si\u0119 wok\u00f3\u0142 personalizacji i osobowo\u015bci.<br \/>\nPodoba Ci si\u0119 jako\u015b\u0107 i konkurencyjna cena tych p\u0142ytek, ale szukasz innego odcienia, faktury lub unikalnego wzoru?<br \/>\nOferujemy r\u00f3wnie\u017c niestandardowe nadruki i rozwi\u0105zania na zam\u00f3wienie. Pomy\u015bl o spersonalizowanym wygl\u0105dzie betonu, konkretnym odcieniu koloru lub ca\u0142kowicie spersonalizowanym projekcie, kt\u00f3ry idealnie dopasuje si\u0119 do Twoich potrzeb aran\u017cacyjnych. Aby uzyska\u0107 wi\u0119cej informacji, napisz na adres <a class=\"decorated-link cursor-pointer\" rel=\"noopener\" data-start=\"1316\" data-end=\"1337\">info@tegelpartner.com<\/a>.  <\/p>\n<p data-start=\"1342\" data-end=\"1579\">Uwaga:<br data-start=\"1353\" data-end=\"1356\">Nie mo\u017cna zwr\u00f3ci\u0107 pozosta\u0142ych p\u0142ytek. Kolor p\u0142ytki na zdj\u0119ciu mo\u017ce nieznacznie r\u00f3\u017cni\u0107 si\u0119 od rzeczywistego.  Zalecamy zachowanie pewnej ilo\u015bci p\u0142ytek w celu ich p\u00f3\u017aniejszej wymiany lub naprawy.<\/p>\n","protected":false},"excerpt":{"rendered":"<p data-start=\"1603\" data-end=\"1814\">Empress Cemento to p\u0142ytka porcelanowa o eleganckim, nowoczesnym wygl\u0105dzie betonu.<br \/>\nSpokojne szaro\u015bci i subtelna faktura tworz\u0105 ponadczasow\u0105 baz\u0119, kt\u00f3ra idealnie pasuje do nowoczesnych wn\u0119trz.<\/p>\n","protected":false},"featured_media":11964,"comment_status":"open","ping_status":"closed","template":"","meta":[],"product_brand":[],"product_cat":[97],"product_tag":[],"class_list":{"0":"post-11358","1":"product","2":"type-product","3":"status-publish","4":"has-post-thumbnail","6":"product_cat-plytki","8":"first","9":"instock","10":"taxable","11":"shipping-taxable","12":"purchasable","13":"product-type-simple"},"_links":{"self":[{"href":"https:\/\/tegelpartner.com\/pl\/wp-json\/wp\/v2\/product\/11358","targetHints":{"allow":["GET"]}}],"collection":[{"href":"https:\/\/tegelpartner.com\/pl\/wp-json\/wp\/v2\/product"}],"about":[{"href":"https:\/\/tegelpartner.com\/pl\/wp-json\/wp\/v2\/types\/product"}],"replies":[{"embeddable":true,"href":"https:\/\/tegelpartner.com\/pl\/wp-json\/wp\/v2\/comments?post=11358"}],"wp:featuredmedia":[{"embeddable":true,"href":"https:\/\/tegelpartner.com\/pl\/wp-json\/wp\/v2\/media\/11964"}],"wp:attachment":[{"href":"https:\/\/tegelpartner.com\/pl\/wp-json\/wp\/v2\/media?parent=11358"}],"wp:term":[{"taxonomy":"product_brand","embeddable":true,"href":"https:\/\/tegelpartner.com\/pl\/wp-json\/wp\/v2\/product_brand?post=11358"},{"taxonomy":"product_cat","embeddable":true,"href":"https:\/\/tegelpartner.com\/pl\/wp-json\/wp\/v2\/product_cat?post=11358"},{"taxonomy":"product_tag","embeddable":true,"href":"https:\/\/tegelpartner.com\/pl\/wp-json\/wp\/v2\/product_tag?post=11358"}],"curies":[{"name":"wp","href":"https:\/\/api.w.org\/{rel}","templated":true}]}}