{"id":11344,"date":"2026-01-02T10:22:33","date_gmt":"2026-01-02T10:22:33","guid":{"rendered":"https:\/\/tegelpartner.com\/?post_type=product&#038;p=11344"},"modified":"2026-01-03T11:49:08","modified_gmt":"2026-01-03T11:49:08","slug":"breccia-marino-naturel-kopie-kopie-kopie","status":"publish","type":"product","link":"https:\/\/tegelpartner.com\/pl\/produkt\/breccia-marino-naturel-kopie-kopie-kopie\/","title":{"rendered":"Celia Sand"},"content":{"rendered":"<p data-start=\"55\" data-end=\"143\"><strong data-start=\"55\" data-end=\"143\">Celia Sand \u2013 mi\u0119kka, naturalna elegancja od Tegelpartner<\/strong><\/p>\n<p data-start=\"145\" data-end=\"428\">Celia Sand to wyrafinowana p\u0142ytka porcelanowa o spokojnym, naturalnym wygl\u0105dzie kamienia i ciep\u0142ym, piaskowym kolorze.<br \/>\nSubtelna faktura i matowe, naturalne wyko\u0144czenie tworz\u0105 spokojn\u0105 i harmonijn\u0105 ca\u0142o\u015b\u0107, kt\u00f3ra doskonale komponuje si\u0119 zar\u00f3wno z nowoczesnymi, jak i ponadczasowymi wn\u0119trzami.<\/p>\n<p data-start=\"430\" data-end=\"828\">P\u0142ytka nadaje si\u0119 zar\u00f3wno na \u015bciany, jak i na pod\u0142ogi i jest dostarczana osobno. Rektyfikowane kraw\u0119dzie pozwalaj\u0105 na uzyskanie czystych, minimalistycznych fug, tworz\u0105c luksusowy i przestronny efekt. Co wi\u0119cej, Celia Sand jest mrozoodporna, dzi\u0119ki czemu idealnie nadaje si\u0119 zar\u00f3wno do wn\u0119trz, jak i na zewn\u0105trz, takich jak \u0142azienki, salony, kuchnie i tarasy.  <\/p>\n<h3 data-start=\"830\" data-end=\"884\">Tw\u00f3j styl, nasza specjalno\u015b\u0107 \u2013 r\u00f3wnie\u017c w projektowaniu na zam\u00f3wienie<\/h3>\n<p data-start=\"886\" data-end=\"1208\">W Tegelpartner personalizacja jest kluczowa.<br \/>\nPodoba Ci si\u0119 jako\u015b\u0107 i cena tej p\u0142ytki, ale szukasz innego koloru, faktury lub wygl\u0105du?<br \/>\nOferujemy r\u00f3wnie\u017c niestandardowe nadruki i rozwi\u0105zania na zam\u00f3wienie. Od niestandardowego odcienia piaskowego po w pe\u0142ni spersonalizowany projekt, kt\u00f3ry idealnie dopasuje si\u0119 do Twoich potrzeb aran\u017cacyjnych. <\/p>\n<p data-start=\"1210\" data-end=\"1276\">Aby uzyska\u0107 wi\u0119cej informacji, wy\u015blij wiadomo\u015b\u0107 e-mail na adres <a class=\"decorated-link cursor-pointer\" rel=\"noopener\" data-start=\"1252\" data-end=\"1273\">info@tegelpartner.com<\/a>.<\/p>\n<p data-start=\"1278\" data-end=\"1515\">Uwaga:<br data-start=\"1289\" data-end=\"1292\">Nie mo\u017cna zwr\u00f3ci\u0107 pozosta\u0142ych p\u0142ytek. Kolor p\u0142ytki na zdj\u0119ciu mo\u017ce nieznacznie r\u00f3\u017cni\u0107 si\u0119 od rzeczywistego.  Zalecamy zachowanie pewnej ilo\u015bci p\u0142ytek w celu ich p\u00f3\u017aniejszej wymiany lub naprawy.<\/p>\n","protected":false},"excerpt":{"rendered":"<p data-start=\"1603\" data-end=\"1814\">Celia Sand to p\u0142ytka porcelanowa o subtelnym, naturalnym wygl\u0105dzie kamienia i ciep\u0142ym, piaskowym odcieniu.<br \/>\nPonadczasowa baza, kt\u00f3ra doskonale wpasuje si\u0119 zar\u00f3wno do nowoczesnych, jak i klasycznych wn\u0119trz.<\/p>\n","protected":false},"featured_media":11970,"comment_status":"open","ping_status":"closed","template":"","meta":[],"product_brand":[],"product_cat":[97],"product_tag":[],"class_list":{"0":"post-11344","1":"product","2":"type-product","3":"status-publish","4":"has-post-thumbnail","6":"product_cat-plytki","8":"first","9":"instock","10":"taxable","11":"shipping-taxable","12":"purchasable","13":"product-type-simple"},"_links":{"self":[{"href":"https:\/\/tegelpartner.com\/pl\/wp-json\/wp\/v2\/product\/11344","targetHints":{"allow":["GET"]}}],"collection":[{"href":"https:\/\/tegelpartner.com\/pl\/wp-json\/wp\/v2\/product"}],"about":[{"href":"https:\/\/tegelpartner.com\/pl\/wp-json\/wp\/v2\/types\/product"}],"replies":[{"embeddable":true,"href":"https:\/\/tegelpartner.com\/pl\/wp-json\/wp\/v2\/comments?post=11344"}],"wp:featuredmedia":[{"embeddable":true,"href":"https:\/\/tegelpartner.com\/pl\/wp-json\/wp\/v2\/media\/11970"}],"wp:attachment":[{"href":"https:\/\/tegelpartner.com\/pl\/wp-json\/wp\/v2\/media?parent=11344"}],"wp:term":[{"taxonomy":"product_brand","embeddable":true,"href":"https:\/\/tegelpartner.com\/pl\/wp-json\/wp\/v2\/product_brand?post=11344"},{"taxonomy":"product_cat","embeddable":true,"href":"https:\/\/tegelpartner.com\/pl\/wp-json\/wp\/v2\/product_cat?post=11344"},{"taxonomy":"product_tag","embeddable":true,"href":"https:\/\/tegelpartner.com\/pl\/wp-json\/wp\/v2\/product_tag?post=11344"}],"curies":[{"name":"wp","href":"https:\/\/api.w.org\/{rel}","templated":true}]}}