{"id":11330,"date":"2026-01-02T10:20:09","date_gmt":"2026-01-02T10:20:09","guid":{"rendered":"https:\/\/tegelpartner.com\/?post_type=product&#038;p=11330"},"modified":"2026-01-03T11:50:21","modified_gmt":"2026-01-03T11:50:21","slug":"breccia-marino-naturel-kopie-kopie","status":"publish","type":"product","link":"https:\/\/tegelpartner.com\/pl\/produkt\/breccia-marino-naturel-kopie-kopie\/","title":{"rendered":"Mieszanka Cassune"},"content":{"rendered":"<p data-start=\"55\" data-end=\"144\"><strong data-start=\"55\" data-end=\"144\">Cassune Mix \u2013 Charakterystyczny wygl\u0105d naturalnego kamienia od Tegelpartner<\/strong><\/p>\n<p data-start=\"146\" data-end=\"448\">Cassune Mix to wyj\u0105tkowa p\u0142ytka porcelanowa o \u017cywym, naturalnym wygl\u0105dzie kamienia i wyrafinowanym po\u0142\u0105czeniu delikatnych niuans\u00f3w kolorystycznych.<br \/>\nSubtelna gra barw i faktur nadaje ka\u017cdej przestrzeni wyj\u0105tkowy, ciep\u0142y i pe\u0142en charakteru wygl\u0105d, a spokojna baza tworzy r\u00f3wnowag\u0119 i ponadczasow\u0105 elegancj\u0119.<\/p>\n<p data-start=\"450\" data-end=\"849\">P\u0142ytka nadaje si\u0119 zar\u00f3wno do stosowania na \u015bcianach, jak i na pod\u0142ogach i jest dostarczana osobno. Rektyfikowane kraw\u0119dzie zapewniaj\u0105 g\u0142adkie, czyste wyko\u0144czenie spoin, przyczyniaj\u0105c si\u0119 do nowoczesnego i wysokiej jako\u015bci wygl\u0105du. Ponadto Cassune Mix jest mrozoodporny, dzi\u0119ki czemu idealnie nadaje si\u0119 do stosowania zar\u00f3wno wewn\u0105trz, jak i na zewn\u0105trz, na przyk\u0142ad w \u0142azienkach, salonach, kuchniach i na tarasach.  <\/p>\n<h3 data-start=\"851\" data-end=\"905\">Tw\u00f3j styl, nasza specjalno\u015b\u0107 \u2013 r\u00f3wnie\u017c w projektowaniu na zam\u00f3wienie<\/h3>\n<p data-start=\"907\" data-end=\"1276\">W Tegelpartner wierzymy w osobowo\u015b\u0107 i personalizacj\u0119.<br \/>\nPodoba Ci si\u0119 jako\u015b\u0107 i cena tej p\u0142ytki, ale szukasz innego koloru, wzoru lub wygl\u0105du?<br \/>\nOferujemy r\u00f3wnie\u017c niestandardowe nadruki i rozwi\u0105zania na zam\u00f3wienie. Pomy\u015bl o w\u0142asnym wzorze naturalnego kamienia, niestandardowym odcieniu lub ca\u0142kowicie spersonalizowanym projekcie, kt\u00f3ry idealnie uzupe\u0142ni Twoje wn\u0119trze. <\/p>\n<p data-start=\"1278\" data-end=\"1344\">Aby uzyska\u0107 wi\u0119cej informacji, wy\u015blij wiadomo\u015b\u0107 e-mail na adres <a class=\"decorated-link cursor-pointer\" rel=\"noopener\" data-start=\"1320\" data-end=\"1341\">info@tegelpartner.com<\/a>.<\/p>\n<p data-start=\"1346\" data-end=\"1583\">Uwaga:<br data-start=\"1357\" data-end=\"1360\">Nie mo\u017cna zwr\u00f3ci\u0107 pozosta\u0142ych p\u0142ytek. Kolor p\u0142ytki na zdj\u0119ciu mo\u017ce nieznacznie r\u00f3\u017cni\u0107 si\u0119 od rzeczywistego.  Zalecamy zachowanie pewnej ilo\u015bci p\u0142ytek w celu ich p\u00f3\u017aniejszej wymiany lub naprawy.<\/p>\n","protected":false},"excerpt":{"rendered":"<p data-start=\"1603\" data-end=\"1814\">Cassune Mix to p\u0142ytka porcelanowa o \u017cywym, naturalnym wygl\u0105dzie kamienia i subtelnym po\u0142\u0105czeniu ciep\u0142ych odcieni.<br \/>\nCharakterystyczny wyb\u00f3r, kt\u00f3ry idealnie pasuje zar\u00f3wno do nowoczesnych, jak i klimatycznych, klasycznych wn\u0119trz.<\/p>\n","protected":false},"featured_media":11976,"comment_status":"open","ping_status":"closed","template":"","meta":[],"product_brand":[],"product_cat":[97],"product_tag":[],"class_list":{"0":"post-11330","1":"product","2":"type-product","3":"status-publish","4":"has-post-thumbnail","6":"product_cat-plytki","8":"first","9":"instock","10":"taxable","11":"shipping-taxable","12":"purchasable","13":"product-type-simple"},"_links":{"self":[{"href":"https:\/\/tegelpartner.com\/pl\/wp-json\/wp\/v2\/product\/11330","targetHints":{"allow":["GET"]}}],"collection":[{"href":"https:\/\/tegelpartner.com\/pl\/wp-json\/wp\/v2\/product"}],"about":[{"href":"https:\/\/tegelpartner.com\/pl\/wp-json\/wp\/v2\/types\/product"}],"replies":[{"embeddable":true,"href":"https:\/\/tegelpartner.com\/pl\/wp-json\/wp\/v2\/comments?post=11330"}],"wp:featuredmedia":[{"embeddable":true,"href":"https:\/\/tegelpartner.com\/pl\/wp-json\/wp\/v2\/media\/11976"}],"wp:attachment":[{"href":"https:\/\/tegelpartner.com\/pl\/wp-json\/wp\/v2\/media?parent=11330"}],"wp:term":[{"taxonomy":"product_brand","embeddable":true,"href":"https:\/\/tegelpartner.com\/pl\/wp-json\/wp\/v2\/product_brand?post=11330"},{"taxonomy":"product_cat","embeddable":true,"href":"https:\/\/tegelpartner.com\/pl\/wp-json\/wp\/v2\/product_cat?post=11330"},{"taxonomy":"product_tag","embeddable":true,"href":"https:\/\/tegelpartner.com\/pl\/wp-json\/wp\/v2\/product_tag?post=11330"}],"curies":[{"name":"wp","href":"https:\/\/api.w.org\/{rel}","templated":true}]}}