{"id":11315,"date":"2026-01-02T10:08:52","date_gmt":"2026-01-02T10:08:52","guid":{"rendered":"https:\/\/tegelpartner.com\/?post_type=product&#038;p=11315"},"modified":"2026-01-03T12:06:49","modified_gmt":"2026-01-03T12:06:49","slug":"breccia-marino-naturel-kopie","status":"publish","type":"product","link":"https:\/\/tegelpartner.com\/pl\/produkt\/breccia-marino-naturel-kopie\/","title":{"rendered":"Altra Pearl"},"content":{"rendered":"<p data-start=\"55\" data-end=\"153\"><strong data-start=\"55\" data-end=\"153\">Altra Pearl \u2013 ponadczasowa elegancja z naturalnym wygl\u0105dem kamienia od Tegelpartner<\/strong><\/p>\n<p data-start=\"155\" data-end=\"428\">Odkryj wyrafinowany wygl\u0105d Altra Pearl \u2013 wysokiej jako\u015bci p\u0142ytek porcelanowych o eleganckim wygl\u0105dzie naturalnego kamienia.<br \/>\nDelikatny per\u0142owy odcie\u0144 i subtelny po\u0142ysk tworz\u0105 spokojn\u0105, luksusow\u0105 podstaw\u0119 dla ka\u017cdej przestrzeni, idealnie uzupe\u0142niaj\u0105c zar\u00f3wno nowoczesne, jak i klasyczne wn\u0119trza.<\/p>\n<p data-start=\"430\" data-end=\"819\">P\u0142ytka Altra Pearl nadaje si\u0119 zar\u00f3wno na \u015bcian\u0119, jak i pod\u0142og\u0119 i jest dostarczana osobno. Dzi\u0119ki rektyfikowanym kraw\u0119dziom, fugi mog\u0105 by\u0107 bardzo w\u0105skie, co zapewnia eleganckie i harmonijne wyko\u0144czenie. Ponadto p\u0142ytka jest mrozoodporna, dzi\u0119ki czemu idealnie nadaje si\u0119 zar\u00f3wno do wn\u0119trz, jak i na zewn\u0105trz, takich jak \u0142azienki, salony, kuchnie i tarasy.  <\/p>\n<h3 data-start=\"821\" data-end=\"875\">Tw\u00f3j styl, nasza specjalno\u015b\u0107 \u2013 r\u00f3wnie\u017c w projektowaniu na zam\u00f3wienie<\/h3>\n<p data-start=\"877\" data-end=\"1266\">W Tegelpartner personalizacja jest kluczowa.<br \/>\nSzukasz konkretnego koloru, unikalnej faktury lub zupe\u0142nie wyj\u0105tkowego wzoru, ale jednocze\u015bnie przyci\u0105ga Ci\u0119 jako\u015b\u0107 i cena tych p\u0142ytek?<br \/>\nOferujemy r\u00f3wnie\u017c niestandardowe nadruki i rozwi\u0105zania na zam\u00f3wienie. Od spersonalizowanego wzoru marmuru, przez unikatowy odcie\u0144 koloru, po ca\u0142kowicie spersonalizowany projekt, kt\u00f3ry idealnie dopasuje si\u0119 do Twoich potrzeb aran\u017cacyjnych. <\/p>\n<p data-start=\"1268\" data-end=\"1334\">Aby uzyska\u0107 wi\u0119cej informacji, wy\u015blij wiadomo\u015b\u0107 e-mail na adres <a class=\"decorated-link cursor-pointer\" rel=\"noopener\" data-start=\"1310\" data-end=\"1331\">info@tegelpartner.com<\/a>.<\/p>\n<p data-start=\"1336\" data-end=\"1573\">Uwaga:<br data-start=\"1347\" data-end=\"1350\">Nie mo\u017cna zwr\u00f3ci\u0107 pozosta\u0142ych p\u0142ytek. Kolor p\u0142ytki na zdj\u0119ciu mo\u017ce nieznacznie r\u00f3\u017cni\u0107 si\u0119 od rzeczywistego.  Zalecamy zachowanie pewnej ilo\u015bci p\u0142ytek w celu ich p\u00f3\u017aniejszej wymiany lub naprawy.<\/p>\n","protected":false},"excerpt":{"rendered":"<p>Odkryj spok\u00f3j luksusu Altra Pearl \u2013 p\u0142ytki porcelanowej o eleganckim wygl\u0105dzie naturalnego kamienia.<br \/>\nDelikatny per\u0142owy odcie\u0144 i subtelny po\u0142ysk tworz\u0105 ponadczasowy wygl\u0105d, kt\u00f3ry pasuje zar\u00f3wno do nowoczesnych, jak i klasycznych wn\u0119trz.<\/p>\n","protected":false},"featured_media":11982,"comment_status":"open","ping_status":"closed","template":"","meta":[],"product_brand":[],"product_cat":[97],"product_tag":[],"class_list":{"0":"post-11315","1":"product","2":"type-product","3":"status-publish","4":"has-post-thumbnail","6":"product_cat-plytki","8":"first","9":"instock","10":"taxable","11":"shipping-taxable","12":"purchasable","13":"product-type-simple"},"_links":{"self":[{"href":"https:\/\/tegelpartner.com\/pl\/wp-json\/wp\/v2\/product\/11315","targetHints":{"allow":["GET"]}}],"collection":[{"href":"https:\/\/tegelpartner.com\/pl\/wp-json\/wp\/v2\/product"}],"about":[{"href":"https:\/\/tegelpartner.com\/pl\/wp-json\/wp\/v2\/types\/product"}],"replies":[{"embeddable":true,"href":"https:\/\/tegelpartner.com\/pl\/wp-json\/wp\/v2\/comments?post=11315"}],"wp:featuredmedia":[{"embeddable":true,"href":"https:\/\/tegelpartner.com\/pl\/wp-json\/wp\/v2\/media\/11982"}],"wp:attachment":[{"href":"https:\/\/tegelpartner.com\/pl\/wp-json\/wp\/v2\/media?parent=11315"}],"wp:term":[{"taxonomy":"product_brand","embeddable":true,"href":"https:\/\/tegelpartner.com\/pl\/wp-json\/wp\/v2\/product_brand?post=11315"},{"taxonomy":"product_cat","embeddable":true,"href":"https:\/\/tegelpartner.com\/pl\/wp-json\/wp\/v2\/product_cat?post=11315"},{"taxonomy":"product_tag","embeddable":true,"href":"https:\/\/tegelpartner.com\/pl\/wp-json\/wp\/v2\/product_tag?post=11315"}],"curies":[{"name":"wp","href":"https:\/\/api.w.org\/{rel}","templated":true}]}}