{"id":11012,"date":"2025-11-06T14:54:11","date_gmt":"2025-11-06T14:54:11","guid":{"rendered":"https:\/\/tegelpartner.com\/product\/breccia-marino-naturel\/"},"modified":"2025-11-06T14:54:11","modified_gmt":"2025-11-06T14:54:11","slug":"breccia-marino-naturel","status":"publish","type":"product","link":"https:\/\/tegelpartner.com\/pl\/produkt\/breccia-marino-naturel\/","title":{"rendered":"Breccia Marino Naturel"},"content":{"rendered":"<p><b>Breccia Marina Natural \u2013 p\u0142ytka o wygl\u0105dzie naturalnego kamienia od Tegelpartner<\/b><\/p>\n<p>Odkryj czyst\u0105 elegancj\u0119 z p\u0142ytk\u0105 Breccia Marina Natural od Tegelpartner \u2013 ekskluzywn\u0105 p\u0142ytk\u0105 porcelanow\u0105 o wyrafinowanym wygl\u0105dzie naturalnego kamienia.<span style=\"font-weight: 400;\"><br \/>\n<\/span>Du\u017cy format 120 x 120 cm i naturalny, mi\u0119kki po\u0142ysk tworz\u0105 luksusowy wygl\u0105d, kt\u00f3ry doskonale pasuje zar\u00f3wno do nowoczesnych, jak i klasycznych wn\u0119trz.<\/p>\n<p>Breccia Marina Natural nadaje si\u0119 zar\u00f3wno na \u015bciany, jak i pod\u0142ogi i jest dostarczana pojedynczo (1,44 m\u00b2 w opakowaniu). Rektyfikowane kraw\u0119dzie pozwalaj\u0105 na zastosowanie bardzo cienkich spoin, co nadaje jej elegancki wygl\u0105d. Ponadto p\u0142ytka jest mrozoodporna, dzi\u0119ki czemu idealnie nadaje si\u0119 zar\u00f3wno do wn\u0119trz, jak i na zewn\u0105trz \u2013 takich jak \u0142azienki, salony, kuchnie czy tarasy.<\/p>\n<p><b>Tw\u00f3j styl, nasza specjalno\u015b\u0107 \u2013 r\u00f3wnie\u017c w projektowaniu na zam\u00f3wienie<\/b><\/p>\n<p data-start=\"526\" data-end=\"835\">W Tegelpartner wszystko kr\u0119ci si\u0119 wok\u00f3\u0142 personalizacji i osobowo\u015bci.<br \/>\nNie widzisz od razu koloru ani wzoru, kt\u00f3rego szukasz, ale czy przyci\u0105ga Ci\u0119 jako\u015b\u0107 i konkurencyjna cena tych p\u0142ytek?<br \/>\nOferujemy r\u00f3wnie\u017c niestandardowe nadruki i rozwi\u0105zania na zam\u00f3wienie. Pomy\u015bl o unikalnym wzorze marmuru, konkretnym odcieniu koloru lub ca\u0142kowicie spersonalizowanym projekcie, kt\u00f3ry idealnie dopasuje si\u0119 do Twoich potrzeb aran\u017cacyjnych. Aby uzyska\u0107 wi\u0119cej informacji, napisz na adres info@tegelpartner.com<\/p>\n<p data-start=\"526\" data-end=\"835\">Uwaga: Nie mo\u017cna zwr\u00f3ci\u0107 pozosta\u0142ych p\u0142ytek. Kolor p\u0142ytki na zdj\u0119ciu mo\u017ce nieznacznie r\u00f3\u017cni\u0107 si\u0119 od rzeczywistego. Zalecamy zachowanie kilku p\u0142ytek na p\u00f3\u017aniejsz\u0105 wymian\u0119 lub napraw\u0119.<\/p>\n","protected":false},"excerpt":{"rendered":"<p><span style=\"font-weight: 400;\">Ervaar pure elegantie met de <\/span><b>Breccia Marina Natural<\/b><span style=\"font-weight: 400;\"> van <\/span><b>Tegelpartner<\/b><span style=\"font-weight: 400;\"> \u2013 een exclusieve <\/span><b>porseleinen tegel<\/b><span style=\"font-weight: 400;\"> met een verfijnde <\/span><b>natuursteenlook<\/b><span style=\"font-weight: 400;\">.<\/span><span style=\"font-weight: 400;\"><br \/>\n<\/span><span style=\"font-weight: 400;\">Het royale formaat van <\/span><b>120 x 120 cm<\/b><span style=\"font-weight: 400;\"> en de natuurlijke, zachte glans zorgen voor een luxueuze uitstraling die perfect past in zowel moderne als klassieke interieurs.<\/span><\/p>\n","protected":false},"featured_media":11988,"comment_status":"open","ping_status":"closed","template":"","meta":[],"product_brand":[],"product_cat":[97],"product_tag":[],"class_list":{"0":"post-11012","1":"product","2":"type-product","3":"status-publish","4":"has-post-thumbnail","6":"product_cat-plytki","8":"first","9":"instock","10":"taxable","11":"shipping-taxable","12":"purchasable","13":"product-type-simple"},"_links":{"self":[{"href":"https:\/\/tegelpartner.com\/pl\/wp-json\/wp\/v2\/product\/11012","targetHints":{"allow":["GET"]}}],"collection":[{"href":"https:\/\/tegelpartner.com\/pl\/wp-json\/wp\/v2\/product"}],"about":[{"href":"https:\/\/tegelpartner.com\/pl\/wp-json\/wp\/v2\/types\/product"}],"replies":[{"embeddable":true,"href":"https:\/\/tegelpartner.com\/pl\/wp-json\/wp\/v2\/comments?post=11012"}],"wp:featuredmedia":[{"embeddable":true,"href":"https:\/\/tegelpartner.com\/pl\/wp-json\/wp\/v2\/media\/11988"}],"wp:attachment":[{"href":"https:\/\/tegelpartner.com\/pl\/wp-json\/wp\/v2\/media?parent=11012"}],"wp:term":[{"taxonomy":"product_brand","embeddable":true,"href":"https:\/\/tegelpartner.com\/pl\/wp-json\/wp\/v2\/product_brand?post=11012"},{"taxonomy":"product_cat","embeddable":true,"href":"https:\/\/tegelpartner.com\/pl\/wp-json\/wp\/v2\/product_cat?post=11012"},{"taxonomy":"product_tag","embeddable":true,"href":"https:\/\/tegelpartner.com\/pl\/wp-json\/wp\/v2\/product_tag?post=11012"}],"curies":[{"name":"wp","href":"https:\/\/api.w.org\/{rel}","templated":true}]}}