{"id":11008,"date":"2025-11-06T14:40:22","date_gmt":"2025-11-06T14:40:22","guid":{"rendered":"https:\/\/tegelpartner.com\/product\/vena-vecchia-matt\/"},"modified":"2025-11-06T14:40:22","modified_gmt":"2025-11-06T14:40:22","slug":"vena-vecchia-matt","status":"publish","type":"product","link":"https:\/\/tegelpartner.com\/pl\/produkt\/vena-vecchia-matt\/?tp_size_option=1","title":{"rendered":"Vena Vecchia Matt"},"content":{"rendered":"<p><span style=\"font-weight: 400;\">Odkryj Vena Vecchia Matt od Tegelpartner \u2013 ekskluzywn\u0105 p\u0142ytk\u0119 porcelanow\u0105 o eleganckim, marmurowym wygl\u0105dzie. Dzi\u0119ki wyrafinowanemu, b\u0142yszcz\u0105cemu wyko\u0144czeniu i du\u017cym rozmiarom 60 x 120 cm lub 120 x 120 cm, stworzysz luksusowy i ponadczasowy wygl\u0105d w ka\u017cdym pomieszczeniu. <\/span><\/p>\n<p><span style=\"font-weight: 400;\">P\u0142ytka Vena Vecchia Matt nadaje si\u0119 zar\u00f3wno na \u015bciany, jak i pod\u0142ogi i jest dostarczana pojedynczo (1,44 m\u00b2 w opakowaniu). Rektyfikowane kraw\u0119dzie zapewniaj\u0105 czyste spoiny i spokojny, nowoczesny wygl\u0105d. Ponadto p\u0142ytka jest mrozoodporna, dzi\u0119ki czemu nadaje si\u0119 zar\u00f3wno do stosowania wewn\u0105trz, jak i na zewn\u0105trz \u2013 idealnie nadaje si\u0119 do \u0142azienek, kuchni i taras\u00f3w.  <\/span><\/p>\n<p><span style=\"font-weight: 400;\">Tw\u00f3j styl, nasza specjalno\u015b\u0107 \u2013 r\u00f3wnie\u017c w projektowaniu na zam\u00f3wienie<\/span><\/p>\n<p data-start=\"526\" data-end=\"835\">W Tegelpartner wszystko kr\u0119ci si\u0119 wok\u00f3\u0142 personalizacji i osobowo\u015bci.<br \/>\nNie widzisz od razu koloru ani wzoru, kt\u00f3rego szukasz, ale czy przyci\u0105ga Ci\u0119 jako\u015b\u0107 i konkurencyjna cena tych p\u0142ytek?<br \/>\nOferujemy r\u00f3wnie\u017c niestandardowe nadruki i rozwi\u0105zania na zam\u00f3wienie. Pomy\u015bl o unikalnym wzorze marmuru, konkretnym odcieniu koloru lub ca\u0142kowicie spersonalizowanym projekcie, kt\u00f3ry idealnie dopasuje si\u0119 do Twoich potrzeb aran\u017cacyjnych. Aby uzyska\u0107 wi\u0119cej informacji, napisz na adres info@tegelpartner.com<\/p>\n<p data-start=\"526\" data-end=\"835\">Uwaga: Nie mo\u017cna zwr\u00f3ci\u0107 pozosta\u0142ych p\u0142ytek. Kolor p\u0142ytki na zdj\u0119ciu mo\u017ce nieznacznie r\u00f3\u017cni\u0107 si\u0119 od rzeczywistego. Zalecamy zachowanie kilku p\u0142ytek na p\u00f3\u017aniejsz\u0105 wymian\u0119 lub napraw\u0119.<\/p>\n","protected":false},"excerpt":{"rendered":"<p><span style=\"font-weight: 400;\">Odkryj Vena Vecchia Matt od Tegelpartner \u2013 ekskluzywn\u0105 p\u0142ytk\u0119 porcelanow\u0105 o eleganckim wygl\u0105dzie marmuru<\/span><\/p>\n","protected":false},"featured_media":11994,"comment_status":"open","ping_status":"closed","template":"","meta":[],"product_brand":[],"product_cat":[97],"product_tag":[],"class_list":{"0":"post-11008","1":"product","2":"type-product","3":"status-publish","4":"has-post-thumbnail","6":"product_cat-plytki","8":"first","9":"instock","10":"taxable","11":"shipping-taxable","12":"purchasable","13":"product-type-simple"},"_links":{"self":[{"href":"https:\/\/tegelpartner.com\/pl\/wp-json\/wp\/v2\/product\/11008","targetHints":{"allow":["GET"]}}],"collection":[{"href":"https:\/\/tegelpartner.com\/pl\/wp-json\/wp\/v2\/product"}],"about":[{"href":"https:\/\/tegelpartner.com\/pl\/wp-json\/wp\/v2\/types\/product"}],"replies":[{"embeddable":true,"href":"https:\/\/tegelpartner.com\/pl\/wp-json\/wp\/v2\/comments?post=11008"}],"wp:featuredmedia":[{"embeddable":true,"href":"https:\/\/tegelpartner.com\/pl\/wp-json\/wp\/v2\/media\/11994"}],"wp:attachment":[{"href":"https:\/\/tegelpartner.com\/pl\/wp-json\/wp\/v2\/media?parent=11008"}],"wp:term":[{"taxonomy":"product_brand","embeddable":true,"href":"https:\/\/tegelpartner.com\/pl\/wp-json\/wp\/v2\/product_brand?post=11008"},{"taxonomy":"product_cat","embeddable":true,"href":"https:\/\/tegelpartner.com\/pl\/wp-json\/wp\/v2\/product_cat?post=11008"},{"taxonomy":"product_tag","embeddable":true,"href":"https:\/\/tegelpartner.com\/pl\/wp-json\/wp\/v2\/product_tag?post=11008"}],"curies":[{"name":"wp","href":"https:\/\/api.w.org\/{rel}","templated":true}]}}