{"id":10998,"date":"2025-11-01T15:43:37","date_gmt":"2025-11-01T15:43:37","guid":{"rendered":"https:\/\/tegelpartner.com\/product\/calacatta-stattuario-glans\/"},"modified":"2025-12-14T12:30:16","modified_gmt":"2025-12-14T12:30:16","slug":"calacatta-stattuario-glans","status":"publish","type":"product","link":"https:\/\/tegelpartner.com\/pl\/produkt\/calacatta-stattuario-glans\/?tp_size_option=1","title":{"rendered":"Calacatta Stattuario Glans"},"content":{"rendered":"<p>Odkryj ponadczasow\u0105 elegancj\u0119 Calacatta Statuario Gloss od Tegelpartner \u2013 ekskluzywnej p\u0142ytki porcelanowej o wyrafinowanym, w\u0142oskim wygl\u0105dzie marmuru. Jej b\u0142yszcz\u0105ca powierzchnia i du\u017cy format 60 x 120 cm tworz\u0105 luksusowy wygl\u0105d, kt\u00f3ry pasuje zar\u00f3wno do nowoczesnych, jak i klasycznych wn\u0119trz.<\/p>\n<p>P\u0142ytka Calacatta Statuario Gloss nadaje si\u0119 zar\u00f3wno na \u015bciany, jak i na pod\u0142og\u0119 i jest dostarczana pojedynczo (1,44 m\u00b2 w opakowaniu). Dzi\u0119ki rektyfikowanym kraw\u0119dziom, fugi s\u0105 bardzo cienkie, co zapewnia elegancki i smuk\u0142y wygl\u0105d. Ponadto p\u0142ytka jest mrozoodporna, dzi\u0119ki czemu nadaje si\u0119 zar\u00f3wno do stosowania wewn\u0105trz, jak i na zewn\u0105trz \u2013 idealnie nadaje si\u0119 do \u0142azienek, kuchni, salon\u00f3w i taras\u00f3w.<\/p>\n<p><b>Tw\u00f3j styl, nasza specjalno\u015b\u0107 \u2013 r\u00f3wnie\u017c w projektowaniu na zam\u00f3wienie<\/b><\/p>\n<p data-start=\"526\" data-end=\"835\">W Tegelpartner wszystko kr\u0119ci si\u0119 wok\u00f3\u0142 personalizacji i osobowo\u015bci.<br \/>\nNie widzisz od razu koloru ani wzoru, kt\u00f3rego szukasz, ale czy przyci\u0105ga Ci\u0119 jako\u015b\u0107 i konkurencyjna cena tych p\u0142ytek?<br \/>\nOferujemy r\u00f3wnie\u017c niestandardowe nadruki i rozwi\u0105zania na zam\u00f3wienie. Pomy\u015bl o unikalnym wzorze marmuru, konkretnym odcieniu koloru lub ca\u0142kowicie spersonalizowanym projekcie, kt\u00f3ry idealnie dopasuje si\u0119 do Twoich potrzeb aran\u017cacyjnych. Aby uzyska\u0107 wi\u0119cej informacji, napisz na adres info@tegelpartner.com<\/p>\n<p data-start=\"526\" data-end=\"835\">Uwaga: Nie mo\u017cna zwr\u00f3ci\u0107 pozosta\u0142ych p\u0142ytek. Kolor p\u0142ytki na zdj\u0119ciu mo\u017ce nieznacznie r\u00f3\u017cni\u0107 si\u0119 od rzeczywistego. Zalecamy zachowanie kilku p\u0142ytek na p\u00f3\u017aniejsz\u0105 wymian\u0119 lub napraw\u0119.<\/p>\n","protected":false},"excerpt":{"rendered":"<p>Odkryj ponadczasow\u0105 elegancj\u0119 p\u0142ytek Calacatta Statuario Glans od Tegelpartner, ekskluzywnych p\u0142ytek porcelanowych o wyrafinowanym wygl\u0105dzie w\u0142oskiego marmuru. <\/p>\n","protected":false},"featured_media":12000,"comment_status":"open","ping_status":"closed","template":"","meta":[],"product_brand":[],"product_cat":[97],"product_tag":[],"class_list":{"0":"post-10998","1":"product","2":"type-product","3":"status-publish","4":"has-post-thumbnail","6":"product_cat-plytki","8":"first","9":"instock","10":"taxable","11":"shipping-taxable","12":"purchasable","13":"product-type-simple"},"_links":{"self":[{"href":"https:\/\/tegelpartner.com\/pl\/wp-json\/wp\/v2\/product\/10998","targetHints":{"allow":["GET"]}}],"collection":[{"href":"https:\/\/tegelpartner.com\/pl\/wp-json\/wp\/v2\/product"}],"about":[{"href":"https:\/\/tegelpartner.com\/pl\/wp-json\/wp\/v2\/types\/product"}],"replies":[{"embeddable":true,"href":"https:\/\/tegelpartner.com\/pl\/wp-json\/wp\/v2\/comments?post=10998"}],"wp:featuredmedia":[{"embeddable":true,"href":"https:\/\/tegelpartner.com\/pl\/wp-json\/wp\/v2\/media\/12000"}],"wp:attachment":[{"href":"https:\/\/tegelpartner.com\/pl\/wp-json\/wp\/v2\/media?parent=10998"}],"wp:term":[{"taxonomy":"product_brand","embeddable":true,"href":"https:\/\/tegelpartner.com\/pl\/wp-json\/wp\/v2\/product_brand?post=10998"},{"taxonomy":"product_cat","embeddable":true,"href":"https:\/\/tegelpartner.com\/pl\/wp-json\/wp\/v2\/product_cat?post=10998"},{"taxonomy":"product_tag","embeddable":true,"href":"https:\/\/tegelpartner.com\/pl\/wp-json\/wp\/v2\/product_tag?post=10998"}],"curies":[{"name":"wp","href":"https:\/\/api.w.org\/{rel}","templated":true}]}}