{"id":11582,"date":"2026-01-02T10:52:49","date_gmt":"2026-01-02T10:52:49","guid":{"rendered":"https:\/\/tegelpartner.com\/?post_type=product&#038;p=11582"},"modified":"2026-01-02T18:39:25","modified_gmt":"2026-01-02T18:39:25","slug":"breccia-marino-naturel-kopie-kopie-kopie-kopie-kopie-kopie-kopie-kopie-kopie-kopie-kopie-kopie-kopie-kopie-kopie-kopie-kopie-kopie-kopie-kopie","status":"publish","type":"product","link":"https:\/\/tegelpartner.com\/fr\/produit\/breccia-marino-naturel-kopie-kopie-kopie-kopie-kopie-kopie-kopie-kopie-kopie-kopie-kopie-kopie-kopie-kopie-kopie-kopie-kopie-kopie-kopie-kopie\/","title":{"rendered":"Bande de travertin gris"},"content":{"rendered":"<p data-start=\"55\" data-end=\"146\"><strong data-start=\"55\" data-end=\"146\">Travertino Strip Grey \u2013 L&rsquo;\u00e9l\u00e9gance naturelle de Tegelpartner<\/strong><\/p>\n<p data-start=\"148\" data-end=\"437\">Le carrelage Travertino Strip Grey est un carrelage en porcelaine haut de gamme imitant \u00e0 la perfection le travertin dans des tons gris doux et naturels. Sa texture subtile et ses variations naturelles cr\u00e9ent une ambiance apaisante et raffin\u00e9e, id\u00e9ale pour tout espace et s&rsquo;harmonisant aussi bien avec les int\u00e9rieurs modernes que classiques. <\/p>\n<p data-start=\"439\" data-end=\"828\">Ce carreau convient aussi bien aux murs qu&rsquo;aux sols et est vendu \u00e0 l&rsquo;unit\u00e9. Ses bords rectifi\u00e9s permettent des joints impeccables, pour un rendu \u00e9l\u00e9gant et harmonieux. De plus, le Travertino Strip Grey r\u00e9siste au gel, ce qui le rend id\u00e9al pour les espaces int\u00e9rieurs et ext\u00e9rieurs, comme les salles de bains, les salons, les cuisines ou les terrasses.  <\/p>\n<h3 data-start=\"830\" data-end=\"884\">Votre style, notre sp\u00e9cialit\u00e9 \u2013 y compris en mati\u00e8re de design sur mesure<\/h3>\n<p data-start=\"886\" data-end=\"1328\">Chez Tegelpartner, la personnalisation et l&rsquo;expression de votre personnalit\u00e9 sont au c\u0153ur de tout.<br data-start=\"947\" data-end=\"950\">Vous appr\u00e9ciez la qualit\u00e9 et le prix comp\u00e9titif de ce carrelage, mais vous recherchez une autre teinte, une texture diff\u00e9rente ou un design unique ?<br data-start=\"1066\" data-end=\"1069\">Nous proposons \u00e9galement des impressions personnalis\u00e9es et des solutions sur mesure. Imaginez une variation de couleur personnalis\u00e9e, un motif subtil ou un design enti\u00e8rement personnalis\u00e9 qui s&rsquo;int\u00e8gre parfaitement \u00e0 votre d\u00e9coration int\u00e9rieure. Pour plus d&rsquo;informations, contactez-nous par e-mail \u00e0 l&rsquo;adresse<a class=\"decorated-link cursor-pointer\" rel=\"noopener\" data-start=\"1304\" data-end=\"1325\"> info@tegelpartner.com<\/a>.  <\/p>\n<p data-start=\"1330\" data-end=\"1567\"><strong data-start=\"1330\" data-end=\"1341\">Let op:<\/strong><br data-start=\"1341\" data-end=\"1344\">Overgebleven tegels kunnen niet geretourneerd worden. De kleur van de tegel op de afbeelding kan licht afwijken van de werkelijkheid. Wij adviseren om enkele extra tegels te bewaren voor toekomstige vervanging of reparatie.  <\/p>\n","protected":false},"excerpt":{"rendered":"<p data-start=\"1549\" data-end=\"1675\">Le carrelage Travertino Strip Grey est un carreau de porcelaine \u00e0 l&rsquo;aspect travertin naturel dans des tons gris doux \u2013 un choix intemporel pour tout int\u00e9rieur.<\/p>\n","protected":false},"featured_media":11866,"comment_status":"open","ping_status":"closed","template":"","meta":[],"product_brand":[],"product_cat":[95],"product_tag":[],"class_list":{"0":"post-11582","1":"product","2":"type-product","3":"status-publish","4":"has-post-thumbnail","6":"product_cat-carrelage","8":"first","9":"instock","10":"taxable","11":"shipping-taxable","12":"purchasable","13":"product-type-simple"},"_links":{"self":[{"href":"https:\/\/tegelpartner.com\/fr\/wp-json\/wp\/v2\/product\/11582","targetHints":{"allow":["GET"]}}],"collection":[{"href":"https:\/\/tegelpartner.com\/fr\/wp-json\/wp\/v2\/product"}],"about":[{"href":"https:\/\/tegelpartner.com\/fr\/wp-json\/wp\/v2\/types\/product"}],"replies":[{"embeddable":true,"href":"https:\/\/tegelpartner.com\/fr\/wp-json\/wp\/v2\/comments?post=11582"}],"wp:featuredmedia":[{"embeddable":true,"href":"https:\/\/tegelpartner.com\/fr\/wp-json\/wp\/v2\/media\/11866"}],"wp:attachment":[{"href":"https:\/\/tegelpartner.com\/fr\/wp-json\/wp\/v2\/media?parent=11582"}],"wp:term":[{"taxonomy":"product_brand","embeddable":true,"href":"https:\/\/tegelpartner.com\/fr\/wp-json\/wp\/v2\/product_brand?post=11582"},{"taxonomy":"product_cat","embeddable":true,"href":"https:\/\/tegelpartner.com\/fr\/wp-json\/wp\/v2\/product_cat?post=11582"},{"taxonomy":"product_tag","embeddable":true,"href":"https:\/\/tegelpartner.com\/fr\/wp-json\/wp\/v2\/product_tag?post=11582"}],"curies":[{"name":"wp","href":"https:\/\/api.w.org\/{rel}","templated":true}]}}