{"id":11568,"date":"2026-01-02T10:51:13","date_gmt":"2026-01-02T10:51:13","guid":{"rendered":"https:\/\/tegelpartner.com\/?post_type=product&#038;p=11568"},"modified":"2026-01-02T19:09:17","modified_gmt":"2026-01-02T19:09:17","slug":"breccia-marino-naturel-kopie-kopie-kopie-kopie-kopie-kopie-kopie-kopie-kopie-kopie-kopie-kopie-kopie-kopie-kopie-kopie-kopie-kopie-kopie","status":"publish","type":"product","link":"https:\/\/tegelpartner.com\/fr\/produit\/breccia-marino-naturel-kopie-kopie-kopie-kopie-kopie-kopie-kopie-kopie-kopie-kopie-kopie-kopie-kopie-kopie-kopie-kopie-kopie-kopie-kopie\/","title":{"rendered":"Tramway de Venise"},"content":{"rendered":"<p data-start=\"55\" data-end=\"134\"><strong data-start=\"55\" data-end=\"134\">Trama Venice \u2013 L&rsquo;\u00e9l\u00e9gance intemporelle de Tegelpartner<\/strong><\/p>\n<p data-start=\"136\" data-end=\"453\"><strong data-start=\"139\" data-end=\"155\">Trama Venice<\/strong> est un carrelage en porcelaine haut de gamme \u00e0 l&rsquo;aspect pierre naturelle raffin\u00e9, \u00e9voquant la beaut\u00e9 classique de Venise. Ses tons doux et chauds, ainsi que sa texture subtile rappelant le marbre, conf\u00e8rent \u00e0 tout espace une atmosph\u00e8re sereine et luxueuse, s&rsquo;harmonisant aussi bien avec les int\u00e9rieurs modernes que classiques. <\/p>\n<p data-start=\"455\" data-end=\"835\">Ce carreau convient aussi bien aux murs qu&rsquo;aux sols et est vendu \u00e0 l&rsquo;unit\u00e9. Ses bords rectifi\u00e9s permettent des joints impeccables, pour un rendu \u00e9l\u00e9gant et harmonieux. R\u00e9sistant au gel, Trama Venice est id\u00e9al pour les espaces int\u00e9rieurs et ext\u00e9rieurs, tels que les salles de bains, les salons, les cuisines ou les terrasses.  <\/p>\n<h3 data-start=\"837\" data-end=\"891\">Votre style, notre sp\u00e9cialit\u00e9 \u2013 y compris en mati\u00e8re de design sur mesure<\/h3>\n<p data-start=\"893\" data-end=\"1335\">Chez Tegelpartner, la personnalisation et l&rsquo;expression de votre personnalit\u00e9 sont au c\u0153ur de tout.<br data-start=\"954\" data-end=\"957\">Vous appr\u00e9ciez la qualit\u00e9 et le prix comp\u00e9titif de ce carrelage, mais vous recherchez une autre teinte, une texture diff\u00e9rente ou un design unique ?<br data-start=\"1073\" data-end=\"1076\">Nous proposons \u00e9galement des impressions personnalis\u00e9es et des solutions sur mesure. Imaginez une variation de couleur personnalis\u00e9e, un motif subtil ou un design enti\u00e8rement personnalis\u00e9 qui s&rsquo;int\u00e8gre parfaitement \u00e0 votre d\u00e9coration int\u00e9rieure. Pour plus d&rsquo;informations, contactez-nous par e-mail \u00e0 l&rsquo;adresse<a class=\"decorated-link cursor-pointer\" rel=\"noopener\" data-start=\"1311\" data-end=\"1332\"> info@tegelpartner.com<\/a>.  <\/p>\n<p data-start=\"1337\" data-end=\"1574\">Remarque :<br data-start=\"1348\" data-end=\"1351\">Les carreaux restants ne peuvent \u00eatre retourn\u00e9s. La couleur des carreaux sur l\u2019image peut l\u00e9g\u00e8rement diff\u00e9rer de celle des carreaux r\u00e9els. Nous vous recommandons de conserver quelques carreaux suppl\u00e9mentaires pour un remplacement ou une r\u00e9paration ult\u00e9rieure.  <\/p>\n","protected":false},"excerpt":{"rendered":"<p data-start=\"1549\" data-end=\"1675\">Le carrelage Trama Venice est un carrelage en porcelaine \u00e0 l&rsquo;aspect raffin\u00e9 de pierre naturelle et aux tons chauds et classiques \u2013 un choix \u00e9l\u00e9gant pour tout int\u00e9rieur.<\/p>\n","protected":false},"featured_media":11872,"comment_status":"open","ping_status":"closed","template":"","meta":[],"product_brand":[],"product_cat":[95],"product_tag":[],"class_list":{"0":"post-11568","1":"product","2":"type-product","3":"status-publish","4":"has-post-thumbnail","6":"product_cat-carrelage","8":"first","9":"instock","10":"taxable","11":"shipping-taxable","12":"purchasable","13":"product-type-simple"},"_links":{"self":[{"href":"https:\/\/tegelpartner.com\/fr\/wp-json\/wp\/v2\/product\/11568","targetHints":{"allow":["GET"]}}],"collection":[{"href":"https:\/\/tegelpartner.com\/fr\/wp-json\/wp\/v2\/product"}],"about":[{"href":"https:\/\/tegelpartner.com\/fr\/wp-json\/wp\/v2\/types\/product"}],"replies":[{"embeddable":true,"href":"https:\/\/tegelpartner.com\/fr\/wp-json\/wp\/v2\/comments?post=11568"}],"wp:featuredmedia":[{"embeddable":true,"href":"https:\/\/tegelpartner.com\/fr\/wp-json\/wp\/v2\/media\/11872"}],"wp:attachment":[{"href":"https:\/\/tegelpartner.com\/fr\/wp-json\/wp\/v2\/media?parent=11568"}],"wp:term":[{"taxonomy":"product_brand","embeddable":true,"href":"https:\/\/tegelpartner.com\/fr\/wp-json\/wp\/v2\/product_brand?post=11568"},{"taxonomy":"product_cat","embeddable":true,"href":"https:\/\/tegelpartner.com\/fr\/wp-json\/wp\/v2\/product_cat?post=11568"},{"taxonomy":"product_tag","embeddable":true,"href":"https:\/\/tegelpartner.com\/fr\/wp-json\/wp\/v2\/product_tag?post=11568"}],"curies":[{"name":"wp","href":"https:\/\/api.w.org\/{rel}","templated":true}]}}