{"id":11554,"date":"2026-01-02T10:49:59","date_gmt":"2026-01-02T10:49:59","guid":{"rendered":"https:\/\/tegelpartner.com\/?post_type=product&#038;p=11554"},"modified":"2026-01-02T19:14:17","modified_gmt":"2026-01-02T19:14:17","slug":"breccia-marino-naturel-kopie-kopie-kopie-kopie-kopie-kopie-kopie-kopie-kopie-kopie-kopie-kopie-kopie-kopie-kopie-kopie-kopie-kopie","status":"publish","type":"product","link":"https:\/\/tegelpartner.com\/fr\/produit\/breccia-marino-naturel-kopie-kopie-kopie-kopie-kopie-kopie-kopie-kopie-kopie-kopie-kopie-kopie-kopie-kopie-kopie-kopie-kopie-kopie\/","title":{"rendered":"Cuivre Rusto"},"content":{"rendered":"<p data-start=\"55\" data-end=\"142\"><strong data-start=\"55\" data-end=\"142\">Rusto Copper \u2013 Carrelage chaleureux et plein de caract\u00e8re de Tegelpartner<\/strong><\/p>\n<p data-start=\"144\" data-end=\"451\">Rusto Copper est un carrelage en porcelaine \u00e0 l&rsquo;aspect riche et chaleureux, dans des tons cuivr\u00e9s et terreux. Ses variations de couleurs expressives et sa texture subtile conf\u00e8rent \u00e0 toute pi\u00e8ce une ambiance chaleureuse et accueillante, ainsi qu&rsquo;une base de caract\u00e8re qui s&rsquo;harmonise avec les int\u00e9rieurs modernes et classiques. <\/p>\n<p data-start=\"453\" data-end=\"833\">Ce carreau convient aussi bien aux murs qu&rsquo;aux sols et est vendu \u00e0 l&rsquo;unit\u00e9. Ses bords rectifi\u00e9s permettent des joints impeccables, pour un rendu \u00e9l\u00e9gant et harmonieux. De plus, Rusto Copper r\u00e9siste au gel, ce qui le rend id\u00e9al pour les espaces int\u00e9rieurs et ext\u00e9rieurs, comme les salles de bains, les salons, les cuisines ou les terrasses.  <\/p>\n<h3 data-start=\"835\" data-end=\"889\">Votre style, notre sp\u00e9cialit\u00e9 \u2013 y compris en mati\u00e8re de design sur mesure<\/h3>\n<p data-start=\"891\" data-end=\"1331\">Chez Tegelpartner, la personnalisation et l&rsquo;expression de votre personnalit\u00e9 sont au c\u0153ur de tout.<br data-start=\"952\" data-end=\"955\">Vous appr\u00e9ciez la qualit\u00e9 et le prix comp\u00e9titif de ce carrelage, mais vous recherchez une autre teinte, une texture diff\u00e9rente ou un design unique ?<br data-start=\"1069\" data-end=\"1072\">Nous proposons \u00e9galement des impressions personnalis\u00e9es et des solutions sur mesure. Imaginez une variation de couleur personnalis\u00e9e, un motif subtil ou un design enti\u00e8rement personnalis\u00e9 qui s&rsquo;int\u00e8gre parfaitement \u00e0 votre d\u00e9coration int\u00e9rieure. Pour plus d&rsquo;informations, contactez-nous par e-mail \u00e0 l&rsquo;adresse <a class=\"decorated-link cursor-pointer\" rel=\"noopener\" data-start=\"1307\" data-end=\"1328\">info@tegelpartner.com<\/a>.  <\/p>\n<p data-start=\"1333\" data-end=\"1570\">Remarque :<br data-start=\"1344\" data-end=\"1347\">Les carreaux restants ne peuvent \u00eatre retourn\u00e9s. La couleur des carreaux sur l\u2019image peut l\u00e9g\u00e8rement diff\u00e9rer de celle des carreaux r\u00e9els. Nous vous recommandons de conserver quelques carreaux suppl\u00e9mentaires pour un remplacement ou une r\u00e9paration ult\u00e9rieure.  <\/p>\n","protected":false},"excerpt":{"rendered":"<p data-start=\"1549\" data-end=\"1675\">Le carrelage Rusto Copper est un carreau de porcelaine \u00e0 l&rsquo;aspect pierre naturelle chaud, dans les tons cuivr\u00e9s rouge\u00e2tres \u2014 un choix plein de caract\u00e8re pour tout int\u00e9rieur.<\/p>\n","protected":false},"featured_media":11878,"comment_status":"open","ping_status":"closed","template":"","meta":[],"product_brand":[],"product_cat":[95],"product_tag":[],"class_list":{"0":"post-11554","1":"product","2":"type-product","3":"status-publish","4":"has-post-thumbnail","6":"product_cat-carrelage","8":"first","9":"instock","10":"taxable","11":"shipping-taxable","12":"purchasable","13":"product-type-simple"},"_links":{"self":[{"href":"https:\/\/tegelpartner.com\/fr\/wp-json\/wp\/v2\/product\/11554","targetHints":{"allow":["GET"]}}],"collection":[{"href":"https:\/\/tegelpartner.com\/fr\/wp-json\/wp\/v2\/product"}],"about":[{"href":"https:\/\/tegelpartner.com\/fr\/wp-json\/wp\/v2\/types\/product"}],"replies":[{"embeddable":true,"href":"https:\/\/tegelpartner.com\/fr\/wp-json\/wp\/v2\/comments?post=11554"}],"wp:featuredmedia":[{"embeddable":true,"href":"https:\/\/tegelpartner.com\/fr\/wp-json\/wp\/v2\/media\/11878"}],"wp:attachment":[{"href":"https:\/\/tegelpartner.com\/fr\/wp-json\/wp\/v2\/media?parent=11554"}],"wp:term":[{"taxonomy":"product_brand","embeddable":true,"href":"https:\/\/tegelpartner.com\/fr\/wp-json\/wp\/v2\/product_brand?post=11554"},{"taxonomy":"product_cat","embeddable":true,"href":"https:\/\/tegelpartner.com\/fr\/wp-json\/wp\/v2\/product_cat?post=11554"},{"taxonomy":"product_tag","embeddable":true,"href":"https:\/\/tegelpartner.com\/fr\/wp-json\/wp\/v2\/product_tag?post=11554"}],"curies":[{"name":"wp","href":"https:\/\/api.w.org\/{rel}","templated":true}]}}