{"id":11512,"date":"2026-01-02T10:44:37","date_gmt":"2026-01-02T10:44:37","guid":{"rendered":"https:\/\/tegelpartner.com\/?post_type=product&#038;p=11512"},"modified":"2026-01-02T19:33:26","modified_gmt":"2026-01-02T19:33:26","slug":"breccia-marino-naturel-kopie-kopie-kopie-kopie-kopie-kopie-kopie-kopie-kopie-kopie-kopie-kopie-kopie-kopie-kopie","status":"publish","type":"product","link":"https:\/\/tegelpartner.com\/fr\/produit\/breccia-marino-naturel-kopie-kopie-kopie-kopie-kopie-kopie-kopie-kopie-kopie-kopie-kopie-kopie-kopie-kopie-kopie\/","title":{"rendered":"Beige Reddell"},"content":{"rendered":"<p data-start=\"55\" data-end=\"143\"><strong data-start=\"55\" data-end=\"143\">Reddell Beige \u2013 Carrelage chaleureux et polyvalent de Tegelpartner<\/strong><\/p>\n<p data-start=\"145\" data-end=\"414\">Reddell Beige est un carrelage en porcelaine haut de gamme imitant \u00e0 la perfection la pierre naturelle, dans des tons beige doux et sable. Sa couleur chaleureuse et sa texture subtile cr\u00e9ent une ambiance apaisante et feutr\u00e9e dans toutes les pi\u00e8ces, s&rsquo;harmonisant aussi bien avec les int\u00e9rieurs modernes que classiques. <\/p>\n<p data-start=\"416\" data-end=\"798\">Ce carreau convient aussi bien aux murs qu&rsquo;aux sols et est vendu \u00e0 l&rsquo;unit\u00e9. Ses bords rectifi\u00e9s permettent des joints impeccables, pour un rendu harmonieux et raffin\u00e9. De plus, le coloris Beige Rouge est r\u00e9sistant au gel, ce qui le rend id\u00e9al pour les espaces int\u00e9rieurs et ext\u00e9rieurs, tels que les salles de bains, les salons, les cuisines ou les terrasses.  <\/p>\n<h3 data-start=\"800\" data-end=\"854\">Votre style, notre sp\u00e9cialit\u00e9 \u2013 y compris en mati\u00e8re de design sur mesure<\/h3>\n<p data-start=\"856\" data-end=\"1297\">Chez Tegelpartner, la personnalisation et l&rsquo;expression de votre personnalit\u00e9 sont au c\u0153ur de tout.<br data-start=\"917\" data-end=\"920\">Vous appr\u00e9ciez la qualit\u00e9 et le prix comp\u00e9titif de ce carrelage, mais vous recherchez une autre teinte, une texture diff\u00e9rente ou un design unique ?<br data-start=\"1036\" data-end=\"1039\">Nous proposons \u00e9galement des impressions personnalis\u00e9es et des solutions sur mesure. Imaginez une couleur personnalis\u00e9e, un motif subtil ou un design enti\u00e8rement personnalis\u00e9 qui s&rsquo;int\u00e8gre parfaitement \u00e0 votre d\u00e9coration int\u00e9rieure. Pour plus d&rsquo;informations, contactez-nous par e-mail \u00e0 l&rsquo;adresse <a class=\"decorated-link cursor-pointer\" rel=\"noopener\" data-start=\"1273\" data-end=\"1294\">info@tegelpartner.com<\/a>.  <\/p>\n<p data-start=\"1299\" data-end=\"1536\">Remarque :<br data-start=\"1310\" data-end=\"1313\">Les carreaux restants ne peuvent \u00eatre retourn\u00e9s. La couleur des carreaux sur l\u2019image peut l\u00e9g\u00e8rement diff\u00e9rer de celle des carreaux r\u00e9els. Nous vous recommandons de conserver quelques carreaux suppl\u00e9mentaires pour un remplacement ou une r\u00e9paration ult\u00e9rieure.  <\/p>\n","protected":false},"excerpt":{"rendered":"<p data-start=\"1549\" data-end=\"1675\">De <strong data-start=\"1559\" data-end=\"1576\">Reddell Beige<\/strong> is een porseleinen tegel met een warme beige natuursteenlook \u2013 een veelzijdige keuze voor elk interieur.<\/p>\n","protected":false},"featured_media":11896,"comment_status":"open","ping_status":"closed","template":"","meta":[],"product_brand":[],"product_cat":[95],"product_tag":[],"class_list":{"0":"post-11512","1":"product","2":"type-product","3":"status-publish","4":"has-post-thumbnail","6":"product_cat-carrelage","8":"first","9":"instock","10":"taxable","11":"shipping-taxable","12":"purchasable","13":"product-type-simple"},"_links":{"self":[{"href":"https:\/\/tegelpartner.com\/fr\/wp-json\/wp\/v2\/product\/11512","targetHints":{"allow":["GET"]}}],"collection":[{"href":"https:\/\/tegelpartner.com\/fr\/wp-json\/wp\/v2\/product"}],"about":[{"href":"https:\/\/tegelpartner.com\/fr\/wp-json\/wp\/v2\/types\/product"}],"replies":[{"embeddable":true,"href":"https:\/\/tegelpartner.com\/fr\/wp-json\/wp\/v2\/comments?post=11512"}],"wp:featuredmedia":[{"embeddable":true,"href":"https:\/\/tegelpartner.com\/fr\/wp-json\/wp\/v2\/media\/11896"}],"wp:attachment":[{"href":"https:\/\/tegelpartner.com\/fr\/wp-json\/wp\/v2\/media?parent=11512"}],"wp:term":[{"taxonomy":"product_brand","embeddable":true,"href":"https:\/\/tegelpartner.com\/fr\/wp-json\/wp\/v2\/product_brand?post=11512"},{"taxonomy":"product_cat","embeddable":true,"href":"https:\/\/tegelpartner.com\/fr\/wp-json\/wp\/v2\/product_cat?post=11512"},{"taxonomy":"product_tag","embeddable":true,"href":"https:\/\/tegelpartner.com\/fr\/wp-json\/wp\/v2\/product_tag?post=11512"}],"curies":[{"name":"wp","href":"https:\/\/api.w.org\/{rel}","templated":true}]}}