{"id":11484,"date":"2026-01-02T10:40:54","date_gmt":"2026-01-02T10:40:54","guid":{"rendered":"https:\/\/tegelpartner.com\/?post_type=product&#038;p=11484"},"modified":"2026-01-02T19:45:25","modified_gmt":"2026-01-02T19:45:25","slug":"breccia-marino-naturel-kopie-kopie-kopie-kopie-kopie-kopie-kopie-kopie-kopie-kopie-kopie-kopie-kopie","status":"publish","type":"product","link":"https:\/\/tegelpartner.com\/fr\/produit\/breccia-marino-naturel-kopie-kopie-kopie-kopie-kopie-kopie-kopie-kopie-kopie-kopie-kopie-kopie-kopie\/","title":{"rendered":"Rouille d&rsquo;olivier"},"content":{"rendered":"<p data-start=\"55\" data-end=\"140\"><strong data-start=\"55\" data-end=\"140\">Oliva Rust \u2013 Carrelage chaleureux et de caract\u00e8re de Tegelpartner<\/strong><\/p>\n<p data-start=\"142\" data-end=\"405\">Oliva Rust est un carrelage en porcelaine \u00e0 l&rsquo;aspect pierre naturelle unique, dans des tons chauds, rouille et terreux. Ses nuances \u00e0 la fois vibrantes et apaisantes conf\u00e8rent \u00e0 toute pi\u00e8ce une atmosph\u00e8re chaleureuse et accueillante, s&rsquo;harmonisant aussi bien avec les int\u00e9rieurs modernes que classiques. <\/p>\n<p data-start=\"407\" data-end=\"785\">Ce carreau convient aussi bien aux murs qu&rsquo;aux sols et est vendu \u00e0 l&rsquo;unit\u00e9. Ses bords rectifi\u00e9s permettent des joints impeccables, pour un rendu \u00e9l\u00e9gant et harmonieux. De plus, Oliva Rust r\u00e9siste au gel, ce qui le rend id\u00e9al pour les espaces int\u00e9rieurs et ext\u00e9rieurs, comme les salles de bains, les salons, les cuisines ou les terrasses.  <\/p>\n<h3 data-start=\"787\" data-end=\"841\">Votre style, notre sp\u00e9cialit\u00e9 \u2013 y compris en mati\u00e8re de design sur mesure<\/h3>\n<p data-start=\"843\" data-end=\"1285\">Chez Tegelpartner, la personnalisation et l&rsquo;expression de votre personnalit\u00e9 sont au c\u0153ur de tout.<br data-start=\"904\" data-end=\"907\">Vous appr\u00e9ciez la qualit\u00e9 et le prix comp\u00e9titif de ce carrelage, mais vous recherchez une autre teinte, une texture diff\u00e9rente ou un design unique ?<br data-start=\"1023\" data-end=\"1026\">Nous proposons \u00e9galement des impressions personnalis\u00e9es et des solutions sur mesure. Imaginez une variation de couleur personnalis\u00e9e, un motif subtil ou un design enti\u00e8rement personnalis\u00e9 qui s&rsquo;int\u00e8gre parfaitement \u00e0 votre d\u00e9coration int\u00e9rieure. Pour plus d&rsquo;informations, contactez-nous par e-mail \u00e0 l&rsquo;adresse<a class=\"decorated-link cursor-pointer\" rel=\"noopener\" data-start=\"1261\" data-end=\"1282\"> info@tegelpartner.com<\/a>.  <\/p>\n<p data-start=\"1287\" data-end=\"1524\">Veuillez noter :<br data-start=\"1298\" data-end=\"1301\">Les carreaux restants ne peuvent \u00eatre retourn\u00e9s. La couleur du carreau sur l\u2019image peut l\u00e9g\u00e8rement diff\u00e9rer de celle du carreau r\u00e9el.  Nous vous recommandons de conserver quelques carreaux suppl\u00e9mentaires pour un remplacement ou une r\u00e9paration ult\u00e9rieure.<\/p>\n","protected":false},"excerpt":{"rendered":"<p data-start=\"1544\" data-end=\"1676\">Oliva Rust est un carreau de porcelaine \u00e0 l&rsquo;aspect pierre naturelle, chaleureux et de couleur rouille \u2013 un choix plein de caract\u00e8re pour tout int\u00e9rieur.<\/p>\n","protected":false},"featured_media":11908,"comment_status":"open","ping_status":"closed","template":"","meta":[],"product_brand":[],"product_cat":[95],"product_tag":[],"class_list":{"0":"post-11484","1":"product","2":"type-product","3":"status-publish","4":"has-post-thumbnail","6":"product_cat-carrelage","8":"first","9":"instock","10":"taxable","11":"shipping-taxable","12":"purchasable","13":"product-type-simple"},"_links":{"self":[{"href":"https:\/\/tegelpartner.com\/fr\/wp-json\/wp\/v2\/product\/11484","targetHints":{"allow":["GET"]}}],"collection":[{"href":"https:\/\/tegelpartner.com\/fr\/wp-json\/wp\/v2\/product"}],"about":[{"href":"https:\/\/tegelpartner.com\/fr\/wp-json\/wp\/v2\/types\/product"}],"replies":[{"embeddable":true,"href":"https:\/\/tegelpartner.com\/fr\/wp-json\/wp\/v2\/comments?post=11484"}],"wp:featuredmedia":[{"embeddable":true,"href":"https:\/\/tegelpartner.com\/fr\/wp-json\/wp\/v2\/media\/11908"}],"wp:attachment":[{"href":"https:\/\/tegelpartner.com\/fr\/wp-json\/wp\/v2\/media?parent=11484"}],"wp:term":[{"taxonomy":"product_brand","embeddable":true,"href":"https:\/\/tegelpartner.com\/fr\/wp-json\/wp\/v2\/product_brand?post=11484"},{"taxonomy":"product_cat","embeddable":true,"href":"https:\/\/tegelpartner.com\/fr\/wp-json\/wp\/v2\/product_cat?post=11484"},{"taxonomy":"product_tag","embeddable":true,"href":"https:\/\/tegelpartner.com\/fr\/wp-json\/wp\/v2\/product_tag?post=11484"}],"curies":[{"name":"wp","href":"https:\/\/api.w.org\/{rel}","templated":true}]}}