{"id":11455,"date":"2026-01-02T10:37:44","date_gmt":"2026-01-02T10:37:44","guid":{"rendered":"https:\/\/tegelpartner.com\/?post_type=product&#038;p=11455"},"modified":"2026-01-02T20:04:54","modified_gmt":"2026-01-02T20:04:54","slug":"breccia-marino-naturel-kopie-kopie-kopie-kopie-kopie-kopie-kopie-kopie-kopie-kopie-kopie","status":"publish","type":"product","link":"https:\/\/tegelpartner.com\/fr\/produit\/breccia-marino-naturel-kopie-kopie-kopie-kopie-kopie-kopie-kopie-kopie-kopie-kopie-kopie\/","title":{"rendered":"Nicolas Crema"},"content":{"rendered":"<p data-start=\"150\" data-end=\"425\">Nicolas Crema est un carrelage en porcelaine haut de gamme imitant \u00e0 la perfection la pierre naturelle dans des tons cr\u00e8me chauds. Sa couleur douce et sa texture subtile conf\u00e8rent \u00e0 toute pi\u00e8ce une ambiance \u00e9l\u00e9gante et confortable, s&rsquo;harmonisant \u00e0 merveille avec les int\u00e9rieurs modernes et classiques. <\/p>\n<p data-start=\"427\" data-end=\"810\">Ce carreau convient aussi bien aux murs qu&rsquo;aux sols et est vendu \u00e0 l&rsquo;unit\u00e9. Ses bords rectifi\u00e9s permettent des joints impeccables, pour un rendu \u00e9l\u00e9gant et harmonieux. R\u00e9sistant au gel, Nicolas Crema est id\u00e9al pour les espaces int\u00e9rieurs et ext\u00e9rieurs, tels que les salles de bains, les salons, les cuisines ou les terrasses.  <\/p>\n<h3 data-start=\"812\" data-end=\"866\">Votre style, notre sp\u00e9cialit\u00e9 \u2013 y compris en mati\u00e8re de design sur mesure<\/h3>\n<p data-start=\"868\" data-end=\"1307\">Chez Tegelpartner, la personnalisation et l&rsquo;expression de votre personnalit\u00e9 sont au c\u0153ur de tout.<br data-start=\"929\" data-end=\"932\">Vous appr\u00e9ciez la qualit\u00e9 et le prix comp\u00e9titif de ce carrelage, mais vous recherchez une autre teinte, une texture diff\u00e9rente ou un design unique ?<br data-start=\"1046\" data-end=\"1049\">Nous proposons \u00e9galement des impressions personnalis\u00e9es et des solutions sur mesure. Imaginez une couleur personnalis\u00e9e, un motif subtil ou un design enti\u00e8rement personnalis\u00e9 qui s&rsquo;int\u00e8gre parfaitement \u00e0 votre d\u00e9coration int\u00e9rieure. Pour plus d&rsquo;informations, contactez-nous par e-mail \u00e0 l&rsquo;adresse <a class=\"decorated-link cursor-pointer\" rel=\"noopener\" data-start=\"1283\" data-end=\"1304\">info@tegelpartner.com<\/a>.  <\/p>\n<p data-start=\"1309\" data-end=\"1550\">Veuillez noter :<br data-start=\"1320\" data-end=\"1323\">Les carreaux restants ne peuvent \u00eatre retourn\u00e9s. La couleur du carreau sur l\u2019image peut l\u00e9g\u00e8rement diff\u00e9rer de celle du carreau r\u00e9el.  Nous vous recommandons de conserver quelques carreaux suppl\u00e9mentaires pour un remplacement ou une r\u00e9paration ult\u00e9rieure.<\/p>\n","protected":false},"excerpt":{"rendered":"<p data-start=\"1605\" data-end=\"1755\">Le Nicolas Crema est un carreau de porcelaine \u00e0 la teinte cr\u00e8me chaude et \u00e0 l&rsquo;aspect \u00e9l\u00e9gant de pierre naturelle \u2013 un choix intemporel pour tout int\u00e9rieur.<\/p>\n","protected":false},"featured_media":11920,"comment_status":"open","ping_status":"closed","template":"","meta":[],"product_brand":[],"product_cat":[95],"product_tag":[],"class_list":{"0":"post-11455","1":"product","2":"type-product","3":"status-publish","4":"has-post-thumbnail","6":"product_cat-carrelage","8":"first","9":"instock","10":"taxable","11":"shipping-taxable","12":"purchasable","13":"product-type-simple"},"_links":{"self":[{"href":"https:\/\/tegelpartner.com\/fr\/wp-json\/wp\/v2\/product\/11455","targetHints":{"allow":["GET"]}}],"collection":[{"href":"https:\/\/tegelpartner.com\/fr\/wp-json\/wp\/v2\/product"}],"about":[{"href":"https:\/\/tegelpartner.com\/fr\/wp-json\/wp\/v2\/types\/product"}],"replies":[{"embeddable":true,"href":"https:\/\/tegelpartner.com\/fr\/wp-json\/wp\/v2\/comments?post=11455"}],"wp:featuredmedia":[{"embeddable":true,"href":"https:\/\/tegelpartner.com\/fr\/wp-json\/wp\/v2\/media\/11920"}],"wp:attachment":[{"href":"https:\/\/tegelpartner.com\/fr\/wp-json\/wp\/v2\/media?parent=11455"}],"wp:term":[{"taxonomy":"product_brand","embeddable":true,"href":"https:\/\/tegelpartner.com\/fr\/wp-json\/wp\/v2\/product_brand?post=11455"},{"taxonomy":"product_cat","embeddable":true,"href":"https:\/\/tegelpartner.com\/fr\/wp-json\/wp\/v2\/product_cat?post=11455"},{"taxonomy":"product_tag","embeddable":true,"href":"https:\/\/tegelpartner.com\/fr\/wp-json\/wp\/v2\/product_tag?post=11455"}],"curies":[{"name":"wp","href":"https:\/\/api.w.org\/{rel}","templated":true}]}}