{"id":11413,"date":"2026-01-02T10:33:26","date_gmt":"2026-01-02T10:33:26","guid":{"rendered":"https:\/\/tegelpartner.com\/?post_type=product&#038;p=11413"},"modified":"2026-01-02T20:16:38","modified_gmt":"2026-01-02T20:16:38","slug":"breccia-marino-naturel-kopie-kopie-kopie-kopie-kopie-kopie-kopie-kopie","status":"publish","type":"product","link":"https:\/\/tegelpartner.com\/fr\/produit\/breccia-marino-naturel-kopie-kopie-kopie-kopie-kopie-kopie-kopie-kopie\/","title":{"rendered":"Moka Grey"},"content":{"rendered":"<p data-start=\"55\" data-end=\"127\"><strong data-start=\"55\" data-end=\"127\">Moka Grey \u2013 Un style intemporel sign\u00e9 Tegelpartner<\/strong><\/p>\n<p data-start=\"129\" data-end=\"412\">Moka Grey est un carrelage en porcelaine \u00e9l\u00e9gant, \u00e0 l&rsquo;aspect pierre naturelle raffin\u00e9, d\u00e9clin\u00e9 dans des tons chauds de gris.<br \/>Sa couleur \u00e0 la fois apaisante et pleine de caract\u00e8re, ainsi que sa texture subtile, cr\u00e9ent une base \u00e9l\u00e9gante et accueillante pour tout espace, s&rsquo;harmonisant parfaitement avec les int\u00e9rieurs modernes et classiques.<\/p>\n<p data-start=\"414\" data-end=\"808\">Ce carreau convient aussi bien aux murs qu&rsquo;aux sols et est vendu \u00e0 l&rsquo;unit\u00e9. Ses bords rectifi\u00e9s permettent des joints impeccables, pour un r\u00e9sultat harmonieux et de grande qualit\u00e9. De plus, le Moka Grey r\u00e9siste au gel, ce qui le rend id\u00e9al pour une utilisation int\u00e9rieure et ext\u00e9rieure : salles de bains, salons, cuisines, terrasses, etc.  <\/p>\n<h3 data-start=\"810\" data-end=\"864\">Votre style, notre sp\u00e9cialit\u00e9 \u2013 y compris en mati\u00e8re de design sur mesure<\/h3>\n<p data-start=\"866\" data-end=\"1313\">Chez Tegelpartner, la personnalisation et l&rsquo;expression de votre personnalit\u00e9 sont au c\u0153ur de tout.<br data-start=\"927\" data-end=\"930\">Vous appr\u00e9ciez la qualit\u00e9 et le prix comp\u00e9titif de ce carrelage, mais vous recherchez une autre teinte, une texture diff\u00e9rente ou un design unique ?<br data-start=\"1046\" data-end=\"1049\">Nous proposons \u00e9galement des impressions personnalis\u00e9es et des solutions sur mesure. Imaginez une couleur personnalis\u00e9e, une texture unique ou un design enti\u00e8rement personnalis\u00e9 qui s&rsquo;int\u00e8gre parfaitement \u00e0 votre d\u00e9coration int\u00e9rieure. Pour plus d&rsquo;informations, contactez-nous par e-mail \u00e0 l&rsquo;adresse <a class=\"decorated-link cursor-pointer\" rel=\"noopener\" data-start=\"1289\" data-end=\"1310\">info@tegelpartner.com<\/a>.  <\/p>\n<p data-start=\"1315\" data-end=\"1552\">Veuillez noter :<br data-start=\"1326\" data-end=\"1329\">Les carreaux restants ne peuvent \u00eatre retourn\u00e9s. La couleur du carreau sur l\u2019image peut l\u00e9g\u00e8rement diff\u00e9rer de celle du carreau r\u00e9el.  Nous vous recommandons de conserver quelques carreaux suppl\u00e9mentaires pour un remplacement ou une r\u00e9paration ult\u00e9rieure.<\/p>\n","protected":false},"excerpt":{"rendered":"<p data-start=\"1605\" data-end=\"1755\">Le Moka Grey est un carreau de porcelaine \u00e0 l&rsquo;aspect pierre naturelle raffin\u00e9, dans des tons gris chauds \u2013 un choix intemporel pour tout int\u00e9rieur.<\/p>\n","protected":false},"featured_media":11938,"comment_status":"open","ping_status":"closed","template":"","meta":[],"product_brand":[],"product_cat":[95],"product_tag":[],"class_list":{"0":"post-11413","1":"product","2":"type-product","3":"status-publish","4":"has-post-thumbnail","6":"product_cat-carrelage","8":"first","9":"instock","10":"taxable","11":"shipping-taxable","12":"purchasable","13":"product-type-simple"},"_links":{"self":[{"href":"https:\/\/tegelpartner.com\/fr\/wp-json\/wp\/v2\/product\/11413","targetHints":{"allow":["GET"]}}],"collection":[{"href":"https:\/\/tegelpartner.com\/fr\/wp-json\/wp\/v2\/product"}],"about":[{"href":"https:\/\/tegelpartner.com\/fr\/wp-json\/wp\/v2\/types\/product"}],"replies":[{"embeddable":true,"href":"https:\/\/tegelpartner.com\/fr\/wp-json\/wp\/v2\/comments?post=11413"}],"wp:featuredmedia":[{"embeddable":true,"href":"https:\/\/tegelpartner.com\/fr\/wp-json\/wp\/v2\/media\/11938"}],"wp:attachment":[{"href":"https:\/\/tegelpartner.com\/fr\/wp-json\/wp\/v2\/media?parent=11413"}],"wp:term":[{"taxonomy":"product_brand","embeddable":true,"href":"https:\/\/tegelpartner.com\/fr\/wp-json\/wp\/v2\/product_brand?post=11413"},{"taxonomy":"product_cat","embeddable":true,"href":"https:\/\/tegelpartner.com\/fr\/wp-json\/wp\/v2\/product_cat?post=11413"},{"taxonomy":"product_tag","embeddable":true,"href":"https:\/\/tegelpartner.com\/fr\/wp-json\/wp\/v2\/product_tag?post=11413"}],"curies":[{"name":"wp","href":"https:\/\/api.w.org\/{rel}","templated":true}]}}