{"id":11357,"date":"2026-01-02T10:24:53","date_gmt":"2026-01-02T10:24:53","guid":{"rendered":"https:\/\/tegelpartner.com\/?post_type=product&#038;p=11357"},"modified":"2026-01-02T20:38:17","modified_gmt":"2026-01-02T20:38:17","slug":"breccia-marino-naturel-kopie-kopie-kopie-kopie","status":"publish","type":"product","link":"https:\/\/tegelpartner.com\/fr\/produit\/breccia-marino-naturel-kopie-kopie-kopie-kopie\/","title":{"rendered":"Imp\u00e9ratrice Cimento"},"content":{"rendered":"<p data-start=\"55\" data-end=\"136\"><strong data-start=\"55\" data-end=\"136\">Empress Cemento \u2013 Un aspect b\u00e9ton \u00e9l\u00e9gant sign\u00e9 Tegelpartner<\/strong><\/p>\n<p data-start=\"138\" data-end=\"448\">Empress Cemento est un carrelage en porcelaine haut de gamme \u00e0 l&rsquo;aspect b\u00e9ton \u00e9l\u00e9gant, cr\u00e9ant un style moderne et intemporel dans tous les espaces.<br \/>\nSes tons gris apaisants et sa texture subtile conf\u00e8rent une ambiance industrielle raffin\u00e9e, id\u00e9ale pour les int\u00e9rieurs minimalistes et contemporains.<\/p>\n<p data-start=\"450\" data-end=\"837\">Ce carreau convient aussi bien aux murs qu&rsquo;aux sols et est vendu \u00e0 l&rsquo;unit\u00e9. Gr\u00e2ce \u00e0 ses bords rectifi\u00e9s, les joints sont extra-fins, pour une finition \u00e9l\u00e9gante et harmonieuse. De plus, Empress Cemento r\u00e9siste au gel, ce qui le rend id\u00e9al pour les espaces int\u00e9rieurs et ext\u00e9rieurs : salles de bains, salons, cuisines, terrasses, etc.  <\/p>\n<h3 data-start=\"839\" data-end=\"893\">Votre style, notre sp\u00e9cialit\u00e9 \u2013 y compris en mati\u00e8re de design sur mesure<\/h3>\n<p data-start=\"895\" data-end=\"1340\">Chez Tegelpartner, la personnalisation et l&rsquo;expression de votre personnalit\u00e9 sont au c\u0153ur de tout.<br \/>\nVous appr\u00e9ciez la qualit\u00e9 et le prix comp\u00e9titif de ce carrelage, mais vous recherchez une autre teinte, une texture diff\u00e9rente ou un design unique ?<br \/>\nNous proposons \u00e9galement des impressions personnalis\u00e9es et des solutions sur mesure. Imaginez un effet b\u00e9ton personnalis\u00e9, une nuance de couleur sp\u00e9cifique ou un design enti\u00e8rement personnalis\u00e9 qui s&rsquo;int\u00e8gre parfaitement \u00e0 votre d\u00e9coration int\u00e9rieure. Pour plus d&rsquo;informations, contactez-nous par e-mail \u00e0 l&rsquo;adresse <a class=\"decorated-link cursor-pointer\" rel=\"noopener\" data-start=\"1316\" data-end=\"1337\">info@tegelpartner.com<\/a>.  <\/p>\n<p data-start=\"1342\" data-end=\"1579\">Veuillez noter :<br data-start=\"1353\" data-end=\"1356\">Les carreaux restants ne peuvent \u00eatre retourn\u00e9s. La couleur du carreau sur l\u2019image peut l\u00e9g\u00e8rement diff\u00e9rer de celle du carreau r\u00e9el.  Nous vous recommandons de conserver quelques carreaux suppl\u00e9mentaires pour un remplacement ou une r\u00e9paration ult\u00e9rieure.<\/p>\n","protected":false},"excerpt":{"rendered":"<p data-start=\"1603\" data-end=\"1814\">Empress Cemento est un carrelage en porcelaine \u00e0 l&rsquo;aspect b\u00e9ton \u00e9pur\u00e9 et moderne.<br \/>Ses tons gris apaisants et sa texture subtile cr\u00e9ent un fond intemporel qui s&rsquo;int\u00e8gre parfaitement aux int\u00e9rieurs contemporains.<\/p>\n","protected":false},"featured_media":11963,"comment_status":"open","ping_status":"closed","template":"","meta":[],"product_brand":[],"product_cat":[95],"product_tag":[],"class_list":{"0":"post-11357","1":"product","2":"type-product","3":"status-publish","4":"has-post-thumbnail","6":"product_cat-carrelage","8":"first","9":"instock","10":"taxable","11":"shipping-taxable","12":"purchasable","13":"product-type-simple"},"_links":{"self":[{"href":"https:\/\/tegelpartner.com\/fr\/wp-json\/wp\/v2\/product\/11357","targetHints":{"allow":["GET"]}}],"collection":[{"href":"https:\/\/tegelpartner.com\/fr\/wp-json\/wp\/v2\/product"}],"about":[{"href":"https:\/\/tegelpartner.com\/fr\/wp-json\/wp\/v2\/types\/product"}],"replies":[{"embeddable":true,"href":"https:\/\/tegelpartner.com\/fr\/wp-json\/wp\/v2\/comments?post=11357"}],"wp:featuredmedia":[{"embeddable":true,"href":"https:\/\/tegelpartner.com\/fr\/wp-json\/wp\/v2\/media\/11963"}],"wp:attachment":[{"href":"https:\/\/tegelpartner.com\/fr\/wp-json\/wp\/v2\/media?parent=11357"}],"wp:term":[{"taxonomy":"product_brand","embeddable":true,"href":"https:\/\/tegelpartner.com\/fr\/wp-json\/wp\/v2\/product_brand?post=11357"},{"taxonomy":"product_cat","embeddable":true,"href":"https:\/\/tegelpartner.com\/fr\/wp-json\/wp\/v2\/product_cat?post=11357"},{"taxonomy":"product_tag","embeddable":true,"href":"https:\/\/tegelpartner.com\/fr\/wp-json\/wp\/v2\/product_tag?post=11357"}],"curies":[{"name":"wp","href":"https:\/\/api.w.org\/{rel}","templated":true}]}}