{"id":11343,"date":"2026-01-02T10:22:33","date_gmt":"2026-01-02T10:22:33","guid":{"rendered":"https:\/\/tegelpartner.com\/?post_type=product&#038;p=11343"},"modified":"2026-01-03T11:47:46","modified_gmt":"2026-01-03T11:47:46","slug":"breccia-marino-naturel-kopie-kopie-kopie","status":"publish","type":"product","link":"https:\/\/tegelpartner.com\/fr\/produit\/breccia-marino-naturel-kopie-kopie-kopie\/","title":{"rendered":"Celia Sand"},"content":{"rendered":"<p data-start=\"55\" data-end=\"143\"><strong data-start=\"55\" data-end=\"143\">Celia Sand \u2013 L&rsquo;\u00e9l\u00e9gance douce et naturelle de Tegelpartner<\/strong><\/p>\n<p data-start=\"145\" data-end=\"428\">Celia Sand est un carrelage en porcelaine raffin\u00e9, \u00e0 l&rsquo;aspect pierre naturelle apaisant et \u00e0 la teinte sable chaleureuse.<br \/>\nSa texture subtile et sa finition mate naturelle cr\u00e9ent un ensemble harmonieux et apaisant, id\u00e9al pour les int\u00e9rieurs modernes comme intemporels.<\/p>\n<p data-start=\"430\" data-end=\"828\">Ce carreau convient aussi bien aux murs qu&rsquo;aux sols et est vendu \u00e0 l&rsquo;unit\u00e9. Ses bords rectifi\u00e9s permettent des joints discrets et minimalistes, cr\u00e9ant ainsi une impression d&rsquo;espace et de luxe. De plus, le carrelage Celia Sand r\u00e9siste au gel, ce qui le rend id\u00e9al pour les espaces int\u00e9rieurs et ext\u00e9rieurs, tels que les salles de bains, les salons, les cuisines et les terrasses.  <\/p>\n<h3 data-start=\"830\" data-end=\"884\">Votre style, notre sp\u00e9cialit\u00e9 \u2013 y compris en mati\u00e8re de design sur mesure<\/h3>\n<p data-start=\"886\" data-end=\"1208\">Chez Tegelpartner, la personnalisation est essentielle.<br \/>\nVous appr\u00e9ciez la qualit\u00e9 et le prix de ce carrelage, mais vous recherchez une autre couleur, texture ou un autre style ?<br \/>\nNous proposons \u00e9galement des impressions personnalis\u00e9es et des solutions sur mesure. D&rsquo;une teinte sable personnalis\u00e9e \u00e0 un design enti\u00e8rement personnalis\u00e9 qui s&rsquo;int\u00e8gre parfaitement \u00e0 votre d\u00e9coration int\u00e9rieure. <\/p>\n<p data-start=\"1210\" data-end=\"1276\">Pour plus d&rsquo;informations, veuillez envoyer un courriel \u00e0 <a class=\"decorated-link cursor-pointer\" rel=\"noopener\" data-start=\"1252\" data-end=\"1273\">info@tegelpartner.com<\/a>.<\/p>\n<p data-start=\"1278\" data-end=\"1515\">Veuillez noter :<br data-start=\"1289\" data-end=\"1292\">Les carreaux restants ne peuvent \u00eatre retourn\u00e9s. La couleur du carreau sur l\u2019image peut l\u00e9g\u00e8rement diff\u00e9rer de celle du carreau r\u00e9el.  Nous vous recommandons de conserver quelques carreaux suppl\u00e9mentaires pour un remplacement ou une r\u00e9paration ult\u00e9rieure.<\/p>\n","protected":false},"excerpt":{"rendered":"<p data-start=\"1603\" data-end=\"1814\">Celia Sand est un carrelage en porcelaine \u00e0 l&rsquo;aspect subtil de pierre naturelle et \u00e0 la teinte sable chaude.<br \/>Un fond intemporel qui s&rsquo;int\u00e8gre harmonieusement aux int\u00e9rieurs modernes comme classiques.<\/p>\n","protected":false},"featured_media":11969,"comment_status":"open","ping_status":"closed","template":"","meta":[],"product_brand":[],"product_cat":[95],"product_tag":[],"class_list":{"0":"post-11343","1":"product","2":"type-product","3":"status-publish","4":"has-post-thumbnail","6":"product_cat-carrelage","8":"first","9":"instock","10":"taxable","11":"shipping-taxable","12":"purchasable","13":"product-type-simple"},"_links":{"self":[{"href":"https:\/\/tegelpartner.com\/fr\/wp-json\/wp\/v2\/product\/11343","targetHints":{"allow":["GET"]}}],"collection":[{"href":"https:\/\/tegelpartner.com\/fr\/wp-json\/wp\/v2\/product"}],"about":[{"href":"https:\/\/tegelpartner.com\/fr\/wp-json\/wp\/v2\/types\/product"}],"replies":[{"embeddable":true,"href":"https:\/\/tegelpartner.com\/fr\/wp-json\/wp\/v2\/comments?post=11343"}],"wp:featuredmedia":[{"embeddable":true,"href":"https:\/\/tegelpartner.com\/fr\/wp-json\/wp\/v2\/media\/11969"}],"wp:attachment":[{"href":"https:\/\/tegelpartner.com\/fr\/wp-json\/wp\/v2\/media?parent=11343"}],"wp:term":[{"taxonomy":"product_brand","embeddable":true,"href":"https:\/\/tegelpartner.com\/fr\/wp-json\/wp\/v2\/product_brand?post=11343"},{"taxonomy":"product_cat","embeddable":true,"href":"https:\/\/tegelpartner.com\/fr\/wp-json\/wp\/v2\/product_cat?post=11343"},{"taxonomy":"product_tag","embeddable":true,"href":"https:\/\/tegelpartner.com\/fr\/wp-json\/wp\/v2\/product_tag?post=11343"}],"curies":[{"name":"wp","href":"https:\/\/api.w.org\/{rel}","templated":true}]}}