{"id":11329,"date":"2026-01-02T10:20:09","date_gmt":"2026-01-02T10:20:09","guid":{"rendered":"https:\/\/tegelpartner.com\/?post_type=product&#038;p=11329"},"modified":"2026-01-03T11:55:28","modified_gmt":"2026-01-03T11:55:28","slug":"breccia-marino-naturel-kopie-kopie","status":"publish","type":"product","link":"https:\/\/tegelpartner.com\/fr\/produit\/breccia-marino-naturel-kopie-kopie\/","title":{"rendered":"Cassune Mix"},"content":{"rendered":"<p data-start=\"55\" data-end=\"144\"><strong data-start=\"55\" data-end=\"144\">Cassune Mix \u2013 Un aspect pierre naturelle plein de caract\u00e8re sign\u00e9 Tegelpartner<\/strong><\/p>\n<p data-start=\"146\" data-end=\"448\">Le Cassune Mix est un carrelage en porcelaine distinctif, offrant un aspect pierre naturelle vibrant et un subtil m\u00e9lange de nuances de couleurs douces.<br \/>Le jeu subtil de teintes et de textures conf\u00e8re \u00e0 tout espace une allure unique, chaleureuse et pleine de caract\u00e8re, tandis que le fond apaisant cr\u00e9e un \u00e9quilibre et une \u00e9l\u00e9gance intemporelle.<\/p>\n<p data-start=\"450\" data-end=\"849\">Ce carreau convient aussi bien aux murs qu&rsquo;aux sols et est vendu \u00e0 l&rsquo;unit\u00e9. Ses bords rectifi\u00e9s permettent des joints lisses et nets, pour un rendu moderne et haut de gamme. De plus, Cassune Mix est r\u00e9sistant au gel, ce qui le rend id\u00e9al pour une utilisation int\u00e9rieure et ext\u00e9rieure, notamment dans les salles de bains, les salons, les cuisines et les terrasses.  <\/p>\n<h3 data-start=\"851\" data-end=\"905\">Votre style, notre sp\u00e9cialit\u00e9 \u2013 y compris en mati\u00e8re de design sur mesure<\/h3>\n<p data-start=\"907\" data-end=\"1276\">Chez Tegelpartner, nous croyons en la personnalit\u00e9 et la personnalisation.<br \/>Vous appr\u00e9ciez la qualit\u00e9 et le prix de ce carrelage, mais vous recherchez une autre couleur, un autre motif ou un autre style ?<br \/>Nous proposons \u00e9galement des impressions personnalis\u00e9es et des solutions sur mesure. Imaginez un motif de pierre naturelle, une teinte personnalis\u00e9e ou un design enti\u00e8rement personnalis\u00e9 qui s\u2019harmonise parfaitement avec votre int\u00e9rieur. <\/p>\n<p data-start=\"1278\" data-end=\"1344\">Pour plus d&rsquo;informations, veuillez envoyer un courriel \u00e0 <a class=\"decorated-link cursor-pointer\" rel=\"noopener\" data-start=\"1320\" data-end=\"1341\">info@tegelpartner.com<\/a>.<\/p>\n<p data-start=\"1346\" data-end=\"1583\">Veuillez noter :<br data-start=\"1357\" data-end=\"1360\">Les carreaux restants ne peuvent \u00eatre retourn\u00e9s. La couleur du carreau sur l\u2019image peut l\u00e9g\u00e8rement diff\u00e9rer de celle du carreau r\u00e9el.  Nous vous recommandons de conserver quelques carreaux suppl\u00e9mentaires pour un remplacement ou une r\u00e9paration ult\u00e9rieure.<\/p>\n","protected":false},"excerpt":{"rendered":"<p data-start=\"1603\" data-end=\"1814\">Le Cassune Mix est un carrelage en porcelaine \u00e0 l&rsquo;aspect pierre naturelle vibrant, subtilement nuanc\u00e9 de teintes chaudes.<br \/>Un choix de caract\u00e8re qui s&rsquo;int\u00e8gre parfaitement aux int\u00e9rieurs modernes, classiques et empreints d&rsquo;atmosph\u00e8re.<\/p>\n","protected":false},"featured_media":11975,"comment_status":"open","ping_status":"closed","template":"","meta":[],"product_brand":[],"product_cat":[95],"product_tag":[],"class_list":{"0":"post-11329","1":"product","2":"type-product","3":"status-publish","4":"has-post-thumbnail","6":"product_cat-carrelage","8":"first","9":"instock","10":"taxable","11":"shipping-taxable","12":"purchasable","13":"product-type-simple"},"_links":{"self":[{"href":"https:\/\/tegelpartner.com\/fr\/wp-json\/wp\/v2\/product\/11329","targetHints":{"allow":["GET"]}}],"collection":[{"href":"https:\/\/tegelpartner.com\/fr\/wp-json\/wp\/v2\/product"}],"about":[{"href":"https:\/\/tegelpartner.com\/fr\/wp-json\/wp\/v2\/types\/product"}],"replies":[{"embeddable":true,"href":"https:\/\/tegelpartner.com\/fr\/wp-json\/wp\/v2\/comments?post=11329"}],"wp:featuredmedia":[{"embeddable":true,"href":"https:\/\/tegelpartner.com\/fr\/wp-json\/wp\/v2\/media\/11975"}],"wp:attachment":[{"href":"https:\/\/tegelpartner.com\/fr\/wp-json\/wp\/v2\/media?parent=11329"}],"wp:term":[{"taxonomy":"product_brand","embeddable":true,"href":"https:\/\/tegelpartner.com\/fr\/wp-json\/wp\/v2\/product_brand?post=11329"},{"taxonomy":"product_cat","embeddable":true,"href":"https:\/\/tegelpartner.com\/fr\/wp-json\/wp\/v2\/product_cat?post=11329"},{"taxonomy":"product_tag","embeddable":true,"href":"https:\/\/tegelpartner.com\/fr\/wp-json\/wp\/v2\/product_tag?post=11329"}],"curies":[{"name":"wp","href":"https:\/\/api.w.org\/{rel}","templated":true}]}}