{"id":11314,"date":"2026-01-02T10:08:52","date_gmt":"2026-01-02T10:08:52","guid":{"rendered":"https:\/\/tegelpartner.com\/?post_type=product&#038;p=11314"},"modified":"2026-01-03T12:05:12","modified_gmt":"2026-01-03T12:05:12","slug":"breccia-marino-naturel-kopie","status":"publish","type":"product","link":"https:\/\/tegelpartner.com\/fr\/produit\/breccia-marino-naturel-kopie\/","title":{"rendered":"Altra Pearl"},"content":{"rendered":"<p data-start=\"55\" data-end=\"153\"><strong data-start=\"55\" data-end=\"153\">Altra Pearl \u2013 Une \u00e9l\u00e9gance intemporelle \u00e0 l&rsquo;aspect pierre naturelle sign\u00e9e Tegelpartner<\/strong><\/p>\n<p data-start=\"155\" data-end=\"428\">D\u00e9couvrez l&rsquo;\u00e9l\u00e9gance d&rsquo;Altra Pearl, un carrelage en porcelaine haut de gamme \u00e0 l&rsquo;aspect pierre naturelle raffin\u00e9.<br \/>Sa douce teinte nacr\u00e9e et son \u00e9clat subtil cr\u00e9ent une ambiance apaisante et luxueuse, s&rsquo;harmonisant parfaitement avec les int\u00e9rieurs modernes et classiques.<\/p>\n<p data-start=\"430\" data-end=\"819\">Le carrelage Altra Pearl convient aussi bien aux murs qu&rsquo;aux sols et est vendu \u00e0 l&rsquo;unit\u00e9. Gr\u00e2ce \u00e0 ses bords rectifi\u00e9s, les joints sont extra-fins, pour une finition \u00e9l\u00e9gante et harmonieuse. De plus, sa r\u00e9sistance au gel le rend id\u00e9al pour les espaces int\u00e9rieurs et ext\u00e9rieurs, tels que les salles de bains, les salons, les cuisines et les terrasses.  <\/p>\n<h3 data-start=\"821\" data-end=\"875\">Votre style, notre sp\u00e9cialit\u00e9 \u2013 y compris en mati\u00e8re de design sur mesure<\/h3>\n<p data-start=\"877\" data-end=\"1266\">Chez Tegelpartner, la personnalisation est essentielle.<br \/>Vous recherchez une couleur sp\u00e9cifique, une texture unique ou un design totalement in\u00e9dit, tout en \u00e9tant sensible \u00e0 la qualit\u00e9 et au prix de ce carrelage ?<br \/>Nous proposons \u00e9galement des impressions personnalis\u00e9es et des solutions sur mesure. D&rsquo;un motif marbr\u00e9 personnalis\u00e9 \u00e0 une nuance de couleur unique, en passant par un design enti\u00e8rement personnalis\u00e9, nous r\u00e9pondons parfaitement \u00e0 vos besoins en mati\u00e8re de d\u00e9coration int\u00e9rieure. <\/p>\n<p data-start=\"1268\" data-end=\"1334\">Pour plus d&rsquo;informations, veuillez envoyer un courriel \u00e0 <a class=\"decorated-link cursor-pointer\" rel=\"noopener\" data-start=\"1310\" data-end=\"1331\">info@tegelpartner.com<\/a>.<\/p>\n<p data-start=\"1336\" data-end=\"1573\">Veuillez noter :<br data-start=\"1347\" data-end=\"1350\">Les carreaux restants ne peuvent \u00eatre retourn\u00e9s. La couleur du carreau sur l\u2019image peut l\u00e9g\u00e8rement diff\u00e9rer de celle du carreau r\u00e9el.  Nous vous recommandons de conserver quelques carreaux suppl\u00e9mentaires pour un remplacement ou une r\u00e9paration ult\u00e9rieure.<\/p>\n","protected":false},"excerpt":{"rendered":"<p>D\u00e9couvrez le luxe discret d&rsquo;Altra Pearl, un carrelage en porcelaine \u00e0 l&rsquo;\u00e9l\u00e9gant aspect pierre naturelle.<br \/>Sa douce teinte nacr\u00e9e et son subtil \u00e9clat cr\u00e9ent un style intemporel qui s&rsquo;harmonise aussi bien avec les int\u00e9rieurs modernes que classiques.<\/p>\n","protected":false},"featured_media":11981,"comment_status":"open","ping_status":"closed","template":"","meta":[],"product_brand":[],"product_cat":[95],"product_tag":[],"class_list":{"0":"post-11314","1":"product","2":"type-product","3":"status-publish","4":"has-post-thumbnail","6":"product_cat-carrelage","8":"first","9":"instock","10":"taxable","11":"shipping-taxable","12":"purchasable","13":"product-type-simple"},"_links":{"self":[{"href":"https:\/\/tegelpartner.com\/fr\/wp-json\/wp\/v2\/product\/11314","targetHints":{"allow":["GET"]}}],"collection":[{"href":"https:\/\/tegelpartner.com\/fr\/wp-json\/wp\/v2\/product"}],"about":[{"href":"https:\/\/tegelpartner.com\/fr\/wp-json\/wp\/v2\/types\/product"}],"replies":[{"embeddable":true,"href":"https:\/\/tegelpartner.com\/fr\/wp-json\/wp\/v2\/comments?post=11314"}],"wp:featuredmedia":[{"embeddable":true,"href":"https:\/\/tegelpartner.com\/fr\/wp-json\/wp\/v2\/media\/11981"}],"wp:attachment":[{"href":"https:\/\/tegelpartner.com\/fr\/wp-json\/wp\/v2\/media?parent=11314"}],"wp:term":[{"taxonomy":"product_brand","embeddable":true,"href":"https:\/\/tegelpartner.com\/fr\/wp-json\/wp\/v2\/product_brand?post=11314"},{"taxonomy":"product_cat","embeddable":true,"href":"https:\/\/tegelpartner.com\/fr\/wp-json\/wp\/v2\/product_cat?post=11314"},{"taxonomy":"product_tag","embeddable":true,"href":"https:\/\/tegelpartner.com\/fr\/wp-json\/wp\/v2\/product_tag?post=11314"}],"curies":[{"name":"wp","href":"https:\/\/api.w.org\/{rel}","templated":true}]}}