{"id":11084,"date":"2025-11-06T14:32:35","date_gmt":"2025-11-06T14:32:35","guid":{"rendered":"https:\/\/tegelpartner.com\/product\/vena-vecchia-glans\/"},"modified":"2025-11-06T14:32:35","modified_gmt":"2025-11-06T14:32:35","slug":"vena-vecchia-glans","status":"publish","type":"product","link":"https:\/\/tegelpartner.com\/fr\/produit\/vena-vecchia-glans\/?tp_size_option=1","title":{"rendered":"Vena Vecchia Glans"},"content":{"rendered":"<p><span style=\"font-weight: 400;\">D\u00e9couvrez Vena Vecchia Gloss de Tegelpartner : un carrelage en porcelaine exclusif \u00e0 l\u2019\u00e9l\u00e9gant aspect marbre. Gr\u00e2ce \u00e0 sa finition brillante et raffin\u00e9e et \u00e0 ses formats g\u00e9n\u00e9reux de 60 x 120 cm ou 120 x 120 cm, cr\u00e9ez une ambiance luxueuse et intemporelle dans toutes les pi\u00e8ces. <\/span><\/p>\n<p><span style=\"font-weight: 400;\">Le carrelage Vena Vecchia Gloss convient aussi bien aux murs qu&rsquo;aux sols et est vendu \u00e0 l&rsquo;unit\u00e9 (1,44 m\u00b2 par bo\u00eete). Ses bords rectifi\u00e9s offrent des joints nets et un style \u00e9pur\u00e9 et moderne. R\u00e9sistant au gel, il est id\u00e9al pour une utilisation int\u00e9rieure et ext\u00e9rieure, notamment dans les salles de bains, les cuisines et les terrasses.  <\/span><\/p>\n<p><span style=\"font-weight: 400;\">Votre style, notre sp\u00e9cialit\u00e9 \u2013 y compris en mati\u00e8re de design sur mesure<\/span><\/p>\n<p data-start=\"526\" data-end=\"835\">Chez Tegelpartner, la personnalisation et l&rsquo;expression de votre personnalit\u00e9 sont au c\u0153ur de tout.<br \/>\nVous ne trouvez pas imm\u00e9diatement la couleur ou le motif que vous recherchez, mais la qualit\u00e9 et le prix comp\u00e9titif de ce carrelage vous s\u00e9duisent ?<br \/>\nNous proposons \u00e9galement des impressions personnalis\u00e9es et des solutions sur mesure. Imaginez un motif marbr\u00e9 unique, une nuance de couleur sp\u00e9cifique ou un design enti\u00e8rement personnalis\u00e9 qui s&rsquo;int\u00e8gre parfaitement \u00e0 votre d\u00e9coration int\u00e9rieure. Pour plus d&rsquo;informations, contactez-nous par e-mail \u00e0 l&rsquo;adresse info@tegelpartner.com<\/p>\n<p data-start=\"526\" data-end=\"835\">Veuillez noter : les carreaux restants ne peuvent \u00eatre retourn\u00e9s. La couleur des carreaux sur l\u2019image peut l\u00e9g\u00e8rement diff\u00e9rer de celle des carreaux r\u00e9els. Nous vous recommandons de conserver quelques carreaux suppl\u00e9mentaires pour un remplacement ou une r\u00e9paration ult\u00e9rieure.<\/p>\n","protected":false},"excerpt":{"rendered":"<p><span style=\"font-weight: 400;\">D\u00e9couvrez Vena Vecchia Gloss de Tegelpartner \u2013 un carrelage en porcelaine exclusif \u00e0 l&rsquo;\u00e9l\u00e9gant aspect marbre<\/span><\/p>\n","protected":false},"featured_media":12005,"comment_status":"open","ping_status":"closed","template":"","meta":[],"product_brand":[],"product_cat":[95],"product_tag":[],"class_list":{"0":"post-11084","1":"product","2":"type-product","3":"status-publish","4":"has-post-thumbnail","6":"product_cat-carrelage","8":"first","9":"instock","10":"taxable","11":"shipping-taxable","12":"purchasable","13":"product-type-simple"},"_links":{"self":[{"href":"https:\/\/tegelpartner.com\/fr\/wp-json\/wp\/v2\/product\/11084","targetHints":{"allow":["GET"]}}],"collection":[{"href":"https:\/\/tegelpartner.com\/fr\/wp-json\/wp\/v2\/product"}],"about":[{"href":"https:\/\/tegelpartner.com\/fr\/wp-json\/wp\/v2\/types\/product"}],"replies":[{"embeddable":true,"href":"https:\/\/tegelpartner.com\/fr\/wp-json\/wp\/v2\/comments?post=11084"}],"wp:featuredmedia":[{"embeddable":true,"href":"https:\/\/tegelpartner.com\/fr\/wp-json\/wp\/v2\/media\/12005"}],"wp:attachment":[{"href":"https:\/\/tegelpartner.com\/fr\/wp-json\/wp\/v2\/media?parent=11084"}],"wp:term":[{"taxonomy":"product_brand","embeddable":true,"href":"https:\/\/tegelpartner.com\/fr\/wp-json\/wp\/v2\/product_brand?post=11084"},{"taxonomy":"product_cat","embeddable":true,"href":"https:\/\/tegelpartner.com\/fr\/wp-json\/wp\/v2\/product_cat?post=11084"},{"taxonomy":"product_tag","embeddable":true,"href":"https:\/\/tegelpartner.com\/fr\/wp-json\/wp\/v2\/product_tag?post=11084"}],"curies":[{"name":"wp","href":"https:\/\/api.w.org\/{rel}","templated":true}]}}