{"id":11074,"date":"2025-11-06T14:54:11","date_gmt":"2025-11-06T14:54:11","guid":{"rendered":"https:\/\/tegelpartner.com\/product\/breccia-marino-naturel\/"},"modified":"2025-11-06T14:54:11","modified_gmt":"2025-11-06T14:54:11","slug":"breccia-marino-naturel","status":"publish","type":"product","link":"https:\/\/tegelpartner.com\/fr\/produit\/breccia-marino-naturel\/","title":{"rendered":"Breccia Marino Naturel"},"content":{"rendered":"<p><b>Breccia Marina Naturel \u2013 Carrelage aspect pierre naturelle de Tegelpartner<\/b><\/p>\n<p>D\u00e9couvrez l&rsquo;\u00e9l\u00e9gance \u00e0 l&rsquo;\u00e9tat pur avec Breccia Marina Natural de Tegelpartner \u2013 un carrelage en porcelaine exclusif \u00e0 l&rsquo;aspect pierre naturelle raffin\u00e9.<span style=\"font-weight: 400;\"><br \/>\n<\/span>Ses dimensions g\u00e9n\u00e9reuses de 120 x 120 cm et son \u00e9clat naturel et doux cr\u00e9ent un aspect luxueux qui s&rsquo;int\u00e8gre parfaitement aux int\u00e9rieurs modernes et classiques.<\/p>\n<p>Le carrelage Breccia Marina Natural convient aussi bien aux murs qu&rsquo;aux sols et est vendu \u00e0 l&rsquo;unit\u00e9 (1,44 m\u00b2 par bo\u00eete). Ses bords rectifi\u00e9s permettent des joints extra-fins, pour un rendu \u00e9l\u00e9gant et \u00e9pur\u00e9. R\u00e9sistant au gel, il est id\u00e9al pour les espaces int\u00e9rieurs et ext\u00e9rieurs, tels que les salles de bains, les salons, les cuisines ou les terrasses.<\/p>\n<p><b>Votre style, notre sp\u00e9cialit\u00e9 \u2013 y compris en mati\u00e8re de design sur mesure<\/b><\/p>\n<p data-start=\"526\" data-end=\"835\">Chez Tegelpartner, la personnalisation et l&rsquo;expression de votre personnalit\u00e9 sont au c\u0153ur de tout.<br \/>\nVous ne trouvez pas imm\u00e9diatement la couleur ou le motif que vous recherchez, mais la qualit\u00e9 et le prix comp\u00e9titif de ce carrelage vous s\u00e9duisent ?<br \/>\nNous proposons \u00e9galement des impressions personnalis\u00e9es et des solutions sur mesure. Imaginez un motif marbr\u00e9 unique, une nuance de couleur sp\u00e9cifique ou un design enti\u00e8rement personnalis\u00e9 qui s&rsquo;int\u00e8gre parfaitement \u00e0 votre d\u00e9coration int\u00e9rieure. Pour plus d&rsquo;informations, contactez-nous par e-mail \u00e0 l&rsquo;adresse info@tegelpartner.com<\/p>\n<p data-start=\"526\" data-end=\"835\">Veuillez noter : les carreaux restants ne peuvent \u00eatre retourn\u00e9s. La couleur des carreaux sur l\u2019image peut l\u00e9g\u00e8rement diff\u00e9rer de celle des carreaux r\u00e9els. Nous vous recommandons de conserver quelques carreaux suppl\u00e9mentaires pour un remplacement ou une r\u00e9paration ult\u00e9rieure.<\/p>\n","protected":false},"excerpt":{"rendered":"<p>D\u00e9couvrez l&rsquo;\u00e9l\u00e9gance \u00e0 l&rsquo;\u00e9tat pur avec Breccia Marina Natural de Tegelpartner, un carrelage en porcelaine exclusif \u00e0 l&rsquo;aspect pierre naturelle raffin\u00e9.<br \/>Son format g\u00e9n\u00e9reux de 120 x 120 cm et son \u00e9clat naturel et doux cr\u00e9ent une ambiance luxueuse qui s&rsquo;int\u00e8gre parfaitement aux int\u00e9rieurs modernes comme classiques.<\/p>\n","protected":false},"featured_media":11986,"comment_status":"open","ping_status":"closed","template":"","meta":[],"product_brand":[],"product_cat":[95],"product_tag":[],"class_list":{"0":"post-11074","1":"product","2":"type-product","3":"status-publish","4":"has-post-thumbnail","6":"product_cat-carrelage","8":"first","9":"instock","10":"taxable","11":"shipping-taxable","12":"purchasable","13":"product-type-simple"},"_links":{"self":[{"href":"https:\/\/tegelpartner.com\/fr\/wp-json\/wp\/v2\/product\/11074","targetHints":{"allow":["GET"]}}],"collection":[{"href":"https:\/\/tegelpartner.com\/fr\/wp-json\/wp\/v2\/product"}],"about":[{"href":"https:\/\/tegelpartner.com\/fr\/wp-json\/wp\/v2\/types\/product"}],"replies":[{"embeddable":true,"href":"https:\/\/tegelpartner.com\/fr\/wp-json\/wp\/v2\/comments?post=11074"}],"wp:featuredmedia":[{"embeddable":true,"href":"https:\/\/tegelpartner.com\/fr\/wp-json\/wp\/v2\/media\/11986"}],"wp:attachment":[{"href":"https:\/\/tegelpartner.com\/fr\/wp-json\/wp\/v2\/media?parent=11074"}],"wp:term":[{"taxonomy":"product_brand","embeddable":true,"href":"https:\/\/tegelpartner.com\/fr\/wp-json\/wp\/v2\/product_brand?post=11074"},{"taxonomy":"product_cat","embeddable":true,"href":"https:\/\/tegelpartner.com\/fr\/wp-json\/wp\/v2\/product_cat?post=11074"},{"taxonomy":"product_tag","embeddable":true,"href":"https:\/\/tegelpartner.com\/fr\/wp-json\/wp\/v2\/product_tag?post=11074"}],"curies":[{"name":"wp","href":"https:\/\/api.w.org\/{rel}","templated":true}]}}