{"id":11566,"date":"2026-01-02T10:51:13","date_gmt":"2026-01-02T10:51:13","guid":{"rendered":"https:\/\/tegelpartner.com\/?post_type=product&#038;p=11566"},"modified":"2026-01-02T19:10:10","modified_gmt":"2026-01-02T19:10:10","slug":"breccia-marino-naturel-kopie-kopie-kopie-kopie-kopie-kopie-kopie-kopie-kopie-kopie-kopie-kopie-kopie-kopie-kopie-kopie-kopie-kopie-kopie","status":"publish","type":"product","link":"https:\/\/tegelpartner.com\/de\/produkt\/breccia-marino-naturel-kopie-kopie-kopie-kopie-kopie-kopie-kopie-kopie-kopie-kopie-kopie-kopie-kopie-kopie-kopie-kopie-kopie-kopie-kopie\/","title":{"rendered":"Stra\u00dfenbahn Venedig"},"content":{"rendered":"<p data-start=\"55\" data-end=\"134\"><strong data-start=\"55\" data-end=\"134\">Trama Venice \u2013 Zeitlose Eleganz von Tegelpartner<\/strong><\/p>\n<p data-start=\"136\" data-end=\"453\">Trama Venice ist eine hochwertige Feinsteinzeugfliese mit edler Natursteinoptik, die an die klassische Sch\u00f6nheit Venedigs erinnert. Ihre sanften, warmen Farbt\u00f6ne und die dezente, marmor\u00e4hnliche Textur verleihen jedem Raum eine ruhige, luxuri\u00f6se Atmosph\u00e4re, die sowohl moderne als auch klassische Interieurs perfekt erg\u00e4nzt. <\/p>\n<p data-start=\"455\" data-end=\"835\">Diese Menschen sind mit ihren W\u00e4nden zufrieden und f\u00fchlen sich von sich selbst geliebt. Gerade bei feinen Linien und flie\u00dfenden \u00dcberg\u00e4ngen, wie sie f\u00fcr elegante und harmonische Bildkompositionen sorgen, sind klare Linien von Vorteil. Daher ist Trama Venice frostbest\u00e4ndig und ideal f\u00fcr den Innen- und Au\u00dfenbereich geeignet, beispielsweise f\u00fcr Badezimmer, Wohnzimmer, K\u00fcchen oder Terrassen.  <\/p>\n<h3 data-start=\"837\" data-end=\"891\">Ihr Stil, unsere Spezialit\u00e4t \u2013 auch im Bereich individueller Designs<\/h3>\n<p data-start=\"893\" data-end=\"1335\">Bei Tegelpartner dreht sich alles um Individualit\u00e4t und Pers\u00f6nlichkeit. Gef\u00e4llt Ihnen die Qualit\u00e4t und der attraktive Preis dieser Fliese, aber Sie suchen eine andere Farbe, Textur oder ein einzigartiges Design? Wir bieten auch individuelle Drucke und ma\u00dfgeschneiderte L\u00f6sungen an. Denken Sie an eine individuelle Farbvariante, ein dezentes Muster oder ein komplett personalisiertes Design, das perfekt zu Ihrer Inneneinrichtung passt. F\u00fcr weitere Informationen senden Sie eine E-Mail an <a class=\"decorated-link cursor-pointer\" rel=\"noopener\" data-start=\"1311\" data-end=\"1332\">info@tegelpartner.com<\/a>.  <\/p>\n<p data-start=\"1337\" data-end=\"1574\">Bitte beachten Sie: \u00dcbrig gebliebene Fliesen k\u00f6nnen nicht zur\u00fcckgegeben werden. Die Fliesenfarbe auf dem Bild kann geringf\u00fcgig von der tats\u00e4chlichen Fliese abweichen. Wir empfehlen Ihnen, einige Fliesen f\u00fcr einen sp\u00e4teren Austausch oder eine Reparatur aufzubewahren.  <\/p>\n","protected":false},"excerpt":{"rendered":"<p data-start=\"1549\" data-end=\"1675\">Die Trama Venice ist eine Feinsteinzeugfliese mit edler Natursteinoptik und warmen, klassischen Farbt\u00f6nen \u2013 eine elegante Wahl f\u00fcr jedes Interieur.<\/p>\n","protected":false},"featured_media":11870,"comment_status":"open","ping_status":"closed","template":"","meta":[],"product_brand":[],"product_cat":[96],"product_tag":[],"class_list":{"0":"post-11566","1":"product","2":"type-product","3":"status-publish","4":"has-post-thumbnail","6":"product_cat-fliesen","8":"first","9":"instock","10":"taxable","11":"shipping-taxable","12":"purchasable","13":"product-type-simple"},"_links":{"self":[{"href":"https:\/\/tegelpartner.com\/de\/wp-json\/wp\/v2\/product\/11566","targetHints":{"allow":["GET"]}}],"collection":[{"href":"https:\/\/tegelpartner.com\/de\/wp-json\/wp\/v2\/product"}],"about":[{"href":"https:\/\/tegelpartner.com\/de\/wp-json\/wp\/v2\/types\/product"}],"replies":[{"embeddable":true,"href":"https:\/\/tegelpartner.com\/de\/wp-json\/wp\/v2\/comments?post=11566"}],"wp:featuredmedia":[{"embeddable":true,"href":"https:\/\/tegelpartner.com\/de\/wp-json\/wp\/v2\/media\/11870"}],"wp:attachment":[{"href":"https:\/\/tegelpartner.com\/de\/wp-json\/wp\/v2\/media?parent=11566"}],"wp:term":[{"taxonomy":"product_brand","embeddable":true,"href":"https:\/\/tegelpartner.com\/de\/wp-json\/wp\/v2\/product_brand?post=11566"},{"taxonomy":"product_cat","embeddable":true,"href":"https:\/\/tegelpartner.com\/de\/wp-json\/wp\/v2\/product_cat?post=11566"},{"taxonomy":"product_tag","embeddable":true,"href":"https:\/\/tegelpartner.com\/de\/wp-json\/wp\/v2\/product_tag?post=11566"}],"curies":[{"name":"wp","href":"https:\/\/api.w.org\/{rel}","templated":true}]}}