{"id":11552,"date":"2026-01-02T10:49:59","date_gmt":"2026-01-02T10:49:59","guid":{"rendered":"https:\/\/tegelpartner.com\/?post_type=product&#038;p=11552"},"modified":"2026-01-02T19:13:12","modified_gmt":"2026-01-02T19:13:12","slug":"breccia-marino-naturel-kopie-kopie-kopie-kopie-kopie-kopie-kopie-kopie-kopie-kopie-kopie-kopie-kopie-kopie-kopie-kopie-kopie-kopie","status":"publish","type":"product","link":"https:\/\/tegelpartner.com\/de\/produkt\/breccia-marino-naturel-kopie-kopie-kopie-kopie-kopie-kopie-kopie-kopie-kopie-kopie-kopie-kopie-kopie-kopie-kopie-kopie-kopie-kopie\/","title":{"rendered":"Rusto Kupfer"},"content":{"rendered":"<p data-start=\"55\" data-end=\"142\"><strong data-start=\"55\" data-end=\"142\">Rusto Copper \u2013 Warme, charaktervolle Fliese von Tegelpartner<\/strong><\/p>\n<p data-start=\"144\" data-end=\"451\">Rusto Copper ist eine Feinsteinzeugfliese mit einer warmen, satten Optik in r\u00f6tlich-kupferfarbenen und erdigen T\u00f6nen. Ihre ausdrucksstarken Farbnuancen und die dezente Textur verleihen jedem Raum ein warmes, einladendes Ambiente und bilden eine charaktervolle Grundlage, die sich m\u00fchelos in moderne wie auch klassische Interieurs einf\u00fcgt. <\/p>\n<p data-start=\"453\" data-end=\"833\">Diese Fliese eignet sich sowohl f\u00fcr Wand als auch Boden und wird einzeln geliefert. Die rektifizierten Kanten erm\u00f6glichen besonders saubere Fugen und tragen so zu einem eleganten und harmonischen Erscheinungsbild bei. Dar\u00fcber hinaus ist Rusto Copper frostbest\u00e4ndig und somit ideal f\u00fcr Innen- und Au\u00dfenbereiche wie Badezimmer, Wohnzimmer, K\u00fcchen oder Terrassen.  <\/p>\n<h3 data-start=\"835\" data-end=\"889\">Ihr Stil, unsere Spezialit\u00e4t \u2013 auch im Bereich individueller Designs<\/h3>\n<p data-start=\"891\" data-end=\"1331\">Bei Tegelpartner dreht sich alles um Individualit\u00e4t und Pers\u00f6nlichkeit. Gef\u00e4llt Ihnen die Qualit\u00e4t und der attraktive Preis dieser Fliese, aber Sie suchen eine andere Farbe, Textur oder ein einzigartiges Design? Wir bieten auch individuelle Drucke und ma\u00dfgeschneiderte L\u00f6sungen an. Denken Sie an eine individuelle Farbvariante, ein dezentes Muster oder ein komplett personalisiertes Design, das perfekt zu Ihrer Inneneinrichtung passt. F\u00fcr weitere Informationen senden Sie eine E-Mail an <a class=\"decorated-link cursor-pointer\" rel=\"noopener\" data-start=\"1307\" data-end=\"1328\">info@tegelpartner.com<\/a>.  <\/p>\n<p data-start=\"1333\" data-end=\"1570\">Bitte beachten Sie: \u00dcbrig gebliebene Fliesen k\u00f6nnen nicht zur\u00fcckgegeben werden. Die Fliesenfarbe auf dem Bild kann geringf\u00fcgig von der tats\u00e4chlichen Fliese abweichen. Wir empfehlen Ihnen, einige Fliesen f\u00fcr einen sp\u00e4teren Austausch oder eine Reparatur aufzubewahren.  <\/p>\n","protected":false},"excerpt":{"rendered":"<p data-start=\"1549\" data-end=\"1675\">Rusto Copper ist eine Feinsteinzeugfliese mit einer warmen, r\u00f6tlich-kupferfarbenen Natursteinoptik \u2013 eine charaktervolle Wahl f\u00fcr jedes Interieur.<\/p>\n","protected":false},"featured_media":11876,"comment_status":"open","ping_status":"closed","template":"","meta":[],"product_brand":[],"product_cat":[96],"product_tag":[],"class_list":{"0":"post-11552","1":"product","2":"type-product","3":"status-publish","4":"has-post-thumbnail","6":"product_cat-fliesen","8":"first","9":"instock","10":"taxable","11":"shipping-taxable","12":"purchasable","13":"product-type-simple"},"_links":{"self":[{"href":"https:\/\/tegelpartner.com\/de\/wp-json\/wp\/v2\/product\/11552","targetHints":{"allow":["GET"]}}],"collection":[{"href":"https:\/\/tegelpartner.com\/de\/wp-json\/wp\/v2\/product"}],"about":[{"href":"https:\/\/tegelpartner.com\/de\/wp-json\/wp\/v2\/types\/product"}],"replies":[{"embeddable":true,"href":"https:\/\/tegelpartner.com\/de\/wp-json\/wp\/v2\/comments?post=11552"}],"wp:featuredmedia":[{"embeddable":true,"href":"https:\/\/tegelpartner.com\/de\/wp-json\/wp\/v2\/media\/11876"}],"wp:attachment":[{"href":"https:\/\/tegelpartner.com\/de\/wp-json\/wp\/v2\/media?parent=11552"}],"wp:term":[{"taxonomy":"product_brand","embeddable":true,"href":"https:\/\/tegelpartner.com\/de\/wp-json\/wp\/v2\/product_brand?post=11552"},{"taxonomy":"product_cat","embeddable":true,"href":"https:\/\/tegelpartner.com\/de\/wp-json\/wp\/v2\/product_cat?post=11552"},{"taxonomy":"product_tag","embeddable":true,"href":"https:\/\/tegelpartner.com\/de\/wp-json\/wp\/v2\/product_tag?post=11552"}],"curies":[{"name":"wp","href":"https:\/\/api.w.org\/{rel}","templated":true}]}}