{"id":11496,"date":"2026-01-02T10:42:50","date_gmt":"2026-01-02T10:42:50","guid":{"rendered":"https:\/\/tegelpartner.com\/?post_type=product&#038;p=11496"},"modified":"2026-01-02T19:35:46","modified_gmt":"2026-01-02T19:35:46","slug":"breccia-marino-naturel-kopie-kopie-kopie-kopie-kopie-kopie-kopie-kopie-kopie-kopie-kopie-kopie-kopie-kopie","status":"publish","type":"product","link":"https:\/\/tegelpartner.com\/de\/produkt\/breccia-marino-naturel-kopie-kopie-kopie-kopie-kopie-kopie-kopie-kopie-kopie-kopie-kopie-kopie-kopie-kopie\/","title":{"rendered":"Quba Grey"},"content":{"rendered":"<p data-start=\"55\" data-end=\"135\"><strong data-start=\"55\" data-end=\"135\">Quba Grey \u2013 Zeitlos moderne Fliese von Tegelpartner<\/strong><\/p>\n<p data-start=\"137\" data-end=\"413\">Quba Grey ist eine Feinsteinzeugfliese mit edler Naturstein- und Betonoptik in gedeckten Graut\u00f6nen. Ihre dezente Textur und elegante Farbe verleihen jedem Raum ein modernes, ruhiges Ambiente, das sich m\u00fchelos in schlichte, zeitgen\u00f6ssische und klassische Interieurs einf\u00fcgt. <\/p>\n<p data-start=\"415\" data-end=\"790\">Diese Fliese eignet sich sowohl f\u00fcr Wand als auch Boden und wird einzeln geliefert. Die rektifizierten Kanten erm\u00f6glichen besonders saubere Fugen und tragen zu einem eleganten und harmonischen Erscheinungsbild bei. Dar\u00fcber hinaus ist Quba Grey frostbest\u00e4ndig und somit ideal f\u00fcr Innen- und Au\u00dfenbereiche wie Badezimmer, Wohnzimmer, K\u00fcchen oder Terrassen.  <\/p>\n<h3 data-start=\"792\" data-end=\"846\">Ihr Stil, unsere Spezialit\u00e4t \u2013 auch im Bereich individueller Designs<\/h3>\n<p data-start=\"848\" data-end=\"1290\">Bei Tegelpartner dreht sich alles um Individualit\u00e4t und Pers\u00f6nlichkeit. Gef\u00e4llt Ihnen die Qualit\u00e4t und der attraktive Preis dieser Fliese, aber Sie suchen eine andere Farbe, Textur oder ein einzigartiges Design? Wir bieten auch individuelle Drucke und ma\u00dfgeschneiderte L\u00f6sungen an. Denken Sie an eine individuelle Farbvariante, ein dezentes Muster oder ein komplett personalisiertes Design, das perfekt zu Ihrer Inneneinrichtung passt. F\u00fcr weitere Informationen senden Sie eine E-Mail an <a class=\"decorated-link cursor-pointer\" rel=\"noopener\" data-start=\"1266\" data-end=\"1287\">info@tegelpartner.com<\/a>.  <\/p>\n<p data-start=\"1292\" data-end=\"1529\">Bitte beachten Sie: Restliche Fliesen sind vom Umtausch ausgeschlossen. Die Farbe der Fliese auf dem Bild kann geringf\u00fcgig von der tats\u00e4chlichen Farbe abweichen.  Wir empfehlen, einige Ersatzfliesen f\u00fcr einen sp\u00e4teren Austausch oder eine Reparatur aufzubewahren.<\/p>\n","protected":false},"excerpt":{"rendered":"<p data-start=\"1549\" data-end=\"1675\">Die Fliese Quba Grey ist aus Feinsteinzeug und besticht durch ihre ruhige, graue Betonoptik \u2013 eine moderne und zeitlose Wahl f\u00fcr jedes Interieur.<\/p>\n","protected":false},"featured_media":11900,"comment_status":"open","ping_status":"closed","template":"","meta":[],"product_brand":[],"product_cat":[96],"product_tag":[],"class_list":{"0":"post-11496","1":"product","2":"type-product","3":"status-publish","4":"has-post-thumbnail","6":"product_cat-fliesen","8":"first","9":"instock","10":"taxable","11":"shipping-taxable","12":"purchasable","13":"product-type-simple"},"_links":{"self":[{"href":"https:\/\/tegelpartner.com\/de\/wp-json\/wp\/v2\/product\/11496","targetHints":{"allow":["GET"]}}],"collection":[{"href":"https:\/\/tegelpartner.com\/de\/wp-json\/wp\/v2\/product"}],"about":[{"href":"https:\/\/tegelpartner.com\/de\/wp-json\/wp\/v2\/types\/product"}],"replies":[{"embeddable":true,"href":"https:\/\/tegelpartner.com\/de\/wp-json\/wp\/v2\/comments?post=11496"}],"wp:featuredmedia":[{"embeddable":true,"href":"https:\/\/tegelpartner.com\/de\/wp-json\/wp\/v2\/media\/11900"}],"wp:attachment":[{"href":"https:\/\/tegelpartner.com\/de\/wp-json\/wp\/v2\/media?parent=11496"}],"wp:term":[{"taxonomy":"product_brand","embeddable":true,"href":"https:\/\/tegelpartner.com\/de\/wp-json\/wp\/v2\/product_brand?post=11496"},{"taxonomy":"product_cat","embeddable":true,"href":"https:\/\/tegelpartner.com\/de\/wp-json\/wp\/v2\/product_cat?post=11496"},{"taxonomy":"product_tag","embeddable":true,"href":"https:\/\/tegelpartner.com\/de\/wp-json\/wp\/v2\/product_tag?post=11496"}],"curies":[{"name":"wp","href":"https:\/\/api.w.org\/{rel}","templated":true}]}}