{"id":11482,"date":"2026-01-02T10:40:54","date_gmt":"2026-01-02T10:40:54","guid":{"rendered":"https:\/\/tegelpartner.com\/?post_type=product&#038;p=11482"},"modified":"2026-01-02T19:46:13","modified_gmt":"2026-01-02T19:46:13","slug":"breccia-marino-naturel-kopie-kopie-kopie-kopie-kopie-kopie-kopie-kopie-kopie-kopie-kopie-kopie-kopie","status":"publish","type":"product","link":"https:\/\/tegelpartner.com\/de\/produkt\/breccia-marino-naturel-kopie-kopie-kopie-kopie-kopie-kopie-kopie-kopie-kopie-kopie-kopie-kopie-kopie\/","title":{"rendered":"Olivenrost"},"content":{"rendered":"<p data-start=\"55\" data-end=\"140\"><strong data-start=\"55\" data-end=\"140\">Oliva Rust \u2013 Warme, charaktervolle Fliese von Tegelpartner<\/strong><\/p>\n<p data-start=\"142\" data-end=\"405\">Oliva Rust ist eine Feinsteinzeugfliese mit einzigartiger Natursteinoptik in warmen, rostfarbenen und erdigen T\u00f6nen. Ihre lebendigen und zugleich beruhigenden Nuancen verleihen jedem Raum eine warme, einladende Atmosph\u00e4re, die sowohl moderne als auch klassische Interieurs perfekt erg\u00e4nzt. <\/p>\n<p data-start=\"407\" data-end=\"785\">Diese Fliese eignet sich sowohl f\u00fcr Wand als auch Boden und wird einzeln geliefert. Die rektifizierten Kanten erm\u00f6glichen besonders saubere Fugen und tragen zu einem eleganten und harmonischen Erscheinungsbild bei. Dar\u00fcber hinaus ist Oliva Rust frostbest\u00e4ndig und somit ideal f\u00fcr Innen- und Au\u00dfenbereiche wie Badezimmer, Wohnzimmer, K\u00fcchen oder Terrassen.  <\/p>\n<h3 data-start=\"787\" data-end=\"841\">Ihr Stil, unsere Spezialit\u00e4t \u2013 auch im Bereich individueller Designs<\/h3>\n<p data-start=\"843\" data-end=\"1285\">Bei Tegelpartner dreht sich alles um Individualit\u00e4t und Pers\u00f6nlichkeit. Gef\u00e4llt Ihnen die Qualit\u00e4t und der attraktive Preis dieser Fliese, aber Sie suchen eine andere Farbe, Textur oder ein einzigartiges Design? Wir bieten auch individuelle Drucke und ma\u00dfgeschneiderte L\u00f6sungen an. Denken Sie an eine individuelle Farbvariante, ein dezentes Muster oder ein komplett personalisiertes Design, das perfekt zu Ihrer Inneneinrichtung passt. F\u00fcr weitere Informationen senden Sie eine E-Mail an <a class=\"decorated-link cursor-pointer\" rel=\"noopener\" data-start=\"1261\" data-end=\"1282\">info@tegelpartner.com<\/a>.  <\/p>\n<p data-start=\"1287\" data-end=\"1524\">Bitte beachten Sie: Restliche Fliesen sind vom Umtausch ausgeschlossen. Die Farbe der Fliese auf dem Bild kann geringf\u00fcgig von der tats\u00e4chlichen Farbe abweichen.  Wir empfehlen, einige Ersatzfliesen f\u00fcr einen sp\u00e4teren Austausch oder eine Reparatur aufzubewahren.<\/p>\n","protected":false},"excerpt":{"rendered":"<p data-start=\"1544\" data-end=\"1676\">Die Fliese Oliva Rust ist ein Feinsteinzeug mit warmem, rostfarbenem Naturstein-Look \u2013 eine charaktervolle Wahl f\u00fcr jedes Interieur.<\/p>\n","protected":false},"featured_media":11906,"comment_status":"open","ping_status":"closed","template":"","meta":[],"product_brand":[],"product_cat":[96],"product_tag":[],"class_list":{"0":"post-11482","1":"product","2":"type-product","3":"status-publish","4":"has-post-thumbnail","6":"product_cat-fliesen","8":"first","9":"instock","10":"taxable","11":"shipping-taxable","12":"purchasable","13":"product-type-simple"},"_links":{"self":[{"href":"https:\/\/tegelpartner.com\/de\/wp-json\/wp\/v2\/product\/11482","targetHints":{"allow":["GET"]}}],"collection":[{"href":"https:\/\/tegelpartner.com\/de\/wp-json\/wp\/v2\/product"}],"about":[{"href":"https:\/\/tegelpartner.com\/de\/wp-json\/wp\/v2\/types\/product"}],"replies":[{"embeddable":true,"href":"https:\/\/tegelpartner.com\/de\/wp-json\/wp\/v2\/comments?post=11482"}],"wp:featuredmedia":[{"embeddable":true,"href":"https:\/\/tegelpartner.com\/de\/wp-json\/wp\/v2\/media\/11906"}],"wp:attachment":[{"href":"https:\/\/tegelpartner.com\/de\/wp-json\/wp\/v2\/media?parent=11482"}],"wp:term":[{"taxonomy":"product_brand","embeddable":true,"href":"https:\/\/tegelpartner.com\/de\/wp-json\/wp\/v2\/product_brand?post=11482"},{"taxonomy":"product_cat","embeddable":true,"href":"https:\/\/tegelpartner.com\/de\/wp-json\/wp\/v2\/product_cat?post=11482"},{"taxonomy":"product_tag","embeddable":true,"href":"https:\/\/tegelpartner.com\/de\/wp-json\/wp\/v2\/product_tag?post=11482"}],"curies":[{"name":"wp","href":"https:\/\/api.w.org\/{rel}","templated":true}]}}