{"id":11468,"date":"2026-01-02T10:39:05","date_gmt":"2026-01-02T10:39:05","guid":{"rendered":"https:\/\/tegelpartner.com\/?post_type=product&#038;p=11468"},"modified":"2026-01-02T19:55:37","modified_gmt":"2026-01-02T19:55:37","slug":"breccia-marino-naturel-kopie-kopie-kopie-kopie-kopie-kopie-kopie-kopie-kopie-kopie-kopie-kopie","status":"publish","type":"product","link":"https:\/\/tegelpartner.com\/de\/produkt\/breccia-marino-naturel-kopie-kopie-kopie-kopie-kopie-kopie-kopie-kopie-kopie-kopie-kopie-kopie\/","title":{"rendered":"Nicolas Nero"},"content":{"rendered":"<p data-start=\"149\" data-end=\"435\">Nicolas Nero ist eine hochwertige Feinsteinzeugfliese mit edler Natursteinoptik in intensiven, tiefen Schwarzgraut\u00f6nen. Ihre lebendige Farbe und dezente Textur schaffen eine stilvolle, luxuri\u00f6se Grundlage f\u00fcr jeden Raum und erg\u00e4nzen moderne, minimalistische und klassische Interieurs perfekt. <\/p>\n<p data-start=\"437\" data-end=\"817\">Diese Fliese eignet sich sowohl f\u00fcr Wand als auch Boden und wird einzeln geliefert. Die rektifizierten Kanten erm\u00f6glichen besonders saubere Fugen und tragen so zu einem eleganten und harmonischen Erscheinungsbild bei. Dar\u00fcber hinaus ist Nicolas Nero frostbest\u00e4ndig und somit ideal f\u00fcr Innen- und Au\u00dfenbereiche wie Badezimmer, Wohnzimmer, K\u00fcchen oder Terrassen.  <\/p>\n<h3 data-start=\"819\" data-end=\"873\">Ihr Stil, unsere Spezialit\u00e4t \u2013 auch im Bereich individueller Designs<\/h3>\n<p data-start=\"875\" data-end=\"1315\">Bei Tegelpartner dreht sich alles um Individualit\u00e4t und Pers\u00f6nlichkeit. Gef\u00e4llt Ihnen die Qualit\u00e4t und der attraktive Preis dieser Fliese, aber Sie suchen eine andere Farbe, Textur oder ein einzigartiges Design? Wir bieten auch individuelle Drucke und ma\u00dfgeschneiderte L\u00f6sungen an. Denken Sie an eine individuelle Farbvariante, ein dezentes Muster oder ein komplett personalisiertes Design, das perfekt zu Ihrer Inneneinrichtung passt. F\u00fcr weitere Informationen senden Sie eine E-Mail an <a class=\"decorated-link cursor-pointer\" rel=\"noopener\" data-start=\"1291\" data-end=\"1312\">info@tegelpartner.com<\/a>.  <\/p>\n<p data-start=\"1317\" data-end=\"1559\">Bitte beachten Sie: Nicht verwendete Fliesen k\u00f6nnen nicht zur\u00fcckgegeben werden. Die Farbe der Fliese auf dem Bild kann geringf\u00fcgig von der tats\u00e4chlichen Farbe abweichen.  Wir empfehlen, einige Ersatzfliesen f\u00fcr einen sp\u00e4teren Austausch oder eine Reparatur aufzubewahren.<\/p>\n","protected":false},"excerpt":{"rendered":"<p data-start=\"1579\" data-end=\"1723\">Nicolas Nero ist eine Feinsteinzeugfliese mit einer intensiven schwarzgrauen Natursteinoptik \u2013 eine luxuri\u00f6se Wahl f\u00fcr moderne und stilvolle Interieurs.<\/p>\n<p data-start=\"1725\" data-end=\"1966\" data-is-last-node=\"\" data-is-only-node=\"\">\n","protected":false},"featured_media":11912,"comment_status":"open","ping_status":"closed","template":"","meta":[],"product_brand":[],"product_cat":[96],"product_tag":[],"class_list":{"0":"post-11468","1":"product","2":"type-product","3":"status-publish","4":"has-post-thumbnail","6":"product_cat-fliesen","8":"first","9":"instock","10":"taxable","11":"shipping-taxable","12":"purchasable","13":"product-type-simple"},"_links":{"self":[{"href":"https:\/\/tegelpartner.com\/de\/wp-json\/wp\/v2\/product\/11468","targetHints":{"allow":["GET"]}}],"collection":[{"href":"https:\/\/tegelpartner.com\/de\/wp-json\/wp\/v2\/product"}],"about":[{"href":"https:\/\/tegelpartner.com\/de\/wp-json\/wp\/v2\/types\/product"}],"replies":[{"embeddable":true,"href":"https:\/\/tegelpartner.com\/de\/wp-json\/wp\/v2\/comments?post=11468"}],"wp:featuredmedia":[{"embeddable":true,"href":"https:\/\/tegelpartner.com\/de\/wp-json\/wp\/v2\/media\/11912"}],"wp:attachment":[{"href":"https:\/\/tegelpartner.com\/de\/wp-json\/wp\/v2\/media?parent=11468"}],"wp:term":[{"taxonomy":"product_brand","embeddable":true,"href":"https:\/\/tegelpartner.com\/de\/wp-json\/wp\/v2\/product_brand?post=11468"},{"taxonomy":"product_cat","embeddable":true,"href":"https:\/\/tegelpartner.com\/de\/wp-json\/wp\/v2\/product_cat?post=11468"},{"taxonomy":"product_tag","embeddable":true,"href":"https:\/\/tegelpartner.com\/de\/wp-json\/wp\/v2\/product_tag?post=11468"}],"curies":[{"name":"wp","href":"https:\/\/api.w.org\/{rel}","templated":true}]}}