{"id":11425,"date":"2026-01-02T10:35:13","date_gmt":"2026-01-02T10:35:13","guid":{"rendered":"https:\/\/tegelpartner.com\/?post_type=product&#038;p=11425"},"modified":"2026-01-02T20:15:31","modified_gmt":"2026-01-02T20:15:31","slug":"breccia-marino-naturel-kopie-kopie-kopie-kopie-kopie-kopie-kopie-kopie-kopie","status":"publish","type":"product","link":"https:\/\/tegelpartner.com\/de\/produkt\/breccia-marino-naturel-kopie-kopie-kopie-kopie-kopie-kopie-kopie-kopie-kopie\/","title":{"rendered":"Nessa Marfil"},"content":{"rendered":"<p data-start=\"55\" data-end=\"127\"><strong data-start=\"55\" data-end=\"127\">Moka Grey \u2013 Zeitloser Stil von Tegelpartner<\/strong><\/p>\n<p data-start=\"129\" data-end=\"412\">Moka Grey ist eine elegante Feinsteinzeugfliese mit edler Natursteinoptik in warmen Graut\u00f6nen.<br \/>\nDie ruhige und dennoch charaktervolle Farbe sowie die dezente Textur schaffen eine stilvolle und einladende Grundlage f\u00fcr jeden Raum und harmonieren perfekt mit modernen wie klassischen Interieurs.<\/p>\n<p data-start=\"414\" data-end=\"808\">Diese Fliese eignet sich sowohl f\u00fcr Wand als auch Boden und wird einzeln geliefert. Die rektifizierten Kanten erm\u00f6glichen besonders saubere Fugen und tragen so zu einem harmonischen und hochwertigen Ergebnis bei. Dar\u00fcber hinaus ist Moka Grey frostbest\u00e4ndig und somit ideal f\u00fcr den Innen- und Au\u00dfenbereich geeignet \u2013 beispielsweise f\u00fcr Badezimmer, Wohnzimmer, K\u00fcchen oder Terrassen.  <\/p>\n<h3 data-start=\"810\" data-end=\"864\">Ihr Stil, unsere Spezialit\u00e4t \u2013 auch im Bereich individueller Designs<\/h3>\n<p data-start=\"866\" data-end=\"1313\">Bei Tegelpartner dreht sich alles um Individualit\u00e4t und Pers\u00f6nlichkeit. Gef\u00e4llt Ihnen die Qualit\u00e4t und der attraktive Preis dieser Fliese, aber Sie suchen eine andere Farbe, Textur oder ein einzigartiges Design? Wir bieten auch individuelle Drucke und ma\u00dfgeschneiderte L\u00f6sungen an. Denken Sie an einen individuellen Farbton, eine einzigartige Textur oder ein komplett personalisiertes Design, das perfekt zu Ihrer Inneneinrichtung passt. F\u00fcr weitere Informationen senden Sie eine E-Mail an <a class=\"decorated-link cursor-pointer\" rel=\"noopener\" data-start=\"1289\" data-end=\"1310\">info@tegelpartner.com<\/a>.  <\/p>\n<p data-start=\"1315\" data-end=\"1552\">Bitte beachten Sie: Restliche Fliesen sind vom Umtausch ausgeschlossen. Die Farbe der Fliese auf dem Bild kann geringf\u00fcgig von der tats\u00e4chlichen Farbe abweichen.  Wir empfehlen, einige Ersatzfliesen f\u00fcr einen sp\u00e4teren Austausch oder eine Reparatur aufzubewahren.<\/p>\n","protected":false},"excerpt":{"rendered":"<p data-start=\"1605\" data-end=\"1755\">Die Fliese \u201eMoka Grey\u201c ist eine Feinsteinzeugfliese mit einer edlen Natursteinoptik in warmen Graut\u00f6nen \u2013 eine zeitlose Wahl f\u00fcr jedes Interieur.<\/p>\n","protected":false},"featured_media":11930,"comment_status":"open","ping_status":"closed","template":"","meta":[],"product_brand":[],"product_cat":[96],"product_tag":[],"class_list":{"0":"post-11425","1":"product","2":"type-product","3":"status-publish","4":"has-post-thumbnail","6":"product_cat-fliesen","8":"first","9":"instock","10":"taxable","11":"shipping-taxable","12":"purchasable","13":"product-type-simple"},"_links":{"self":[{"href":"https:\/\/tegelpartner.com\/de\/wp-json\/wp\/v2\/product\/11425","targetHints":{"allow":["GET"]}}],"collection":[{"href":"https:\/\/tegelpartner.com\/de\/wp-json\/wp\/v2\/product"}],"about":[{"href":"https:\/\/tegelpartner.com\/de\/wp-json\/wp\/v2\/types\/product"}],"replies":[{"embeddable":true,"href":"https:\/\/tegelpartner.com\/de\/wp-json\/wp\/v2\/comments?post=11425"}],"wp:featuredmedia":[{"embeddable":true,"href":"https:\/\/tegelpartner.com\/de\/wp-json\/wp\/v2\/media\/11930"}],"wp:attachment":[{"href":"https:\/\/tegelpartner.com\/de\/wp-json\/wp\/v2\/media?parent=11425"}],"wp:term":[{"taxonomy":"product_brand","embeddable":true,"href":"https:\/\/tegelpartner.com\/de\/wp-json\/wp\/v2\/product_brand?post=11425"},{"taxonomy":"product_cat","embeddable":true,"href":"https:\/\/tegelpartner.com\/de\/wp-json\/wp\/v2\/product_cat?post=11425"},{"taxonomy":"product_tag","embeddable":true,"href":"https:\/\/tegelpartner.com\/de\/wp-json\/wp\/v2\/product_tag?post=11425"}],"curies":[{"name":"wp","href":"https:\/\/api.w.org\/{rel}","templated":true}]}}