{"id":11397,"date":"2026-01-02T10:31:44","date_gmt":"2026-01-02T10:31:44","guid":{"rendered":"https:\/\/tegelpartner.com\/?post_type=product&#038;p=11397"},"modified":"2026-01-02T20:20:40","modified_gmt":"2026-01-02T20:20:40","slug":"breccia-marino-naturel-kopie-kopie-kopie-kopie-kopie-kopie-kopie","status":"publish","type":"product","link":"https:\/\/tegelpartner.com\/de\/produkt\/breccia-marino-naturel-kopie-kopie-kopie-kopie-kopie-kopie-kopie\/","title":{"rendered":"Mantra Holzkohle"},"content":{"rendered":"<p data-start=\"55\" data-end=\"141\"><strong data-start=\"55\" data-end=\"141\">Mantra Charcoal \u2013 Robuster und moderner Look von Tegelpartner<\/strong><\/p>\n<p data-start=\"143\" data-end=\"457\">Mantra Charcoal ist eine hochwertige Feinsteinzeugfliese mit einer tiefen, anthrazitfarbenen Oberfl\u00e4che und einer modernen, industriellen \u00c4sthetik. Ihr satter, dunkler Farbton und die dezente Textur bilden eine ausdrucksstarke und stilvolle Grundlage f\u00fcr jeden Raum und harmonieren perfekt mit modernen, minimalistischen und zeitgen\u00f6ssischen Interieurs.<\/p>\n<p data-start=\"459\" data-end=\"836\">Diese Fliese eignet sich sowohl f\u00fcr Wand als auch Boden und wird einzeln geliefert. Die rektifizierten Kanten erm\u00f6glichen besonders schmale Fugen und sorgen so f\u00fcr ein elegantes und harmonisches Erscheinungsbild. Dar\u00fcber hinaus ist Mantra Charcoal frostbest\u00e4ndig und somit ideal f\u00fcr Innen- und Au\u00dfenbereiche wie Badezimmer, Wohnzimmer, K\u00fcchen oder Terrassen.  <\/p>\n<h3 data-start=\"838\" data-end=\"892\">Ihr Stil, unsere Spezialit\u00e4t \u2013 auch im Bereich individueller Designs<\/h3>\n<p data-start=\"894\" data-end=\"1344\">Bei Tegelpartner dreht sich alles um Individualit\u00e4t und Pers\u00f6nlichkeit. Gef\u00e4llt Ihnen die Qualit\u00e4t und der attraktive Preis dieser Fliese, aber Sie suchen eine andere Farbe, Textur oder ein einzigartiges Design? Wir bieten auch individuelle Drucke und ma\u00dfgeschneiderte L\u00f6sungen an. Denken Sie an eine individuelle Farbvariante, eine einzigartige Textur oder ein komplett personalisiertes Design, das perfekt zu Ihrer Inneneinrichtung passt. F\u00fcr weitere Informationen senden Sie eine E-Mail an <a class=\"decorated-link cursor-pointer\" rel=\"noopener\" data-start=\"1320\" data-end=\"1341\">info@tegelpartner.com<\/a>.  <\/p>\n<p data-start=\"1346\" data-end=\"1585\">Bitte beachten Sie: Restliche Fliesen sind vom Umtausch ausgeschlossen. Die Farbe der Fliese auf dem Bild kann geringf\u00fcgig von der tats\u00e4chlichen Farbe abweichen.  Wir empfehlen, einige Ersatzfliesen f\u00fcr einen sp\u00e4teren Austausch oder eine Reparatur aufzubewahren.<\/p>\n","protected":false},"excerpt":{"rendered":"<p data-start=\"1605\" data-end=\"1755\">Die Fliese Mantra Charcoal ist eine Feinsteinzeugfliese in einem tiefen Anthrazitton mit einem modernen, robusten Look \u2013 perfekt f\u00fcr zeitgen\u00f6ssische Interieurs.<\/p>\n","protected":false},"featured_media":11942,"comment_status":"open","ping_status":"closed","template":"","meta":[],"product_brand":[],"product_cat":[96],"product_tag":[],"class_list":{"0":"post-11397","1":"product","2":"type-product","3":"status-publish","4":"has-post-thumbnail","6":"product_cat-fliesen","8":"first","9":"instock","10":"taxable","11":"shipping-taxable","12":"purchasable","13":"product-type-simple"},"_links":{"self":[{"href":"https:\/\/tegelpartner.com\/de\/wp-json\/wp\/v2\/product\/11397","targetHints":{"allow":["GET"]}}],"collection":[{"href":"https:\/\/tegelpartner.com\/de\/wp-json\/wp\/v2\/product"}],"about":[{"href":"https:\/\/tegelpartner.com\/de\/wp-json\/wp\/v2\/types\/product"}],"replies":[{"embeddable":true,"href":"https:\/\/tegelpartner.com\/de\/wp-json\/wp\/v2\/comments?post=11397"}],"wp:featuredmedia":[{"embeddable":true,"href":"https:\/\/tegelpartner.com\/de\/wp-json\/wp\/v2\/media\/11942"}],"wp:attachment":[{"href":"https:\/\/tegelpartner.com\/de\/wp-json\/wp\/v2\/media?parent=11397"}],"wp:term":[{"taxonomy":"product_brand","embeddable":true,"href":"https:\/\/tegelpartner.com\/de\/wp-json\/wp\/v2\/product_brand?post=11397"},{"taxonomy":"product_cat","embeddable":true,"href":"https:\/\/tegelpartner.com\/de\/wp-json\/wp\/v2\/product_cat?post=11397"},{"taxonomy":"product_tag","embeddable":true,"href":"https:\/\/tegelpartner.com\/de\/wp-json\/wp\/v2\/product_tag?post=11397"}],"curies":[{"name":"wp","href":"https:\/\/api.w.org\/{rel}","templated":true}]}}