{"id":11341,"date":"2026-01-02T10:22:33","date_gmt":"2026-01-02T10:22:33","guid":{"rendered":"https:\/\/tegelpartner.com\/?post_type=product&#038;p=11341"},"modified":"2026-01-03T11:45:03","modified_gmt":"2026-01-03T11:45:03","slug":"breccia-marino-naturel-kopie-kopie-kopie","status":"publish","type":"product","link":"https:\/\/tegelpartner.com\/de\/produkt\/breccia-marino-naturel-kopie-kopie-kopie\/","title":{"rendered":"Celia Sand"},"content":{"rendered":"<p data-start=\"55\" data-end=\"143\"><strong data-start=\"55\" data-end=\"143\">Celia Sand \u2013 Sanfte, nat\u00fcrliche Eleganz von Tegelpartner<\/strong><\/p>\n<p data-start=\"145\" data-end=\"428\">Celia Sand ist eine edle Feinsteinzeugfliese mit einer ruhigen, nat\u00fcrlichen Steinoptik und einem warmen, sandfarbenen Farbton.<br \/>\nDie dezente Textur und die matte, nat\u00fcrliche Oberfl\u00e4che ergeben ein harmonisches Gesamtbild, das sich perfekt in moderne wie auch zeitlose Interieurs einf\u00fcgt.<\/p>\n<p data-start=\"430\" data-end=\"828\">Diese Fliese eignet sich sowohl f\u00fcr Wand als auch Boden und wird einzeln geliefert. Die rektifizierten Kanten erm\u00f6glichen saubere, minimalistische Fugen und erzeugen so eine luxuri\u00f6se und gro\u00dfz\u00fcgige Wirkung. Dar\u00fcber hinaus ist Celia Sand frostbest\u00e4ndig und somit ideal f\u00fcr Innen- und Au\u00dfenbereiche wie Badezimmer, Wohnzimmer, K\u00fcchen und Terrassen.  <\/p>\n<h3 data-start=\"830\" data-end=\"884\">Ihr Stil, unsere Spezialit\u00e4t \u2013 auch im Bereich individueller Designs<\/h3>\n<p data-start=\"886\" data-end=\"1208\">Bei Tegelpartner steht Individualit\u00e4t im Mittelpunkt. Gefallen Ihnen Qualit\u00e4t und Preis dieser Fliese, aber Sie suchen eine andere Farbe, Textur oder Optik? Wir bieten auch individuelle Drucke und ma\u00dfgeschneiderte L\u00f6sungen an. Von einem individuellen Sandton bis hin zu einem komplett personalisierten Design, das perfekt zu Ihren Einrichtungsw\u00fcnschen passt. <\/p>\n<p data-start=\"1210\" data-end=\"1276\">F\u00fcr weitere Informationen senden Sie bitte eine E-Mail an <a class=\"decorated-link cursor-pointer\" rel=\"noopener\" data-start=\"1252\" data-end=\"1273\">info@tegelpartner.com<\/a>.<\/p>\n<p data-start=\"1278\" data-end=\"1515\">Bitte beachten Sie: Restliche Fliesen sind vom Umtausch ausgeschlossen. Die Farbe der Fliese auf dem Bild kann geringf\u00fcgig von der tats\u00e4chlichen Farbe abweichen.  Wir empfehlen, einige Ersatzfliesen f\u00fcr einen sp\u00e4teren Austausch oder eine Reparatur aufzubewahren.<\/p>\n","protected":false},"excerpt":{"rendered":"<p data-start=\"1603\" data-end=\"1814\">Celia Sand ist eine Feinsteinzeugfliese mit dezenter Natursteinoptik und einem warmen Sandton.<br \/>\nEine zeitlose Basis, die sich m\u00fchelos in moderne wie auch klassische Interieurs einf\u00fcgt.<\/p>\n","protected":false},"featured_media":11967,"comment_status":"open","ping_status":"closed","template":"","meta":[],"product_brand":[],"product_cat":[96],"product_tag":[],"class_list":{"0":"post-11341","1":"product","2":"type-product","3":"status-publish","4":"has-post-thumbnail","6":"product_cat-fliesen","8":"first","9":"instock","10":"taxable","11":"shipping-taxable","12":"purchasable","13":"product-type-simple"},"_links":{"self":[{"href":"https:\/\/tegelpartner.com\/de\/wp-json\/wp\/v2\/product\/11341","targetHints":{"allow":["GET"]}}],"collection":[{"href":"https:\/\/tegelpartner.com\/de\/wp-json\/wp\/v2\/product"}],"about":[{"href":"https:\/\/tegelpartner.com\/de\/wp-json\/wp\/v2\/types\/product"}],"replies":[{"embeddable":true,"href":"https:\/\/tegelpartner.com\/de\/wp-json\/wp\/v2\/comments?post=11341"}],"wp:featuredmedia":[{"embeddable":true,"href":"https:\/\/tegelpartner.com\/de\/wp-json\/wp\/v2\/media\/11967"}],"wp:attachment":[{"href":"https:\/\/tegelpartner.com\/de\/wp-json\/wp\/v2\/media?parent=11341"}],"wp:term":[{"taxonomy":"product_brand","embeddable":true,"href":"https:\/\/tegelpartner.com\/de\/wp-json\/wp\/v2\/product_brand?post=11341"},{"taxonomy":"product_cat","embeddable":true,"href":"https:\/\/tegelpartner.com\/de\/wp-json\/wp\/v2\/product_cat?post=11341"},{"taxonomy":"product_tag","embeddable":true,"href":"https:\/\/tegelpartner.com\/de\/wp-json\/wp\/v2\/product_tag?post=11341"}],"curies":[{"name":"wp","href":"https:\/\/api.w.org\/{rel}","templated":true}]}}