{"id":11327,"date":"2026-01-02T10:20:09","date_gmt":"2026-01-02T10:20:09","guid":{"rendered":"https:\/\/tegelpartner.com\/?post_type=product&#038;p=11327"},"modified":"2026-01-03T11:59:06","modified_gmt":"2026-01-03T11:59:06","slug":"breccia-marino-naturel-kopie-kopie","status":"publish","type":"product","link":"https:\/\/tegelpartner.com\/de\/produkt\/breccia-marino-naturel-kopie-kopie\/","title":{"rendered":"Cassune Mix"},"content":{"rendered":"<p data-start=\"55\" data-end=\"144\"><strong data-start=\"55\" data-end=\"144\">Cassune Mix \u2013 Charakteristischer Naturstein-Look von Tegelpartner<\/strong><\/p>\n<p data-start=\"146\" data-end=\"448\">Cassun\u00e9 Mix ist eine au\u00dfergew\u00f6hnliche Feinsteinzeugfliese mit lebendiger Natursteinoptik und einer raffinierten Mischung sanfter Farbnuancen.<br \/>\nDas subtile Zusammenspiel von Farben und Texturen verleiht jedem Raum eine einzigartige, warme und charaktervolle Atmosph\u00e4re, w\u00e4hrend die ruhige Basis f\u00fcr Ausgewogenheit und zeitlose Eleganz sorgt.<\/p>\n<p data-start=\"450\" data-end=\"849\">Diese Fliese eignet sich sowohl f\u00fcr Wand als auch Boden und wird einzeln geliefert. Die rektifizierten Kanten sorgen f\u00fcr einen glatten, sauberen Abschluss an den Fugen und tragen so zu einer modernen und hochwertigen Optik bei. Dar\u00fcber hinaus ist Cassune Mix frostbest\u00e4ndig und somit ideal f\u00fcr den Innen- und Au\u00dfenbereich geeignet, beispielsweise f\u00fcr Badezimmer, Wohnzimmer, K\u00fcchen und Terrassen.  <\/p>\n<h3 data-start=\"851\" data-end=\"905\">Ihr Stil, unsere Spezialit\u00e4t \u2013 auch im Bereich individueller Designs<\/h3>\n<p data-start=\"907\" data-end=\"1276\">Bei Tegelpartner setzen wir auf Individualit\u00e4t und ma\u00dfgeschneiderte L\u00f6sungen. Gefallen Ihnen Qualit\u00e4t und Preis dieser Fliese, aber Sie w\u00fcnschen sich eine andere Farbe, ein anderes Design oder eine andere Optik? Wir bieten auch individuelle Drucke und ma\u00dfgeschneiderte L\u00f6sungen an. Stellen Sie sich Ihr eigenes Natursteinmuster, einen individuellen Farbton oder ein komplett personalisiertes Design vor, das perfekt zu Ihrer Einrichtung passt. <\/p>\n<p data-start=\"1278\" data-end=\"1344\">F\u00fcr weitere Informationen senden Sie bitte eine E-Mail an <a class=\"decorated-link cursor-pointer\" rel=\"noopener\" data-start=\"1320\" data-end=\"1341\">info@tegelpartner.com<\/a>.<\/p>\n<p data-start=\"1346\" data-end=\"1583\">Bitte beachten Sie: Restliche Fliesen sind vom Umtausch ausgeschlossen. Die Farbe der Fliese auf dem Bild kann geringf\u00fcgig von der tats\u00e4chlichen Farbe abweichen.  Wir empfehlen, einige Ersatzfliesen f\u00fcr einen sp\u00e4teren Austausch oder eine Reparatur aufzubewahren.<\/p>\n","protected":false},"excerpt":{"rendered":"<p data-start=\"1603\" data-end=\"1814\">Cassune Mix ist eine Feinsteinzeugfliese mit lebendiger Natursteinoptik und einer dezenten Mischung warmer Farbt\u00f6ne.<br \/>\nEine charaktervolle Wahl, die sich perfekt in moderne wie auch stimmungsvolle, klassische Interieurs einf\u00fcgt.<\/p>\n","protected":false},"featured_media":11973,"comment_status":"open","ping_status":"closed","template":"","meta":[],"product_brand":[],"product_cat":[96],"product_tag":[],"class_list":{"0":"post-11327","1":"product","2":"type-product","3":"status-publish","4":"has-post-thumbnail","6":"product_cat-fliesen","8":"first","9":"instock","10":"taxable","11":"shipping-taxable","12":"purchasable","13":"product-type-simple"},"_links":{"self":[{"href":"https:\/\/tegelpartner.com\/de\/wp-json\/wp\/v2\/product\/11327","targetHints":{"allow":["GET"]}}],"collection":[{"href":"https:\/\/tegelpartner.com\/de\/wp-json\/wp\/v2\/product"}],"about":[{"href":"https:\/\/tegelpartner.com\/de\/wp-json\/wp\/v2\/types\/product"}],"replies":[{"embeddable":true,"href":"https:\/\/tegelpartner.com\/de\/wp-json\/wp\/v2\/comments?post=11327"}],"wp:featuredmedia":[{"embeddable":true,"href":"https:\/\/tegelpartner.com\/de\/wp-json\/wp\/v2\/media\/11973"}],"wp:attachment":[{"href":"https:\/\/tegelpartner.com\/de\/wp-json\/wp\/v2\/media?parent=11327"}],"wp:term":[{"taxonomy":"product_brand","embeddable":true,"href":"https:\/\/tegelpartner.com\/de\/wp-json\/wp\/v2\/product_brand?post=11327"},{"taxonomy":"product_cat","embeddable":true,"href":"https:\/\/tegelpartner.com\/de\/wp-json\/wp\/v2\/product_cat?post=11327"},{"taxonomy":"product_tag","embeddable":true,"href":"https:\/\/tegelpartner.com\/de\/wp-json\/wp\/v2\/product_tag?post=11327"}],"curies":[{"name":"wp","href":"https:\/\/api.w.org\/{rel}","templated":true}]}}