{"id":11032,"date":"2025-11-06T14:32:35","date_gmt":"2025-11-06T14:32:35","guid":{"rendered":"https:\/\/tegelpartner.com\/product\/vena-vecchia-glans\/"},"modified":"2025-11-06T14:32:35","modified_gmt":"2025-11-06T14:32:35","slug":"vena-vecchia-glans","status":"publish","type":"product","link":"https:\/\/tegelpartner.com\/de\/produkt\/vena-vecchia-glans\/?tp_size_option=1","title":{"rendered":"Vena Vecchia Glans"},"content":{"rendered":"<p><span style=\"font-weight: 400;\">Entdecken Sie Vena Vecchia Gloss von Tegelpartner \u2013 eine exklusive Feinsteinzeugfliese in eleganter Marmoroptik. Dank ihrer edlen, gl\u00e4nzenden Oberfl\u00e4che und der gro\u00dfz\u00fcgigen Formate 60 x 120 cm oder 120 x 120 cm verleihen Sie jedem Raum ein luxuri\u00f6ses und zeitloses Ambiente. <\/span><\/p>\n<p><span style=\"font-weight: 400;\">Die Fliese Vena Vecchia Gloss eignet sich sowohl f\u00fcr Wand als auch f\u00fcr Boden und wird einzeln geliefert (1,44 m\u00b2 pro Karton). Die rektifizierten Kanten sorgen f\u00fcr saubere Fugen und eine ruhige, moderne Optik. Zudem ist die Fliese frostbest\u00e4ndig und somit f\u00fcr den Innen- und Au\u00dfenbereich geeignet \u2013 ideal f\u00fcr Badezimmer, K\u00fcchen oder Terrassen.  <\/span><\/p>\n<p><span style=\"font-weight: 400;\">Ihr Stil, unsere Spezialit\u00e4t \u2013 auch im Bereich individueller Designs<\/span><\/p>\n<p data-start=\"526\" data-end=\"835\">Bei Tegelpartner dreht sich alles um Individualit\u00e4t und Pers\u00f6nlichkeit. Ist die gew\u00fcnschte Farbe oder das gew\u00fcnschte Muster nicht sofort dabei, aber die Qualit\u00e4t und der attraktive Preis dieser Fliese sprechen Sie an? Wir bieten auch individuelle Drucke und ma\u00dfgeschneiderte L\u00f6sungen an. Stellen Sie sich ein einzigartiges Marmormuster, einen bestimmten Farbton oder ein komplett individuelles Design vor, das perfekt zu Ihrer Inneneinrichtung passt. F\u00fcr weitere Informationen senden Sie eine E-Mail an info@tegelpartner.com.<\/p>\n<p data-start=\"526\" data-end=\"835\">Bitte beachten Sie: Nicht verwendete Fliesen k\u00f6nnen nicht zur\u00fcckgegeben werden. Die Fliesenfarbe auf dem Bild kann geringf\u00fcgig von der tats\u00e4chlichen Farbe abweichen. Wir empfehlen Ihnen, einige Fliesen f\u00fcr einen sp\u00e4teren Austausch oder eine Reparatur aufzubewahren.<\/p>\n","protected":false},"excerpt":{"rendered":"<p><span style=\"font-weight: 400;\">Entdecken Sie Vena Vecchia Gloss von Tegelpartner \u2013 eine exklusive Feinsteinzeugfliese mit eleganter Marmoroptik.<\/span><\/p>\n","protected":false},"featured_media":12006,"comment_status":"open","ping_status":"closed","template":"","meta":[],"product_brand":[],"product_cat":[96],"product_tag":[],"class_list":{"0":"post-11032","1":"product","2":"type-product","3":"status-publish","4":"has-post-thumbnail","6":"product_cat-fliesen","8":"first","9":"instock","10":"taxable","11":"shipping-taxable","12":"purchasable","13":"product-type-simple"},"_links":{"self":[{"href":"https:\/\/tegelpartner.com\/de\/wp-json\/wp\/v2\/product\/11032","targetHints":{"allow":["GET"]}}],"collection":[{"href":"https:\/\/tegelpartner.com\/de\/wp-json\/wp\/v2\/product"}],"about":[{"href":"https:\/\/tegelpartner.com\/de\/wp-json\/wp\/v2\/types\/product"}],"replies":[{"embeddable":true,"href":"https:\/\/tegelpartner.com\/de\/wp-json\/wp\/v2\/comments?post=11032"}],"wp:featuredmedia":[{"embeddable":true,"href":"https:\/\/tegelpartner.com\/de\/wp-json\/wp\/v2\/media\/12006"}],"wp:attachment":[{"href":"https:\/\/tegelpartner.com\/de\/wp-json\/wp\/v2\/media?parent=11032"}],"wp:term":[{"taxonomy":"product_brand","embeddable":true,"href":"https:\/\/tegelpartner.com\/de\/wp-json\/wp\/v2\/product_brand?post=11032"},{"taxonomy":"product_cat","embeddable":true,"href":"https:\/\/tegelpartner.com\/de\/wp-json\/wp\/v2\/product_cat?post=11032"},{"taxonomy":"product_tag","embeddable":true,"href":"https:\/\/tegelpartner.com\/de\/wp-json\/wp\/v2\/product_tag?post=11032"}],"curies":[{"name":"wp","href":"https:\/\/api.w.org\/{rel}","templated":true}]}}