{"id":11022,"date":"2025-11-06T14:54:11","date_gmt":"2025-11-06T14:54:11","guid":{"rendered":"https:\/\/tegelpartner.com\/product\/breccia-marino-naturel\/"},"modified":"2025-11-06T14:54:11","modified_gmt":"2025-11-06T14:54:11","slug":"breccia-marino-naturel","status":"publish","type":"product","link":"https:\/\/tegelpartner.com\/de\/produkt\/breccia-marino-naturel\/","title":{"rendered":"Breccia Marino Naturel"},"content":{"rendered":"<p><b>Breccia Marina Natural \u2013 Fliesen in Natursteinoptik von Tegelpartner<\/b><\/p>\n<p>Erleben Sie pure Eleganz mit Breccia Marina Natural von Tegelpartner \u2013 einer exklusiven Feinsteinzeugfliese mit edler Natursteinoptik.<span style=\"font-weight: 400;\"><br \/>\n<\/span>Die gro\u00dfz\u00fcgigen Abmessungen von 120 x 120 cm und der nat\u00fcrliche, sanfte Glanz erzeugen eine luxuri\u00f6se Optik, die sich perfekt in moderne wie auch klassische Interieurs einf\u00fcgt.<\/p>\n<p>Breccia Marina Natural eignet sich sowohl als Wand- als auch als Bodenfliese und wird einzeln geliefert (1,44 m\u00b2 pro Karton). Die rektifizierten Kanten erm\u00f6glichen besonders schmale Fugen und sorgen so f\u00fcr eine elegante Optik. Dar\u00fcber hinaus ist diese Fliese frostbest\u00e4ndig und somit ideal f\u00fcr Innen- und Au\u00dfenbereiche wie Badezimmer, Wohnzimmer, K\u00fcchen oder Terrassen.<\/p>\n<p><b>Ihr Stil, unsere Spezialit\u00e4t \u2013 auch im Bereich individueller Designs<\/b><\/p>\n<p data-start=\"526\" data-end=\"835\">Bei Tegelpartner dreht sich alles um Individualit\u00e4t und Pers\u00f6nlichkeit. Ist die gew\u00fcnschte Farbe oder das gew\u00fcnschte Muster nicht sofort dabei, aber die Qualit\u00e4t und der attraktive Preis dieser Fliese sprechen Sie an? Wir bieten auch individuelle Drucke und ma\u00dfgeschneiderte L\u00f6sungen an. Stellen Sie sich ein einzigartiges Marmormuster, einen bestimmten Farbton oder ein komplett individuelles Design vor, das perfekt zu Ihrer Inneneinrichtung passt. F\u00fcr weitere Informationen senden Sie eine E-Mail an info@tegelpartner.com.<\/p>\n<p data-start=\"526\" data-end=\"835\">Bitte beachten Sie: Nicht verwendete Fliesen k\u00f6nnen nicht zur\u00fcckgegeben werden. Die Fliesenfarbe auf dem Bild kann geringf\u00fcgig von der tats\u00e4chlichen Farbe abweichen. Wir empfehlen Ihnen, einige Fliesen f\u00fcr einen sp\u00e4teren Austausch oder eine Reparatur aufzubewahren.<\/p>\n","protected":false},"excerpt":{"rendered":"<p>Erleben Sie pure Eleganz mit Breccia Marina Natural von Tegelpartner \u2013 einer exklusiven Feinsteinzeugfliese in edler Natursteinoptik.<br \/>\nDas gro\u00dfz\u00fcgige Format von 120 x 120 cm und der nat\u00fcrliche, sanfte Glanz verleihen Ihren R\u00e4umen ein luxuri\u00f6ses Ambiente, das sich perfekt in moderne wie auch klassische Interieurs einf\u00fcgt.<\/p>\n","protected":false},"featured_media":11987,"comment_status":"open","ping_status":"closed","template":"","meta":[],"product_brand":[],"product_cat":[96],"product_tag":[],"class_list":{"0":"post-11022","1":"product","2":"type-product","3":"status-publish","4":"has-post-thumbnail","6":"product_cat-fliesen","8":"first","9":"instock","10":"taxable","11":"shipping-taxable","12":"purchasable","13":"product-type-simple"},"_links":{"self":[{"href":"https:\/\/tegelpartner.com\/de\/wp-json\/wp\/v2\/product\/11022","targetHints":{"allow":["GET"]}}],"collection":[{"href":"https:\/\/tegelpartner.com\/de\/wp-json\/wp\/v2\/product"}],"about":[{"href":"https:\/\/tegelpartner.com\/de\/wp-json\/wp\/v2\/types\/product"}],"replies":[{"embeddable":true,"href":"https:\/\/tegelpartner.com\/de\/wp-json\/wp\/v2\/comments?post=11022"}],"wp:featuredmedia":[{"embeddable":true,"href":"https:\/\/tegelpartner.com\/de\/wp-json\/wp\/v2\/media\/11987"}],"wp:attachment":[{"href":"https:\/\/tegelpartner.com\/de\/wp-json\/wp\/v2\/media?parent=11022"}],"wp:term":[{"taxonomy":"product_brand","embeddable":true,"href":"https:\/\/tegelpartner.com\/de\/wp-json\/wp\/v2\/product_brand?post=11022"},{"taxonomy":"product_cat","embeddable":true,"href":"https:\/\/tegelpartner.com\/de\/wp-json\/wp\/v2\/product_cat?post=11022"},{"taxonomy":"product_tag","embeddable":true,"href":"https:\/\/tegelpartner.com\/de\/wp-json\/wp\/v2\/product_tag?post=11022"}],"curies":[{"name":"wp","href":"https:\/\/api.w.org\/{rel}","templated":true}]}}